{"id":840,"date":"2019-08-30T00:30:54","date_gmt":"2019-08-29T22:30:54","guid":{"rendered":"http:\/\/lctufbf.cluster020.hosting.ovh.net\/?page_id=840"},"modified":"2019-08-30T00:30:54","modified_gmt":"2019-08-29T22:30:54","slug":"ymca","status":"publish","type":"page","link":"https:\/\/fanfare-zebaliz.com\/index.php\/partoches\/ymca\/","title":{"rendered":"YMCA"},"content":{"rendered":"\n<div class=\"wp-block-themeisle-blocks-advanced-columns has-1-columns has-desktop-equal-layout has-tablet-equal-layout has-mobile-equal-layout has-default-gap has-vertical-unset\" id=\"wp-block-themeisle-blocks-advanced-columns-7f192f92\" style=\"border-width:0px;border-style:solid;border-color:#000000;border-radius:0px;justify-content:unset\"><div class=\"wp-themeisle-block-overlay\" style=\"opacity:0.5;mix-blend-mode:normal\"><\/div><div class=\"innerblocks-wrap\">\n<div class=\"wp-block-themeisle-blocks-advanced-column\" id=\"wp-block-themeisle-blocks-advanced-column-17cbd099\" style=\"border-width:0px;border-style:solid;border-color:#000000;border-radius:0px\">\n<div class=\"wp-block-image\"><figure class=\"aligncenter\"><img loading=\"lazy\" decoding=\"async\" width=\"600\" height=\"322\" src=\"https:\/\/fanfare-zebaliz.com\/wp-content\/uploads\/2019\/08\/YMCA-parties-s\u00e9par\u00e9es-11.jpg\" alt=\"\" class=\"wp-image-841\"\/><\/figure><\/div>\n<\/div>\n<\/div><\/div>\n\n\n\n<p style=\"text-align:center\"><strong>Z\u00e9baliz avec les gens du village\u00a0!<\/strong><br>Arrgt Georges<\/p>\n\n\n\n<p>\u00c0 la gu\u00e9n\u00e9rale demande, loin devant tous les autres morceaux lors du choix d\u00e9mocratique annuel (cru 2006-2007), Ouaille aime si est (si\u00a0! si\u00a0!) vient au programme. Les fanfarons et Maurice, all\u00e9ch\u00e9s par les promesses de gestuelle faciles, stup\u00e9fiantes et fantastinou\u00efes se jettent \u00e0 corps perdu dans cette musique haute en couleurs.\u00a0Qui sera le motard moustachu, le cow-boy, l\u2019indien, le policier, le militaire ou l\u2019ouvrier\u00a0? Les paris sont ouverts, vous pouvez faire des propositions&#8230;\u00a0En attendant, voici de quoi occuper vos longues soir\u00e9es d\u2019automne et d\u2019hiver.<\/p>\n\n\n\n<div class=\"wp-block-file aligncenter\"><a href=\"https:\/\/fanfare-zebaliz.com\/wp-content\/uploads\/2019\/08\/YMCA-parties-s\u00e9par\u00e9es.pdf\">Les partoches :<\/a><a href=\"https:\/\/fanfare-zebaliz.com\/wp-content\/uploads\/2019\/08\/YMCA-parties-s\u00e9par\u00e9es.pdf\" class=\"wp-block-file__button\" download>T\u00e9l\u00e9charger<\/a><\/div>\n","protected":false},"excerpt":{"rendered":"<p>Z\u00e9baliz avec les gens du village\u00a0!Arrgt Georges \u00c0 la gu\u00e9n\u00e9rale demande, loin devant tous les autres morceaux lors du choix d\u00e9mocratique annuel (cru 2006-2007), Ouaille aime si est (si\u00a0! si\u00a0!) vient au programme. Les fanfarons et Maurice, all\u00e9ch\u00e9s par les promesses de gestuelle faciles, stup\u00e9fiantes et fantastinou\u00efes se jettent \u00e0 [&hellip;]<\/p>\n","protected":false},"author":1,"featured_media":686,"parent":34,"menu_order":0,"comment_status":"closed","ping_status":"closed","template":"","meta":{"footnotes":""},"class_list":["post-840","page","type-page","status-publish","has-post-thumbnail","hentry"],"_links":{"self":[{"href":"https:\/\/fanfare-zebaliz.com\/index.php\/wp-json\/wp\/v2\/pages\/840","targetHints":{"allow":["GET"]}}],"collection":[{"href":"https:\/\/fanfare-zebaliz.com\/index.php\/wp-json\/wp\/v2\/pages"}],"about":[{"href":"https:\/\/fanfare-zebaliz.com\/index.php\/wp-json\/wp\/v2\/types\/page"}],"author":[{"embeddable":true,"href":"https:\/\/fanfare-zebaliz.com\/index.php\/wp-json\/wp\/v2\/users\/1"}],"replies":[{"embeddable":true,"href":"https:\/\/fanfare-zebaliz.com\/index.php\/wp-json\/wp\/v2\/comments?post=840"}],"version-history":[{"count":1,"href":"https:\/\/fanfare-zebaliz.com\/index.php\/wp-json\/wp\/v2\/pages\/840\/revisions"}],"predecessor-version":[{"id":843,"href":"https:\/\/fanfare-zebaliz.com\/index.php\/wp-json\/wp\/v2\/pages\/840\/revisions\/843"}],"up":[{"embeddable":true,"href":"https:\/\/fanfare-zebaliz.com\/index.php\/wp-json\/wp\/v2\/pages\/34"}],"wp:featuredmedia":[{"embeddable":true,"href":"https:\/\/fanfare-zebaliz.com\/index.php\/wp-json\/wp\/v2\/media\/686"}],"wp:attachment":[{"href":"https:\/\/fanfare-zebaliz.com\/index.php\/wp-json\/wp\/v2\/media?parent=840"}],"curies":[{"name":"wp","href":"https:\/\/api.w.org\/{rel}","templated":true}]}}