{"id":825,"date":"2019-08-30T00:20:04","date_gmt":"2019-08-29T22:20:04","guid":{"rendered":"http:\/\/lctufbf.cluster020.hosting.ovh.net\/?page_id=825"},"modified":"2019-08-30T00:20:04","modified_gmt":"2019-08-29T22:20:04","slug":"le-temps-des-fleurs","status":"publish","type":"page","link":"https:\/\/fanfare-zebaliz.com\/index.php\/partoches\/le-temps-des-fleurs\/","title":{"rendered":"Le temps des fleurs"},"content":{"rendered":"\n<div class=\"wp-block-themeisle-blocks-advanced-columns has-1-columns has-desktop-equal-layout has-tablet-equal-layout has-mobile-equal-layout has-default-gap has-vertical-unset\" id=\"wp-block-themeisle-blocks-advanced-columns-3e4d5be7\" style=\"border-width:0px;border-style:solid;border-color:#000000;border-radius:0px;justify-content:unset\"><div class=\"wp-themeisle-block-overlay\" style=\"opacity:0.5;mix-blend-mode:normal\"><\/div><div class=\"innerblocks-wrap\">\n<div class=\"wp-block-themeisle-blocks-advanced-column\" id=\"wp-block-themeisle-blocks-advanced-column-be11db05\" style=\"border-width:0px;border-style:solid;border-color:#000000;border-radius:0px\">\n<div class=\"wp-block-image\"><figure class=\"aligncenter\"><img loading=\"lazy\" decoding=\"async\" width=\"500\" height=\"268\" src=\"https:\/\/fanfare-zebaliz.com\/wp-content\/uploads\/2019\/08\/Temps-de-fleurs.jpg\" alt=\"\" class=\"wp-image-826\"\/><\/figure><\/div>\n<\/div>\n<\/div><\/div>\n\n\n\n<p style=\"text-align:center\"><strong>Une chanson de Dalida<\/strong><br>Arrangement Georges<\/p>\n\n\n\n<p>Un grand, grand air de la fanfare, qui fait tr\u00e9pigner Maurice B, chef chor\u00e9graphe. Il emporte les foules (l\u2019air, mais aussi un peu Maurice, ou plut\u00f4t les danseuses) qui entonnent en ch\u0153ur le refrain ultra-connu, m\u00eame si les paroles\u00a0: \u00ab\u00a0la\u00ef la\u00ef la\u00ef\u00a0\u00bb posent quelques probl\u00e8mes \u00e0 certains (\u00ab\u00a0la la\u00a0\u00bb ou \u00ab\u00a0la\u00ef la\u00ef\u00a0\u00bb ou \u00ab\u00a0la\u00ef la la\u00ef la\u00a0\u00bb\u00a0?&#8230;). Nos danseuses ont travaill\u00e9 d\u2019arrache-pied sous la direction de Maurice B. avant de mettre au point pas de deux, entrechats et autres pirouettes fanfaronnesques, tandis que la basse joue l\u00e0 l\u2019un de ses solos les plus casse-gueule que Marion, in-extremis, interrompt \u00e0 l\u2019alto par une phrase du plus bel effet (en fait c\u2019\u00e9tait les t\u00e9nors qui devaient la jouer&#8230;).<\/p>\n\n\n\n<div class=\"wp-block-file aligncenter\"><a href=\"https:\/\/fanfare-zebaliz.com\/wp-content\/uploads\/2019\/08\/Temps-de-fleurs.pdf\">Les partoches :<\/a><a href=\"https:\/\/fanfare-zebaliz.com\/wp-content\/uploads\/2019\/08\/Temps-de-fleurs.pdf\" class=\"wp-block-file__button\" download>T\u00e9l\u00e9charger<\/a><\/div>\n","protected":false},"excerpt":{"rendered":"<p>Une chanson de DalidaArrangement Georges Un grand, grand air de la fanfare, qui fait tr\u00e9pigner Maurice B, chef chor\u00e9graphe. Il emporte les foules (l\u2019air, mais aussi un peu Maurice, ou plut\u00f4t les danseuses) qui entonnent en ch\u0153ur le refrain ultra-connu, m\u00eame si les paroles\u00a0: \u00ab\u00a0la\u00ef la\u00ef la\u00ef\u00a0\u00bb posent quelques probl\u00e8mes [&hellip;]<\/p>\n","protected":false},"author":1,"featured_media":686,"parent":34,"menu_order":0,"comment_status":"closed","ping_status":"closed","template":"","meta":{"footnotes":""},"class_list":["post-825","page","type-page","status-publish","has-post-thumbnail","hentry"],"_links":{"self":[{"href":"https:\/\/fanfare-zebaliz.com\/index.php\/wp-json\/wp\/v2\/pages\/825","targetHints":{"allow":["GET"]}}],"collection":[{"href":"https:\/\/fanfare-zebaliz.com\/index.php\/wp-json\/wp\/v2\/pages"}],"about":[{"href":"https:\/\/fanfare-zebaliz.com\/index.php\/wp-json\/wp\/v2\/types\/page"}],"author":[{"embeddable":true,"href":"https:\/\/fanfare-zebaliz.com\/index.php\/wp-json\/wp\/v2\/users\/1"}],"replies":[{"embeddable":true,"href":"https:\/\/fanfare-zebaliz.com\/index.php\/wp-json\/wp\/v2\/comments?post=825"}],"version-history":[{"count":1,"href":"https:\/\/fanfare-zebaliz.com\/index.php\/wp-json\/wp\/v2\/pages\/825\/revisions"}],"predecessor-version":[{"id":828,"href":"https:\/\/fanfare-zebaliz.com\/index.php\/wp-json\/wp\/v2\/pages\/825\/revisions\/828"}],"up":[{"embeddable":true,"href":"https:\/\/fanfare-zebaliz.com\/index.php\/wp-json\/wp\/v2\/pages\/34"}],"wp:featuredmedia":[{"embeddable":true,"href":"https:\/\/fanfare-zebaliz.com\/index.php\/wp-json\/wp\/v2\/media\/686"}],"wp:attachment":[{"href":"https:\/\/fanfare-zebaliz.com\/index.php\/wp-json\/wp\/v2\/media?parent=825"}],"curies":[{"name":"wp","href":"https:\/\/api.w.org\/{rel}","templated":true}]}}