{"id":819,"date":"2019-08-30T00:09:32","date_gmt":"2019-08-29T22:09:32","guid":{"rendered":"http:\/\/lctufbf.cluster020.hosting.ovh.net\/?page_id=819"},"modified":"2019-08-30T00:09:33","modified_gmt":"2019-08-29T22:09:33","slug":"scandale-meteo","status":"publish","type":"page","link":"https:\/\/fanfare-zebaliz.com\/index.php\/partoches\/scandale-meteo\/","title":{"rendered":"Scandale m\u00e9t\u00e9o"},"content":{"rendered":"\n<div class=\"wp-block-themeisle-blocks-advanced-columns has-1-columns has-desktop-equal-layout has-tablet-equal-layout has-mobile-equal-layout has-default-gap has-vertical-unset\" id=\"wp-block-themeisle-blocks-advanced-columns-d8a90cbf\" style=\"border-width:0px;border-style:solid;border-color:#000000;border-radius:0px;justify-content:unset\"><div class=\"wp-themeisle-block-overlay\" style=\"opacity:0.5;mix-blend-mode:normal\"><\/div><div class=\"innerblocks-wrap\">\n<div class=\"wp-block-themeisle-blocks-advanced-column\" id=\"wp-block-themeisle-blocks-advanced-column-afb8eacc\" style=\"border-width:0px;border-style:solid;border-color:#000000;border-radius:0px\">\n<div class=\"wp-block-image\"><figure class=\"aligncenter\"><img loading=\"lazy\" decoding=\"async\" width=\"500\" height=\"267\" src=\"https:\/\/fanfare-zebaliz.com\/wp-content\/uploads\/2019\/08\/Scandale.jpg\" alt=\"\" class=\"wp-image-820\"\/><\/figure><\/div>\n<\/div>\n<\/div><\/div>\n\n\n\n<p style=\"text-align:center\"><strong>Un air de la fanfare <em>\u00c0 bout d\u2019souffle<\/em> de Douarnenez <\/strong><br>(arrgt Claquin)<\/p>\n\n\n\n<p>C\u2019est lors d\u2019une rencontre de fanfares \u00e0 Douarn\u2019 que les copains d\u2019<em>A bout d\u2019souffle<\/em> nous ont oblig\u00e9 \u00e0 travailler ce morceau. Grand bien leur fasse\u00a0! Adopt\u00e9 rapidement par Z\u00e9baliz, c\u2019est maintenant une valeur s\u00fbre, une de celles qui d\u00e9marre toute seule, avec m\u00eame un espace pour korusser (encore rare \u00e0 Z\u00e9baliz, mais les nouveaux commencent \u00e0 prendre leur place&#8230;). On y reconna\u00eet facilement un petit bout de \u00ab\u00a0Oh\u00a0! Mama\u00a0!\u00a0\u00bb, et les trompettes se d\u00e9cha\u00eenent dans la deuxi\u00e8me partie. Facile \u00e0 placer, facile \u00e0 jouer, toujours de circonstance\u00a0: temps froid, neigeux, pluvieux, canicule ou gel, il y a toujours \u00e0 dire&#8230;<\/p>\n\n\n\n<div class=\"wp-block-file aligncenter\"><a href=\"https:\/\/fanfare-zebaliz.com\/wp-content\/uploads\/2019\/08\/Scandale.pdf\">Les partoches :<\/a><a href=\"https:\/\/fanfare-zebaliz.com\/wp-content\/uploads\/2019\/08\/Scandale.pdf\" class=\"wp-block-file__button\" download>T\u00e9l\u00e9charger<\/a><\/div>\n","protected":false},"excerpt":{"rendered":"<p>Un air de la fanfare \u00c0 bout d\u2019souffle de Douarnenez (arrgt Claquin) C\u2019est lors d\u2019une rencontre de fanfares \u00e0 Douarn\u2019 que les copains d\u2019A bout d\u2019souffle nous ont oblig\u00e9 \u00e0 travailler ce morceau. Grand bien leur fasse\u00a0! Adopt\u00e9 rapidement par Z\u00e9baliz, c\u2019est maintenant une valeur s\u00fbre, une de celles qui [&hellip;]<\/p>\n","protected":false},"author":1,"featured_media":686,"parent":34,"menu_order":0,"comment_status":"closed","ping_status":"closed","template":"","meta":{"footnotes":""},"class_list":["post-819","page","type-page","status-publish","has-post-thumbnail","hentry"],"_links":{"self":[{"href":"https:\/\/fanfare-zebaliz.com\/index.php\/wp-json\/wp\/v2\/pages\/819","targetHints":{"allow":["GET"]}}],"collection":[{"href":"https:\/\/fanfare-zebaliz.com\/index.php\/wp-json\/wp\/v2\/pages"}],"about":[{"href":"https:\/\/fanfare-zebaliz.com\/index.php\/wp-json\/wp\/v2\/types\/page"}],"author":[{"embeddable":true,"href":"https:\/\/fanfare-zebaliz.com\/index.php\/wp-json\/wp\/v2\/users\/1"}],"replies":[{"embeddable":true,"href":"https:\/\/fanfare-zebaliz.com\/index.php\/wp-json\/wp\/v2\/comments?post=819"}],"version-history":[{"count":1,"href":"https:\/\/fanfare-zebaliz.com\/index.php\/wp-json\/wp\/v2\/pages\/819\/revisions"}],"predecessor-version":[{"id":822,"href":"https:\/\/fanfare-zebaliz.com\/index.php\/wp-json\/wp\/v2\/pages\/819\/revisions\/822"}],"up":[{"embeddable":true,"href":"https:\/\/fanfare-zebaliz.com\/index.php\/wp-json\/wp\/v2\/pages\/34"}],"wp:featuredmedia":[{"embeddable":true,"href":"https:\/\/fanfare-zebaliz.com\/index.php\/wp-json\/wp\/v2\/media\/686"}],"wp:attachment":[{"href":"https:\/\/fanfare-zebaliz.com\/index.php\/wp-json\/wp\/v2\/media?parent=819"}],"curies":[{"name":"wp","href":"https:\/\/api.w.org\/{rel}","templated":true}]}}