{"id":814,"date":"2019-08-30T00:05:42","date_gmt":"2019-08-29T22:05:42","guid":{"rendered":"http:\/\/lctufbf.cluster020.hosting.ovh.net\/?page_id=814"},"modified":"2019-08-30T00:05:42","modified_gmt":"2019-08-29T22:05:42","slug":"oye-como-va","status":"publish","type":"page","link":"https:\/\/fanfare-zebaliz.com\/index.php\/partoches\/oye-como-va\/","title":{"rendered":"Oye como va"},"content":{"rendered":"\n<div class=\"wp-block-themeisle-blocks-advanced-columns has-1-columns has-desktop-equal-layout has-tablet-equal-layout has-mobile-equal-layout has-default-gap has-vertical-unset\" id=\"wp-block-themeisle-blocks-advanced-columns-2e416807\" style=\"border-width:0px;border-style:solid;border-color:#000000;border-radius:0px;justify-content:unset\"><div class=\"wp-themeisle-block-overlay\" style=\"opacity:0.5;mix-blend-mode:normal\"><\/div><div class=\"innerblocks-wrap\">\n<div class=\"wp-block-themeisle-blocks-advanced-column\" id=\"wp-block-themeisle-blocks-advanced-column-b6dabb58\" style=\"border-width:0px;border-style:solid;border-color:#000000;border-radius:0px\">\n<div class=\"wp-block-image\"><figure class=\"aligncenter\"><img loading=\"lazy\" decoding=\"async\" width=\"500\" height=\"271\" src=\"https:\/\/fanfare-zebaliz.com\/wp-content\/uploads\/2019\/08\/Oye-como-va.jpg\" alt=\"\" class=\"wp-image-815\"\/><\/figure><\/div>\n<\/div>\n<\/div><\/div>\n\n\n\n<p style=\"text-align:center\"><strong>Traditionnel (\u00a0?) \u00e9crit par Tito Puente<\/strong><br> et interpr\u00e9t\u00e9 (entre autres) par Santana, arrang\u00e9 par Georges<\/p>\n\n\n\n<p>Un air en fin d\u2019\u00e9laboration et d\u2019arrangement soumis \u00e0 votre sagacit\u00e9 de fanfaron ou d\u2019auditeur (libre). Pour les remarques, les critiques ou les fleurs, s\u2019adresser \u00e0 Herbert Georges von B&#8230;\u00a0Maurice pourra faire remarquer \u00e0 la rangeur que la tonne \u00e0 lisier est la m\u00eame que celle de Santana, ce qui lui donnera l\u2019insigne honneur de la jouer face au port de Camaret pendant que Jany lavera la salade&#8230; Seule contrainte, noter au-dessus ou devant les \u00ab\u00a0do, fa\u00a0\u00bb ou parfois \u00ab\u00a0sol\u00a0\u00bb qui pars\u00e8ment la partoche, des petits \u00ab\u00a0d\u00a0\u00bb ou \u00ab\u00a0#\u00a0\u00bb (pour di\u00e8se), si\u00a0! si\u00a0!<\/p>\n\n\n\n<div class=\"wp-block-file aligncenter\"><a href=\"https:\/\/fanfare-zebaliz.com\/wp-content\/uploads\/2019\/08\/Oye-como-va.pdf\">Les partoches :<\/a><a href=\"https:\/\/fanfare-zebaliz.com\/wp-content\/uploads\/2019\/08\/Oye-como-va.pdf\" class=\"wp-block-file__button\" download>T\u00e9l\u00e9charger<\/a><\/div>\n","protected":false},"excerpt":{"rendered":"<p>Traditionnel (\u00a0?) \u00e9crit par Tito Puente et interpr\u00e9t\u00e9 (entre autres) par Santana, arrang\u00e9 par Georges Un air en fin d\u2019\u00e9laboration et d\u2019arrangement soumis \u00e0 votre sagacit\u00e9 de fanfaron ou d\u2019auditeur (libre). Pour les remarques, les critiques ou les fleurs, s\u2019adresser \u00e0 Herbert Georges von B&#8230;\u00a0Maurice pourra faire remarquer \u00e0 la [&hellip;]<\/p>\n","protected":false},"author":1,"featured_media":686,"parent":34,"menu_order":0,"comment_status":"closed","ping_status":"closed","template":"","meta":{"footnotes":""},"class_list":["post-814","page","type-page","status-publish","has-post-thumbnail","hentry"],"_links":{"self":[{"href":"https:\/\/fanfare-zebaliz.com\/index.php\/wp-json\/wp\/v2\/pages\/814","targetHints":{"allow":["GET"]}}],"collection":[{"href":"https:\/\/fanfare-zebaliz.com\/index.php\/wp-json\/wp\/v2\/pages"}],"about":[{"href":"https:\/\/fanfare-zebaliz.com\/index.php\/wp-json\/wp\/v2\/types\/page"}],"author":[{"embeddable":true,"href":"https:\/\/fanfare-zebaliz.com\/index.php\/wp-json\/wp\/v2\/users\/1"}],"replies":[{"embeddable":true,"href":"https:\/\/fanfare-zebaliz.com\/index.php\/wp-json\/wp\/v2\/comments?post=814"}],"version-history":[{"count":1,"href":"https:\/\/fanfare-zebaliz.com\/index.php\/wp-json\/wp\/v2\/pages\/814\/revisions"}],"predecessor-version":[{"id":817,"href":"https:\/\/fanfare-zebaliz.com\/index.php\/wp-json\/wp\/v2\/pages\/814\/revisions\/817"}],"up":[{"embeddable":true,"href":"https:\/\/fanfare-zebaliz.com\/index.php\/wp-json\/wp\/v2\/pages\/34"}],"wp:featuredmedia":[{"embeddable":true,"href":"https:\/\/fanfare-zebaliz.com\/index.php\/wp-json\/wp\/v2\/media\/686"}],"wp:attachment":[{"href":"https:\/\/fanfare-zebaliz.com\/index.php\/wp-json\/wp\/v2\/media?parent=814"}],"curies":[{"name":"wp","href":"https:\/\/api.w.org\/{rel}","templated":true}]}}