{"id":800,"date":"2019-08-29T23:55:47","date_gmt":"2019-08-29T21:55:47","guid":{"rendered":"http:\/\/lctufbf.cluster020.hosting.ovh.net\/?page_id=800"},"modified":"2019-08-29T23:55:47","modified_gmt":"2019-08-29T21:55:47","slug":"les-filles-du-bord-de-mer","status":"publish","type":"page","link":"https:\/\/fanfare-zebaliz.com\/index.php\/partoches\/les-filles-du-bord-de-mer\/","title":{"rendered":"Les filles du bord de mer"},"content":{"rendered":"\n<div class=\"wp-block-themeisle-blocks-advanced-columns has-1-columns has-desktop-equal-layout has-tablet-equal-layout has-mobile-equal-layout has-default-gap has-vertical-unset\" id=\"wp-block-themeisle-blocks-advanced-columns-43481c2d\" style=\"border-width:0px;border-style:solid;border-color:#000000;border-radius:0px;justify-content:unset\"><div class=\"wp-themeisle-block-overlay\" style=\"opacity:0.5;mix-blend-mode:normal\"><\/div><div class=\"innerblocks-wrap\">\n<div class=\"wp-block-themeisle-blocks-advanced-column\" id=\"wp-block-themeisle-blocks-advanced-column-aa76fd95\" style=\"border-width:0px;border-style:solid;border-color:#000000;border-radius:0px\">\n<div class=\"wp-block-image\"><figure class=\"aligncenter\"><img loading=\"lazy\" decoding=\"async\" width=\"500\" height=\"268\" src=\"https:\/\/fanfare-zebaliz.com\/wp-content\/uploads\/2019\/08\/Filles.jpg\" alt=\"\" class=\"wp-image-801\"\/><\/figure><\/div>\n<\/div>\n<\/div><\/div>\n\n\n\n<p style=\"text-align:center\"><strong>Salvatore Adamo<\/strong>, arrgt Georges<\/p>\n\n\n\n<p>Une g\u00e9n\u00e9rale demande pour cet air qui a franchi sans peine les \u00e9tapes s\u00e9v\u00e8res de la s\u00e9lection annuelle des nouveaux morceaux. Cet air a permis (et permet toujours) aux trombones de montrer leur grand art, notamment dans l\u2019ex\u00e9cution des glissandi (ils jouent donc plusieurs glissando), pas si faciles \u00e0 placer, mais \u00f4 combien essentiels \u00e0 la compr\u00e9hension globale de la musique. Remarquez le travail remarquable des clarinettes qui pompent all\u00e8grement toute la dur\u00e9e du morceau en offrant \u00e0 leurs compagnons un tapis harmonique arp\u00e9g\u00e9 si d\u00e9licat, si sautillant (comme les filles) et plein de fra\u00eecheur (encore comme les filles).<\/p>\n\n\n\n<div class=\"wp-block-file aligncenter\"><a href=\"https:\/\/fanfare-zebaliz.com\/wp-content\/uploads\/2019\/08\/Filles.pdf\">Les partoches :<\/a><a href=\"https:\/\/fanfare-zebaliz.com\/wp-content\/uploads\/2019\/08\/Filles.pdf\" class=\"wp-block-file__button\" download>T\u00e9l\u00e9charger<\/a><\/div>\n","protected":false},"excerpt":{"rendered":"<p>Salvatore Adamo, arrgt Georges Une g\u00e9n\u00e9rale demande pour cet air qui a franchi sans peine les \u00e9tapes s\u00e9v\u00e8res de la s\u00e9lection annuelle des nouveaux morceaux. Cet air a permis (et permet toujours) aux trombones de montrer leur grand art, notamment dans l\u2019ex\u00e9cution des glissandi (ils jouent donc plusieurs glissando), pas [&hellip;]<\/p>\n","protected":false},"author":1,"featured_media":686,"parent":34,"menu_order":0,"comment_status":"closed","ping_status":"closed","template":"","meta":{"footnotes":""},"class_list":["post-800","page","type-page","status-publish","has-post-thumbnail","hentry"],"_links":{"self":[{"href":"https:\/\/fanfare-zebaliz.com\/index.php\/wp-json\/wp\/v2\/pages\/800","targetHints":{"allow":["GET"]}}],"collection":[{"href":"https:\/\/fanfare-zebaliz.com\/index.php\/wp-json\/wp\/v2\/pages"}],"about":[{"href":"https:\/\/fanfare-zebaliz.com\/index.php\/wp-json\/wp\/v2\/types\/page"}],"author":[{"embeddable":true,"href":"https:\/\/fanfare-zebaliz.com\/index.php\/wp-json\/wp\/v2\/users\/1"}],"replies":[{"embeddable":true,"href":"https:\/\/fanfare-zebaliz.com\/index.php\/wp-json\/wp\/v2\/comments?post=800"}],"version-history":[{"count":1,"href":"https:\/\/fanfare-zebaliz.com\/index.php\/wp-json\/wp\/v2\/pages\/800\/revisions"}],"predecessor-version":[{"id":803,"href":"https:\/\/fanfare-zebaliz.com\/index.php\/wp-json\/wp\/v2\/pages\/800\/revisions\/803"}],"up":[{"embeddable":true,"href":"https:\/\/fanfare-zebaliz.com\/index.php\/wp-json\/wp\/v2\/pages\/34"}],"wp:featuredmedia":[{"embeddable":true,"href":"https:\/\/fanfare-zebaliz.com\/index.php\/wp-json\/wp\/v2\/media\/686"}],"wp:attachment":[{"href":"https:\/\/fanfare-zebaliz.com\/index.php\/wp-json\/wp\/v2\/media?parent=800"}],"curies":[{"name":"wp","href":"https:\/\/api.w.org\/{rel}","templated":true}]}}