{"id":780,"date":"2019-08-29T23:42:47","date_gmt":"2019-08-29T21:42:47","guid":{"rendered":"http:\/\/lctufbf.cluster020.hosting.ovh.net\/?page_id=780"},"modified":"2019-08-29T23:42:48","modified_gmt":"2019-08-29T21:42:48","slug":"hurricane-season","status":"publish","type":"page","link":"https:\/\/fanfare-zebaliz.com\/index.php\/partoches\/hurricane-season\/","title":{"rendered":"Hurricane season"},"content":{"rendered":"\n<div class=\"wp-block-themeisle-blocks-advanced-columns has-1-columns has-desktop-equal-layout has-tablet-equal-layout has-mobile-equal-layout has-default-gap has-vertical-unset\" id=\"wp-block-themeisle-blocks-advanced-columns-f3eebc73\" style=\"border-width:0px;border-style:solid;border-color:#000000;border-radius:0px;justify-content:unset\"><div class=\"wp-themeisle-block-overlay\" style=\"opacity:0.5;mix-blend-mode:normal\"><\/div><div class=\"innerblocks-wrap\">\n<div class=\"wp-block-themeisle-blocks-advanced-column\" id=\"wp-block-themeisle-blocks-advanced-column-07fbf63e\" style=\"border-width:0px;border-style:solid;border-color:#000000;border-radius:0px\">\n<div class=\"wp-block-image\"><figure class=\"aligncenter\"><img loading=\"lazy\" decoding=\"async\" width=\"600\" height=\"447\" src=\"https:\/\/fanfare-zebaliz.com\/wp-content\/uploads\/2019\/08\/Hurricane-season-2.mus-1.jpg\" alt=\"\" class=\"wp-image-781\"\/><\/figure><\/div>\n<\/div>\n<\/div><\/div>\n\n\n\n<p style=\"text-align:center\"><strong>par Troy Andrews<\/strong><br>arrangement Georges<\/p>\n\n\n\n<p>Commence par un extraordinaire solo des altos qui donne de suite l&rsquo;ambiance. Toute la fanfare scande ensuite chaque phrase avant d&rsquo;encha\u00eener obstin\u00e9ment huit demis-tons qui hurlent la temp\u00eate. Cet air fut compos\u00e9 en 2005 apr\u00e8s l&rsquo;ouragan Katrina.<\/p>\n\n\n\n<div class=\"wp-block-file aligncenter\"><a href=\"https:\/\/fanfare-zebaliz.com\/wp-content\/uploads\/2019\/08\/Hurricane-tout.pdf\">Les partoches :<\/a><a href=\"https:\/\/fanfare-zebaliz.com\/wp-content\/uploads\/2019\/08\/Hurricane-tout.pdf\" class=\"wp-block-file__button\" download>T\u00e9l\u00e9charger<\/a><\/div>\n","protected":false},"excerpt":{"rendered":"<p>par Troy Andrewsarrangement Georges Commence par un extraordinaire solo des altos qui donne de suite l&rsquo;ambiance. Toute la fanfare scande ensuite chaque phrase avant d&rsquo;encha\u00eener obstin\u00e9ment huit demis-tons qui hurlent la temp\u00eate. Cet air fut compos\u00e9 en 2005 apr\u00e8s l&rsquo;ouragan Katrina.<\/p>\n","protected":false},"author":1,"featured_media":686,"parent":34,"menu_order":0,"comment_status":"closed","ping_status":"closed","template":"","meta":{"footnotes":""},"class_list":["post-780","page","type-page","status-publish","has-post-thumbnail","hentry"],"_links":{"self":[{"href":"https:\/\/fanfare-zebaliz.com\/index.php\/wp-json\/wp\/v2\/pages\/780","targetHints":{"allow":["GET"]}}],"collection":[{"href":"https:\/\/fanfare-zebaliz.com\/index.php\/wp-json\/wp\/v2\/pages"}],"about":[{"href":"https:\/\/fanfare-zebaliz.com\/index.php\/wp-json\/wp\/v2\/types\/page"}],"author":[{"embeddable":true,"href":"https:\/\/fanfare-zebaliz.com\/index.php\/wp-json\/wp\/v2\/users\/1"}],"replies":[{"embeddable":true,"href":"https:\/\/fanfare-zebaliz.com\/index.php\/wp-json\/wp\/v2\/comments?post=780"}],"version-history":[{"count":1,"href":"https:\/\/fanfare-zebaliz.com\/index.php\/wp-json\/wp\/v2\/pages\/780\/revisions"}],"predecessor-version":[{"id":783,"href":"https:\/\/fanfare-zebaliz.com\/index.php\/wp-json\/wp\/v2\/pages\/780\/revisions\/783"}],"up":[{"embeddable":true,"href":"https:\/\/fanfare-zebaliz.com\/index.php\/wp-json\/wp\/v2\/pages\/34"}],"wp:featuredmedia":[{"embeddable":true,"href":"https:\/\/fanfare-zebaliz.com\/index.php\/wp-json\/wp\/v2\/media\/686"}],"wp:attachment":[{"href":"https:\/\/fanfare-zebaliz.com\/index.php\/wp-json\/wp\/v2\/media?parent=780"}],"curies":[{"name":"wp","href":"https:\/\/api.w.org\/{rel}","templated":true}]}}