{"id":760,"date":"2019-08-29T23:19:40","date_gmt":"2019-08-29T21:19:40","guid":{"rendered":"http:\/\/lctufbf.cluster020.hosting.ovh.net\/?page_id=760"},"modified":"2019-08-29T23:19:41","modified_gmt":"2019-08-29T21:19:41","slug":"la-cumparsita","status":"publish","type":"page","link":"https:\/\/fanfare-zebaliz.com\/index.php\/partoches\/la-cumparsita\/","title":{"rendered":"La Cumparsita"},"content":{"rendered":"\n<div class=\"wp-block-themeisle-blocks-advanced-columns has-1-columns has-desktop-equal-layout has-tablet-equal-layout has-mobile-equal-layout has-default-gap has-vertical-unset\" id=\"wp-block-themeisle-blocks-advanced-columns-3ba413c7\" style=\"border-width:0px;border-style:solid;border-color:#000000;border-radius:0px;justify-content:unset\"><div class=\"wp-themeisle-block-overlay\" style=\"opacity:0.5;mix-blend-mode:normal\"><\/div><div class=\"innerblocks-wrap\">\n<div class=\"wp-block-themeisle-blocks-advanced-column\" id=\"wp-block-themeisle-blocks-advanced-column-b0b3cd0d\" style=\"border-width:0px;border-style:solid;border-color:#000000;border-radius:0px\">\n<div class=\"wp-block-image\"><figure class=\"aligncenter\"><img loading=\"lazy\" decoding=\"async\" width=\"500\" height=\"262\" src=\"https:\/\/fanfare-zebaliz.com\/wp-content\/uploads\/2019\/08\/Comparsita.jpg\" alt=\"\" class=\"wp-image-761\"\/><\/figure><\/div>\n<\/div>\n<\/div><\/div>\n\n\n\n<p style=\"text-align:center\"><strong>LE tango qui emballe <\/strong><br>par Gerardo M.\u00a0Rodriguez, arrgt. (excellent) de Claude.Mazuret<\/p>\n\n\n\n<p>Tango qui vous emballe n\u2019importe quelle cavali\u00e8re dans un tourbillon de d\u00e9sirs tour \u00e0 tour retenus, path\u00e9tiques ou fi\u00e9vreux. Superbe\u00a0! \u00c0 moiti\u00e9 abandonn\u00e9, puis \u00e0 moiti\u00e9 revenu in extremis apr\u00e8s le forcing du chef qui le consid\u00e8re comme un des meilleurs.\u00a0Malgr\u00e9 quelques incertitudes dans le sc\u00e9nario (faut-y faire la reprise apr\u00e8s la reprise\u00a0?), malgr\u00e9 quelques errements di\u00e8so\u00efformes dans le couplet, c\u2019est un plaisir de danser cette magnifique m\u00e9lodie.<\/p>\n\n\n\n<div class=\"wp-block-file aligncenter\"><a href=\"https:\/\/fanfare-zebaliz.com\/wp-content\/uploads\/2019\/08\/Comparsita-Zebaliz-festival-2014.pdf\">Les partoches :<\/a><a href=\"https:\/\/fanfare-zebaliz.com\/wp-content\/uploads\/2019\/08\/Comparsita-Zebaliz-festival-2014.pdf\" class=\"wp-block-file__button\" download>T\u00e9l\u00e9charger<\/a><\/div>\n","protected":false},"excerpt":{"rendered":"<p>LE tango qui emballe par Gerardo M.\u00a0Rodriguez, arrgt. (excellent) de Claude.Mazuret Tango qui vous emballe n\u2019importe quelle cavali\u00e8re dans un tourbillon de d\u00e9sirs tour \u00e0 tour retenus, path\u00e9tiques ou fi\u00e9vreux. Superbe\u00a0! \u00c0 moiti\u00e9 abandonn\u00e9, puis \u00e0 moiti\u00e9 revenu in extremis apr\u00e8s le forcing du chef qui le consid\u00e8re comme un [&hellip;]<\/p>\n","protected":false},"author":1,"featured_media":686,"parent":34,"menu_order":0,"comment_status":"closed","ping_status":"closed","template":"","meta":{"footnotes":""},"class_list":["post-760","page","type-page","status-publish","has-post-thumbnail","hentry"],"_links":{"self":[{"href":"https:\/\/fanfare-zebaliz.com\/index.php\/wp-json\/wp\/v2\/pages\/760","targetHints":{"allow":["GET"]}}],"collection":[{"href":"https:\/\/fanfare-zebaliz.com\/index.php\/wp-json\/wp\/v2\/pages"}],"about":[{"href":"https:\/\/fanfare-zebaliz.com\/index.php\/wp-json\/wp\/v2\/types\/page"}],"author":[{"embeddable":true,"href":"https:\/\/fanfare-zebaliz.com\/index.php\/wp-json\/wp\/v2\/users\/1"}],"replies":[{"embeddable":true,"href":"https:\/\/fanfare-zebaliz.com\/index.php\/wp-json\/wp\/v2\/comments?post=760"}],"version-history":[{"count":1,"href":"https:\/\/fanfare-zebaliz.com\/index.php\/wp-json\/wp\/v2\/pages\/760\/revisions"}],"predecessor-version":[{"id":763,"href":"https:\/\/fanfare-zebaliz.com\/index.php\/wp-json\/wp\/v2\/pages\/760\/revisions\/763"}],"up":[{"embeddable":true,"href":"https:\/\/fanfare-zebaliz.com\/index.php\/wp-json\/wp\/v2\/pages\/34"}],"wp:featuredmedia":[{"embeddable":true,"href":"https:\/\/fanfare-zebaliz.com\/index.php\/wp-json\/wp\/v2\/media\/686"}],"wp:attachment":[{"href":"https:\/\/fanfare-zebaliz.com\/index.php\/wp-json\/wp\/v2\/media?parent=760"}],"curies":[{"name":"wp","href":"https:\/\/api.w.org\/{rel}","templated":true}]}}