{"id":76,"date":"2019-07-29T18:30:51","date_gmt":"2019-07-29T16:30:51","guid":{"rendered":"http:\/\/lctufbf.cluster020.hosting.ovh.net\/?page_id=76"},"modified":"2020-04-02T14:12:06","modified_gmt":"2020-04-02T12:12:06","slug":"pupitres","status":"publish","type":"page","link":"https:\/\/fanfare-zebaliz.com\/index.php\/pupitres\/","title":{"rendered":"Pupitres"},"content":{"rendered":"\n<p>Les pupitres se distinguent par leur ponctualit\u00e9, leurs absences r\u00e9p\u00e9t\u00e9es ou non, leurs r\u00e9actions face \u00e0 une partition. Chaque pupitre est s\u00fbr de son fait et m\u00e9prise tous les autres. C\u2019est toujours l\u2019autre pupitre qui joue trop fort, qui fausse ou qui oublie la reprise et la coda. Chaque pupitre se doit d\u2019apporter son pupitre.<\/p>\n\n\n\n<p><strong><a rel=\"noreferrer noopener\" aria-label=\"Les clarinettes (s\u2019ouvre dans un nouvel onglet)\" href=\"https:\/\/fanfare-zebaliz.com\/index.php\/clarinettes\/\" target=\"_blank\">Les clarinettes<\/a><\/strong><br><a rel=\"noreferrer noopener\" aria-label=\"Les sopranos (s\u2019ouvre dans un nouvel onglet)\" href=\"https:\/\/fanfare-zebaliz.com\/index.php\/pupitres\/sopranos\/\" target=\"_blank\"><strong>Les sopranos<\/strong><\/a> <br><a rel=\"noreferrer noopener\" aria-label=\"Les altos (s\u2019ouvre dans un nouvel onglet)\" href=\"https:\/\/fanfare-zebaliz.com\/index.php\/altos-3\/\" target=\"_blank\"><strong>Les altos<\/strong><\/a><br><strong><a rel=\"noreferrer noopener\" aria-label=\"Les t\u00e9nors (s\u2019ouvre dans un nouvel onglet)\" href=\"https:\/\/fanfare-zebaliz.com\/index.php\/pupitres\/tenors\/\" target=\"_blank\">Les t\u00e9nors<\/a><\/strong><br><strong><a rel=\"noreferrer noopener\" aria-label=\"Les trombones (s\u2019ouvre dans un nouvel onglet)\" href=\"https:\/\/fanfare-zebaliz.com\/index.php\/trombones\/\" target=\"_blank\">Les trombones<\/a><\/strong><br><strong><a rel=\"noreferrer noopener\" aria-label=\"Les trompettes (s\u2019ouvre dans un nouvel onglet)\" href=\"https:\/\/fanfare-zebaliz.com\/index.php\/pupitres\/trompettes\/\" target=\"_blank\">Les trompettes<\/a><\/strong><br><strong><a rel=\"noreferrer noopener\" aria-label=\"Les basses (s\u2019ouvre dans un nouvel onglet)\" href=\"https:\/\/fanfare-zebaliz.com\/index.php\/pupitres\/basses\/\" target=\"_blank\">Les basses<\/a><\/strong><br><strong><a href=\"https:\/\/fanfare-zebaliz.com\/index.php\/pupitres\/les-percussions\/\" target=\"_blank\" rel=\"noreferrer noopener\" aria-label=\"Les percus (s\u2019ouvre dans un nouvel onglet)\">Les percus<\/a><\/strong><\/p>\n","protected":false},"excerpt":{"rendered":"<p>Les pupitres se distinguent par leur ponctualit\u00e9, leurs absences r\u00e9p\u00e9t\u00e9es ou non, leurs r\u00e9actions face \u00e0 une partition. Chaque pupitre est s\u00fbr de son fait et m\u00e9prise tous les autres. C\u2019est toujours l\u2019autre pupitre qui joue trop fort, qui fausse ou qui oublie la reprise et la coda. Chaque pupitre [&hellip;]<\/p>\n","protected":false},"author":1,"featured_media":514,"parent":0,"menu_order":0,"comment_status":"closed","ping_status":"closed","template":"","meta":{"footnotes":""},"class_list":["post-76","page","type-page","status-publish","has-post-thumbnail","hentry"],"_links":{"self":[{"href":"https:\/\/fanfare-zebaliz.com\/index.php\/wp-json\/wp\/v2\/pages\/76","targetHints":{"allow":["GET"]}}],"collection":[{"href":"https:\/\/fanfare-zebaliz.com\/index.php\/wp-json\/wp\/v2\/pages"}],"about":[{"href":"https:\/\/fanfare-zebaliz.com\/index.php\/wp-json\/wp\/v2\/types\/page"}],"author":[{"embeddable":true,"href":"https:\/\/fanfare-zebaliz.com\/index.php\/wp-json\/wp\/v2\/users\/1"}],"replies":[{"embeddable":true,"href":"https:\/\/fanfare-zebaliz.com\/index.php\/wp-json\/wp\/v2\/comments?post=76"}],"version-history":[{"count":11,"href":"https:\/\/fanfare-zebaliz.com\/index.php\/wp-json\/wp\/v2\/pages\/76\/revisions"}],"predecessor-version":[{"id":1223,"href":"https:\/\/fanfare-zebaliz.com\/index.php\/wp-json\/wp\/v2\/pages\/76\/revisions\/1223"}],"wp:featuredmedia":[{"embeddable":true,"href":"https:\/\/fanfare-zebaliz.com\/index.php\/wp-json\/wp\/v2\/media\/514"}],"wp:attachment":[{"href":"https:\/\/fanfare-zebaliz.com\/index.php\/wp-json\/wp\/v2\/media?parent=76"}],"curies":[{"name":"wp","href":"https:\/\/api.w.org\/{rel}","templated":true}]}}