{"id":755,"date":"2019-08-29T23:15:40","date_gmt":"2019-08-29T21:15:40","guid":{"rendered":"http:\/\/lctufbf.cluster020.hosting.ovh.net\/?page_id=755"},"modified":"2019-08-29T23:15:41","modified_gmt":"2019-08-29T21:15:41","slug":"crozon","status":"publish","type":"page","link":"https:\/\/fanfare-zebaliz.com\/index.php\/partoches\/crozon\/","title":{"rendered":"Crozon"},"content":{"rendered":"\n<div class=\"wp-block-themeisle-blocks-advanced-columns has-1-columns has-desktop-equal-layout has-tablet-equal-layout has-mobile-equal-layout has-default-gap has-vertical-unset\" id=\"wp-block-themeisle-blocks-advanced-columns-2b78bece\" style=\"border-width:0px;border-style:solid;border-color:#000000;border-radius:0px;justify-content:unset\"><div class=\"wp-themeisle-block-overlay\" style=\"opacity:0.5;mix-blend-mode:normal\"><\/div><div class=\"innerblocks-wrap\">\n<div class=\"wp-block-themeisle-blocks-advanced-column\" id=\"wp-block-themeisle-blocks-advanced-column-e730a530\" style=\"border-width:0px;border-style:solid;border-color:#000000;border-radius:0px\">\n<div class=\"wp-block-image\"><figure class=\"aligncenter\"><img loading=\"lazy\" decoding=\"async\" width=\"500\" height=\"317\" src=\"https:\/\/fanfare-zebaliz.com\/wp-content\/uploads\/2019\/08\/Crozon-air-de-Brest.jpg\" alt=\"\" class=\"wp-image-756\"\/><\/figure><\/div>\n<\/div>\n<\/div><\/div>\n\n\n\n<p style=\"text-align:center\"><strong>Air de Brest<\/strong><br>par Maurice Fortier, arrang\u00e9 par Xavier Rocher<\/p>\n\n\n\n<p>THE tunes of Maurice, qui s\u2019il l\u2019avait d\u00e9clar\u00e9 \u00e0 la SACEM, aurait pu construire \u00e0 son compte une charmante petite auberge sur la pointe de Pen-Hir&#8230; Arrang\u00e9 par Xavier Rocher, cet air a travers\u00e9 sans prendre une ride les longues ann\u00e9es d\u2019existence de la fanfare. Id\u00e9al pour d\u00e9ambuler, efficace m\u00eame en fin de soir\u00e9e, il supporte quelques absences (pour cause demi, ou break labial, ou retard chronique), sonne toujours et se termine (sur le seul signe autoris\u00e9 de Maurice) dans une effrayante cacophonie. Seul habilit\u00e9 \u00e0 d\u00e9marrer le morceau, Maurice en profite pour cabotiner le temps des 4 premi\u00e8res mesures, pendant lesquelles il joue seul. Ce succ\u00e9dan\u00e9 de blues et de gavotte, devenu mondialement connu, a \u00e9t\u00e9 offert \u00e0 la ville de Brest lors du vingti\u00e8me anniversaire de la fanfare.<\/p>\n\n\n\n<div class=\"wp-block-file aligncenter\"><a href=\"https:\/\/fanfare-zebaliz.com\/wp-content\/uploads\/2019\/08\/Crozon-air-de-Brest.pdf\">Les partoches :<\/a><a href=\"https:\/\/fanfare-zebaliz.com\/wp-content\/uploads\/2019\/08\/Crozon-air-de-Brest.pdf\" class=\"wp-block-file__button\" download>T\u00e9l\u00e9charger<\/a><\/div>\n\n\n\n<p><\/p>\n","protected":false},"excerpt":{"rendered":"<p>Air de Brestpar Maurice Fortier, arrang\u00e9 par Xavier Rocher THE tunes of Maurice, qui s\u2019il l\u2019avait d\u00e9clar\u00e9 \u00e0 la SACEM, aurait pu construire \u00e0 son compte une charmante petite auberge sur la pointe de Pen-Hir&#8230; Arrang\u00e9 par Xavier Rocher, cet air a travers\u00e9 sans prendre une ride les longues ann\u00e9es [&hellip;]<\/p>\n","protected":false},"author":1,"featured_media":686,"parent":34,"menu_order":0,"comment_status":"closed","ping_status":"closed","template":"","meta":{"footnotes":""},"class_list":["post-755","page","type-page","status-publish","has-post-thumbnail","hentry"],"_links":{"self":[{"href":"https:\/\/fanfare-zebaliz.com\/index.php\/wp-json\/wp\/v2\/pages\/755","targetHints":{"allow":["GET"]}}],"collection":[{"href":"https:\/\/fanfare-zebaliz.com\/index.php\/wp-json\/wp\/v2\/pages"}],"about":[{"href":"https:\/\/fanfare-zebaliz.com\/index.php\/wp-json\/wp\/v2\/types\/page"}],"author":[{"embeddable":true,"href":"https:\/\/fanfare-zebaliz.com\/index.php\/wp-json\/wp\/v2\/users\/1"}],"replies":[{"embeddable":true,"href":"https:\/\/fanfare-zebaliz.com\/index.php\/wp-json\/wp\/v2\/comments?post=755"}],"version-history":[{"count":1,"href":"https:\/\/fanfare-zebaliz.com\/index.php\/wp-json\/wp\/v2\/pages\/755\/revisions"}],"predecessor-version":[{"id":758,"href":"https:\/\/fanfare-zebaliz.com\/index.php\/wp-json\/wp\/v2\/pages\/755\/revisions\/758"}],"up":[{"embeddable":true,"href":"https:\/\/fanfare-zebaliz.com\/index.php\/wp-json\/wp\/v2\/pages\/34"}],"wp:featuredmedia":[{"embeddable":true,"href":"https:\/\/fanfare-zebaliz.com\/index.php\/wp-json\/wp\/v2\/media\/686"}],"wp:attachment":[{"href":"https:\/\/fanfare-zebaliz.com\/index.php\/wp-json\/wp\/v2\/media?parent=755"}],"curies":[{"name":"wp","href":"https:\/\/api.w.org\/{rel}","templated":true}]}}