{"id":734,"date":"2019-08-29T08:19:00","date_gmt":"2019-08-29T06:19:00","guid":{"rendered":"http:\/\/lctufbf.cluster020.hosting.ovh.net\/?page_id=734"},"modified":"2019-08-29T08:19:01","modified_gmt":"2019-08-29T06:19:01","slug":"bubamara","status":"publish","type":"page","link":"https:\/\/fanfare-zebaliz.com\/index.php\/partoches\/bubamara\/","title":{"rendered":"Bubamara"},"content":{"rendered":"\n<div class=\"wp-block-themeisle-blocks-advanced-columns has-1-columns has-desktop-equal-layout has-tablet-equal-layout has-mobile-equal-layout has-default-gap has-vertical-unset\" id=\"wp-block-themeisle-blocks-advanced-columns-82a617a5\" style=\"border-width:0px;border-style:solid;border-color:#000000;border-radius:0px;justify-content:unset\"><div class=\"wp-themeisle-block-overlay\" style=\"opacity:0.5;mix-blend-mode:normal\"><\/div><div class=\"innerblocks-wrap\">\n<div class=\"wp-block-themeisle-blocks-advanced-column\" id=\"wp-block-themeisle-blocks-advanced-column-feb574a0\" style=\"border-width:0px;border-style:solid;border-color:#000000;border-radius:0px\">\n<div class=\"wp-block-image\"><figure class=\"aligncenter\"><img loading=\"lazy\" decoding=\"async\" width=\"450\" height=\"238\" src=\"https:\/\/fanfare-zebaliz.com\/wp-content\/uploads\/2019\/08\/bubamara.jpg\" alt=\"\" class=\"wp-image-735\"\/><\/figure><\/div>\n<\/div>\n<\/div><\/div>\n\n\n\n<p style=\"text-align:center\"><strong>Chat noir chat blanc\u00a0:<\/strong><br>Musique de N. Jankovic, La partoche des Kadors<br>Arrangement Georges<\/p>\n\n\n\n<p>Un air tr\u00e8s demand\u00e9 et que, par chance, les Kadors de Montpellier jouaient d\u00e9j\u00e0. D\u2019o\u00f9 l\u2019empressement de Maurice, impatient de go\u00fbter aux charmes des Montpelli\u00e9rins, \u00e0 nous sugg\u00e9rer fortement l\u2019adoption de cet air dans la m\u00eame tonne \u00e0 lisier que nos camarades.\u00a0Gagn\u00e9\u00a0: ils jouent cet air en mi b\u00e9mol mineur, ce qui fait au bas mot 6 b\u00e9mols \u00e0 la cl\u00e9. Vous me direz, la majorit\u00e9 ne connaissant pas ses notes, les b\u00e9mols ou les di\u00e8ses n\u2019ont pas grande importance&#8230; Voici donc cet air immortel compos\u00e9 par Jankovic et immortalis\u00e9 par Emir Kusturica, puis mondialis\u00e9 par les Kadors et universalis\u00e9s par Z\u00e9baliz.<\/p>\n\n\n\n<div class=\"wp-block-file aligncenter\"><a href=\"https:\/\/fanfare-zebaliz.com\/wp-content\/uploads\/2019\/08\/bubamara.pdf\">Les partoches : <\/a><a href=\"https:\/\/fanfare-zebaliz.com\/wp-content\/uploads\/2019\/08\/bubamara.pdf\" class=\"wp-block-file__button\" download>T\u00e9l\u00e9charger<\/a><\/div>\n","protected":false},"excerpt":{"rendered":"<p>Chat noir chat blanc\u00a0:Musique de N. Jankovic, La partoche des KadorsArrangement Georges Un air tr\u00e8s demand\u00e9 et que, par chance, les Kadors de Montpellier jouaient d\u00e9j\u00e0. D\u2019o\u00f9 l\u2019empressement de Maurice, impatient de go\u00fbter aux charmes des Montpelli\u00e9rins, \u00e0 nous sugg\u00e9rer fortement l\u2019adoption de cet air dans la m\u00eame tonne \u00e0 [&hellip;]<\/p>\n","protected":false},"author":1,"featured_media":686,"parent":34,"menu_order":0,"comment_status":"closed","ping_status":"closed","template":"","meta":{"footnotes":""},"class_list":["post-734","page","type-page","status-publish","has-post-thumbnail","hentry"],"_links":{"self":[{"href":"https:\/\/fanfare-zebaliz.com\/index.php\/wp-json\/wp\/v2\/pages\/734","targetHints":{"allow":["GET"]}}],"collection":[{"href":"https:\/\/fanfare-zebaliz.com\/index.php\/wp-json\/wp\/v2\/pages"}],"about":[{"href":"https:\/\/fanfare-zebaliz.com\/index.php\/wp-json\/wp\/v2\/types\/page"}],"author":[{"embeddable":true,"href":"https:\/\/fanfare-zebaliz.com\/index.php\/wp-json\/wp\/v2\/users\/1"}],"replies":[{"embeddable":true,"href":"https:\/\/fanfare-zebaliz.com\/index.php\/wp-json\/wp\/v2\/comments?post=734"}],"version-history":[{"count":1,"href":"https:\/\/fanfare-zebaliz.com\/index.php\/wp-json\/wp\/v2\/pages\/734\/revisions"}],"predecessor-version":[{"id":737,"href":"https:\/\/fanfare-zebaliz.com\/index.php\/wp-json\/wp\/v2\/pages\/734\/revisions\/737"}],"up":[{"embeddable":true,"href":"https:\/\/fanfare-zebaliz.com\/index.php\/wp-json\/wp\/v2\/pages\/34"}],"wp:featuredmedia":[{"embeddable":true,"href":"https:\/\/fanfare-zebaliz.com\/index.php\/wp-json\/wp\/v2\/media\/686"}],"wp:attachment":[{"href":"https:\/\/fanfare-zebaliz.com\/index.php\/wp-json\/wp\/v2\/media?parent=734"}],"curies":[{"name":"wp","href":"https:\/\/api.w.org\/{rel}","templated":true}]}}