{"id":716,"date":"2019-08-28T08:30:50","date_gmt":"2019-08-28T06:30:50","guid":{"rendered":"http:\/\/lctufbf.cluster020.hosting.ovh.net\/?page_id=716"},"modified":"2019-08-28T08:30:51","modified_gmt":"2019-08-28T06:30:51","slug":"henna-henna","status":"publish","type":"page","link":"https:\/\/fanfare-zebaliz.com\/index.php\/partoches\/henna-henna\/","title":{"rendered":"Henna Henna"},"content":{"rendered":"\n<figure class=\"wp-block-image\"><img loading=\"lazy\" decoding=\"async\" width=\"600\" height=\"315\" src=\"https:\/\/fanfare-zebaliz.com\/wp-content\/uploads\/2019\/08\/Henna-henna-tout-1.jpg\" alt=\"\" class=\"wp-image-717\"\/><\/figure>\n\n\n\n<p style=\"text-align:center\"><strong>Une musique de \u00ab\u00a0Bombay Royale\u00a0\u00bb<\/strong><br>Arrangement Georges<\/p>\n\n\n\n<p>Un des grands succ\u00e8s de l&rsquo;ag\u00e9 2016, pass\u00e9 loin devant toutes les autres propositions. Une musique tropico-l\u00e9onardo-indienne qui d\u00e9marre par un  solo des altos, pas toujours d&rsquo;accord sur la terminaison, mais c&rsquo;est tellement beau ! L&rsquo;occasion aussi d&rsquo;entendre un superbe contre-chant des trompettes avant d&#8217;embarquer brusquement le public dans une danse endiabl\u00e9e.<\/p>\n\n\n\n<div class=\"wp-block-file aligncenter\"><a href=\"https:\/\/fanfare-zebaliz.com\/wp-content\/uploads\/2019\/08\/Henna-henna-tout.pdf\">Les partoches :<\/a><a href=\"https:\/\/fanfare-zebaliz.com\/wp-content\/uploads\/2019\/08\/Henna-henna-tout.pdf\" class=\"wp-block-file__button\" download>T\u00e9l\u00e9charger<\/a><\/div>\n\n\n\n<p> <\/p>\n","protected":false},"excerpt":{"rendered":"<p>Une musique de \u00ab\u00a0Bombay Royale\u00a0\u00bbArrangement Georges Un des grands succ\u00e8s de l&rsquo;ag\u00e9 2016, pass\u00e9 loin devant toutes les autres propositions. Une musique tropico-l\u00e9onardo-indienne qui d\u00e9marre par un solo des altos, pas toujours d&rsquo;accord sur la terminaison, mais c&rsquo;est tellement beau ! L&rsquo;occasion aussi d&rsquo;entendre un superbe contre-chant des trompettes avant [&hellip;]<\/p>\n","protected":false},"author":1,"featured_media":686,"parent":34,"menu_order":0,"comment_status":"closed","ping_status":"closed","template":"","meta":{"footnotes":""},"class_list":["post-716","page","type-page","status-publish","has-post-thumbnail","hentry"],"_links":{"self":[{"href":"https:\/\/fanfare-zebaliz.com\/index.php\/wp-json\/wp\/v2\/pages\/716","targetHints":{"allow":["GET"]}}],"collection":[{"href":"https:\/\/fanfare-zebaliz.com\/index.php\/wp-json\/wp\/v2\/pages"}],"about":[{"href":"https:\/\/fanfare-zebaliz.com\/index.php\/wp-json\/wp\/v2\/types\/page"}],"author":[{"embeddable":true,"href":"https:\/\/fanfare-zebaliz.com\/index.php\/wp-json\/wp\/v2\/users\/1"}],"replies":[{"embeddable":true,"href":"https:\/\/fanfare-zebaliz.com\/index.php\/wp-json\/wp\/v2\/comments?post=716"}],"version-history":[{"count":1,"href":"https:\/\/fanfare-zebaliz.com\/index.php\/wp-json\/wp\/v2\/pages\/716\/revisions"}],"predecessor-version":[{"id":719,"href":"https:\/\/fanfare-zebaliz.com\/index.php\/wp-json\/wp\/v2\/pages\/716\/revisions\/719"}],"up":[{"embeddable":true,"href":"https:\/\/fanfare-zebaliz.com\/index.php\/wp-json\/wp\/v2\/pages\/34"}],"wp:featuredmedia":[{"embeddable":true,"href":"https:\/\/fanfare-zebaliz.com\/index.php\/wp-json\/wp\/v2\/media\/686"}],"wp:attachment":[{"href":"https:\/\/fanfare-zebaliz.com\/index.php\/wp-json\/wp\/v2\/media?parent=716"}],"curies":[{"name":"wp","href":"https:\/\/api.w.org\/{rel}","templated":true}]}}