{"id":710,"date":"2019-08-28T08:22:19","date_gmt":"2019-08-28T06:22:19","guid":{"rendered":"http:\/\/lctufbf.cluster020.hosting.ovh.net\/?page_id=710"},"modified":"2019-08-28T08:22:19","modified_gmt":"2019-08-28T06:22:19","slug":"besame-mucho","status":"publish","type":"page","link":"https:\/\/fanfare-zebaliz.com\/index.php\/partoches\/besame-mucho\/","title":{"rendered":"Besame mucho"},"content":{"rendered":"\n<div class=\"wp-block-themeisle-blocks-advanced-columns has-1-columns has-desktop-equal-layout has-tablet-equal-layout has-mobile-equal-layout has-default-gap has-vertical-unset\" id=\"wp-block-themeisle-blocks-advanced-columns-a729b267\" style=\"border-width:0px;border-style:solid;border-color:#000000;border-radius:0px;justify-content:unset\"><div class=\"wp-themeisle-block-overlay\" style=\"opacity:0.5;mix-blend-mode:normal\"><\/div><div class=\"innerblocks-wrap\">\n<div class=\"wp-block-themeisle-blocks-advanced-column\" id=\"wp-block-themeisle-blocks-advanced-column-f01d4c5e\" style=\"border-width:0px;border-style:solid;border-color:#000000;border-radius:0px\">\n<div class=\"wp-block-image\"><figure class=\"aligncenter\"><img loading=\"lazy\" decoding=\"async\" width=\"500\" height=\"250\" src=\"https:\/\/fanfare-zebaliz.com\/wp-content\/uploads\/2019\/08\/Besame.jpg\" alt=\"\" class=\"wp-image-711\"\/><\/figure><\/div>\n<\/div>\n<\/div><\/div>\n\n\n\n<p style=\"text-align:center\"><strong>Baise m\u2019encor&#8230;<\/strong><\/p>\n\n\n\n<p>Un grand classique dont nous avons emprunt\u00e9 une bonne part de l\u2019arrangement aux brasses bouillonnes, les filles de Versailles qu\u2019on aime bien, le PAV aussi&#8230; Toujours interpr\u00e9t\u00e9 par la fanfare avec l\u00e9g\u00e8ret\u00e9 et beaucoup de nuances. Mine de rien, \u00e7a permet de se reposer entre Beyonc\u00e9 et le train en retard.<\/p>\n\n\n\n<div class=\"wp-block-file aligncenter\"><a href=\"https:\/\/fanfare-zebaliz.com\/wp-content\/uploads\/2019\/08\/Besame.pdf\">Les partoches : <\/a><a href=\"https:\/\/fanfare-zebaliz.com\/wp-content\/uploads\/2019\/08\/Besame.pdf\" class=\"wp-block-file__button\" download>T\u00e9l\u00e9charger<\/a><\/div>\n","protected":false},"excerpt":{"rendered":"<p>Baise m\u2019encor&#8230; Un grand classique dont nous avons emprunt\u00e9 une bonne part de l\u2019arrangement aux brasses bouillonnes, les filles de Versailles qu\u2019on aime bien, le PAV aussi&#8230; Toujours interpr\u00e9t\u00e9 par la fanfare avec l\u00e9g\u00e8ret\u00e9 et beaucoup de nuances. Mine de rien, \u00e7a permet de se reposer entre Beyonc\u00e9 et le [&hellip;]<\/p>\n","protected":false},"author":1,"featured_media":686,"parent":34,"menu_order":0,"comment_status":"closed","ping_status":"closed","template":"","meta":{"footnotes":""},"class_list":["post-710","page","type-page","status-publish","has-post-thumbnail","hentry"],"_links":{"self":[{"href":"https:\/\/fanfare-zebaliz.com\/index.php\/wp-json\/wp\/v2\/pages\/710","targetHints":{"allow":["GET"]}}],"collection":[{"href":"https:\/\/fanfare-zebaliz.com\/index.php\/wp-json\/wp\/v2\/pages"}],"about":[{"href":"https:\/\/fanfare-zebaliz.com\/index.php\/wp-json\/wp\/v2\/types\/page"}],"author":[{"embeddable":true,"href":"https:\/\/fanfare-zebaliz.com\/index.php\/wp-json\/wp\/v2\/users\/1"}],"replies":[{"embeddable":true,"href":"https:\/\/fanfare-zebaliz.com\/index.php\/wp-json\/wp\/v2\/comments?post=710"}],"version-history":[{"count":1,"href":"https:\/\/fanfare-zebaliz.com\/index.php\/wp-json\/wp\/v2\/pages\/710\/revisions"}],"predecessor-version":[{"id":714,"href":"https:\/\/fanfare-zebaliz.com\/index.php\/wp-json\/wp\/v2\/pages\/710\/revisions\/714"}],"up":[{"embeddable":true,"href":"https:\/\/fanfare-zebaliz.com\/index.php\/wp-json\/wp\/v2\/pages\/34"}],"wp:featuredmedia":[{"embeddable":true,"href":"https:\/\/fanfare-zebaliz.com\/index.php\/wp-json\/wp\/v2\/media\/686"}],"wp:attachment":[{"href":"https:\/\/fanfare-zebaliz.com\/index.php\/wp-json\/wp\/v2\/media?parent=710"}],"curies":[{"name":"wp","href":"https:\/\/api.w.org\/{rel}","templated":true}]}}