{"id":705,"date":"2019-08-28T08:18:33","date_gmt":"2019-08-28T06:18:33","guid":{"rendered":"http:\/\/lctufbf.cluster020.hosting.ovh.net\/?page_id=705"},"modified":"2019-08-28T08:18:34","modified_gmt":"2019-08-28T06:18:34","slug":"bei-mir-bist-du-schon","status":"publish","type":"page","link":"https:\/\/fanfare-zebaliz.com\/index.php\/partoches\/bei-mir-bist-du-schon\/","title":{"rendered":"Bei mir bist du sch\u00f6n"},"content":{"rendered":"\n<div class=\"wp-block-image\"><figure class=\"aligncenter\"><img loading=\"lazy\" decoding=\"async\" width=\"500\" height=\"276\" src=\"https:\/\/fanfare-zebaliz.com\/wp-content\/uploads\/2019\/08\/Bei-mir-1.jpg\" alt=\"\" class=\"wp-image-707\"\/><\/figure><\/div>\n\n\n\n<p style=\"text-align:center\"> <strong>Jacob Jacobs &amp; Sholom Secunda, 1929<\/strong>, <br>Chant\u00e9 par les Andrew sisters, arrangement Georges<\/p>\n\n\n\n<p>De la belle ouvrage de Jacob et Sholom. On a piqu\u00e9 l\u2019id\u00e9e aux Lulu Jazz Band, et c\u2019est devenu une valeur s\u00fbre. Dommage que l\u2019\u00e9bauche de korusse par Christophe soit tomb\u00e9 aux oubliettes, mais ne d\u00e9sesp\u00e9rons pas&#8230; Mod\u00e8le de saucisson que la fanfare peut d\u00e9marrer pendant que le t\u00e9nor finit d&rsquo;ouvrir sa bo\u00eete, que la clarinette ajoute une derni\u00e8re touche de maquillage, et que le trombone cherche d\u00e9sesp\u00e9r\u00e9ment une place de parking.<\/p>\n\n\n\n<div class=\"wp-block-file aligncenter\"><a href=\"https:\/\/fanfare-zebaliz.com\/wp-content\/uploads\/2019\/08\/Bei-mir-rencontres-Brest.pdf\">Les partoches :<\/a><a href=\"https:\/\/fanfare-zebaliz.com\/wp-content\/uploads\/2019\/08\/Bei-mir-rencontres-Brest.pdf\" class=\"wp-block-file__button\" download>T\u00e9l\u00e9charger<\/a><\/div>\n","protected":false},"excerpt":{"rendered":"<p>Jacob Jacobs &amp; Sholom Secunda, 1929, Chant\u00e9 par les Andrew sisters, arrangement Georges De la belle ouvrage de Jacob et Sholom. On a piqu\u00e9 l\u2019id\u00e9e aux Lulu Jazz Band, et c\u2019est devenu une valeur s\u00fbre. Dommage que l\u2019\u00e9bauche de korusse par Christophe soit tomb\u00e9 aux oubliettes, mais ne d\u00e9sesp\u00e9rons pas&#8230; [&hellip;]<\/p>\n","protected":false},"author":1,"featured_media":686,"parent":34,"menu_order":0,"comment_status":"closed","ping_status":"closed","template":"","meta":{"footnotes":""},"class_list":["post-705","page","type-page","status-publish","has-post-thumbnail","hentry"],"_links":{"self":[{"href":"https:\/\/fanfare-zebaliz.com\/index.php\/wp-json\/wp\/v2\/pages\/705","targetHints":{"allow":["GET"]}}],"collection":[{"href":"https:\/\/fanfare-zebaliz.com\/index.php\/wp-json\/wp\/v2\/pages"}],"about":[{"href":"https:\/\/fanfare-zebaliz.com\/index.php\/wp-json\/wp\/v2\/types\/page"}],"author":[{"embeddable":true,"href":"https:\/\/fanfare-zebaliz.com\/index.php\/wp-json\/wp\/v2\/users\/1"}],"replies":[{"embeddable":true,"href":"https:\/\/fanfare-zebaliz.com\/index.php\/wp-json\/wp\/v2\/comments?post=705"}],"version-history":[{"count":1,"href":"https:\/\/fanfare-zebaliz.com\/index.php\/wp-json\/wp\/v2\/pages\/705\/revisions"}],"predecessor-version":[{"id":709,"href":"https:\/\/fanfare-zebaliz.com\/index.php\/wp-json\/wp\/v2\/pages\/705\/revisions\/709"}],"up":[{"embeddable":true,"href":"https:\/\/fanfare-zebaliz.com\/index.php\/wp-json\/wp\/v2\/pages\/34"}],"wp:featuredmedia":[{"embeddable":true,"href":"https:\/\/fanfare-zebaliz.com\/index.php\/wp-json\/wp\/v2\/media\/686"}],"wp:attachment":[{"href":"https:\/\/fanfare-zebaliz.com\/index.php\/wp-json\/wp\/v2\/media?parent=705"}],"curies":[{"name":"wp","href":"https:\/\/api.w.org\/{rel}","templated":true}]}}