{"id":699,"date":"2019-08-27T08:31:27","date_gmt":"2019-08-27T06:31:27","guid":{"rendered":"http:\/\/lctufbf.cluster020.hosting.ovh.net\/?page_id=699"},"modified":"2019-08-29T09:19:00","modified_gmt":"2019-08-29T07:19:00","slug":"baraat","status":"publish","type":"page","link":"https:\/\/fanfare-zebaliz.com\/index.php\/partoches\/baraat\/","title":{"rendered":"Baraat"},"content":{"rendered":"\n<div class=\"wp-block-themeisle-blocks-advanced-columns has-1-columns has-desktop-equal-layout has-tablet-equal-layout has-mobile-equal-layout has-default-gap has-vertical-unset\" id=\"wp-block-themeisle-blocks-advanced-columns-e56b8775\" style=\"border-width:0px;border-style:solid;border-color:#000000;border-radius:0px;justify-content:unset\"><div class=\"wp-themeisle-block-overlay\" style=\"opacity:0.5;mix-blend-mode:normal\"><\/div><div class=\"innerblocks-wrap\">\n<div class=\"wp-block-themeisle-blocks-advanced-column\" id=\"wp-block-themeisle-blocks-advanced-column-ea513972\" style=\"border-width:0px;border-style:solid;border-color:#000000;border-radius:0px\">\n<div class=\"wp-block-image\"><figure class=\"aligncenter\"><img loading=\"lazy\" decoding=\"async\" width=\"500\" height=\"360\" src=\"https:\/\/fanfare-zebaliz.com\/wp-content\/uploads\/2019\/08\/Baraat.jpg\" alt=\"\" class=\"wp-image-700\"\/><\/figure><\/div>\n<\/div>\n<\/div><\/div>\n\n\n\n<p style=\"text-align:center\"><strong>Musique \u00e0 marier. <\/strong><br><strong>Mychael Danna (Canada). Arrgt Georges<\/strong><\/p>\n\n\n\n<p>Cette musique de mariage de l&rsquo;Inde du Nord nous a \u00e9t\u00e9 apport\u00e9e par la Titubanda de Rome. Le mari\u00e9 va chercher son \u00e9pouse \u00e0 cheval, en procession, avec la foule, les danseurs, les musiciens&#8230; et un budget confortable ! Cette musique endiabl\u00e9e a tout de suite emball\u00e9 la fanfare. Elle est m\u00eame l&rsquo;objet de quelques chorus, ce qui donne une id\u00e9e de la bonne sant\u00e9 de cette musique.<\/p>\n\n\n\n<div class=\"wp-block-file aligncenter\"><a href=\"https:\/\/fanfare-zebaliz.com\/wp-content\/uploads\/2019\/08\/Baraat-tout.pdf\">Les partoches :<\/a><a href=\"https:\/\/fanfare-zebaliz.com\/wp-content\/uploads\/2019\/08\/Baraat-tout.pdf\" class=\"wp-block-file__button\" download>T\u00e9l\u00e9charger<\/a><\/div>\n","protected":false},"excerpt":{"rendered":"<p>Musique \u00e0 marier. Mychael Danna (Canada). Arrgt Georges Cette musique de mariage de l&rsquo;Inde du Nord nous a \u00e9t\u00e9 apport\u00e9e par la Titubanda de Rome. Le mari\u00e9 va chercher son \u00e9pouse \u00e0 cheval, en procession, avec la foule, les danseurs, les musiciens&#8230; et un budget confortable ! Cette musique endiabl\u00e9e [&hellip;]<\/p>\n","protected":false},"author":1,"featured_media":686,"parent":34,"menu_order":0,"comment_status":"closed","ping_status":"closed","template":"","meta":{"footnotes":""},"class_list":["post-699","page","type-page","status-publish","has-post-thumbnail","hentry"],"_links":{"self":[{"href":"https:\/\/fanfare-zebaliz.com\/index.php\/wp-json\/wp\/v2\/pages\/699","targetHints":{"allow":["GET"]}}],"collection":[{"href":"https:\/\/fanfare-zebaliz.com\/index.php\/wp-json\/wp\/v2\/pages"}],"about":[{"href":"https:\/\/fanfare-zebaliz.com\/index.php\/wp-json\/wp\/v2\/types\/page"}],"author":[{"embeddable":true,"href":"https:\/\/fanfare-zebaliz.com\/index.php\/wp-json\/wp\/v2\/users\/1"}],"replies":[{"embeddable":true,"href":"https:\/\/fanfare-zebaliz.com\/index.php\/wp-json\/wp\/v2\/comments?post=699"}],"version-history":[{"count":3,"href":"https:\/\/fanfare-zebaliz.com\/index.php\/wp-json\/wp\/v2\/pages\/699\/revisions"}],"predecessor-version":[{"id":741,"href":"https:\/\/fanfare-zebaliz.com\/index.php\/wp-json\/wp\/v2\/pages\/699\/revisions\/741"}],"up":[{"embeddable":true,"href":"https:\/\/fanfare-zebaliz.com\/index.php\/wp-json\/wp\/v2\/pages\/34"}],"wp:featuredmedia":[{"embeddable":true,"href":"https:\/\/fanfare-zebaliz.com\/index.php\/wp-json\/wp\/v2\/media\/686"}],"wp:attachment":[{"href":"https:\/\/fanfare-zebaliz.com\/index.php\/wp-json\/wp\/v2\/media?parent=699"}],"curies":[{"name":"wp","href":"https:\/\/api.w.org\/{rel}","templated":true}]}}