{"id":694,"date":"2019-08-27T08:23:27","date_gmt":"2019-08-27T06:23:27","guid":{"rendered":"http:\/\/lctufbf.cluster020.hosting.ovh.net\/?page_id=694"},"modified":"2019-08-27T08:23:28","modified_gmt":"2019-08-27T06:23:28","slug":"arizona-dream","status":"publish","type":"page","link":"https:\/\/fanfare-zebaliz.com\/index.php\/partoches\/arizona-dream\/","title":{"rendered":"Arizona dream"},"content":{"rendered":"\n<div class=\"wp-block-themeisle-blocks-advanced-columns has-1-columns has-desktop-equal-layout has-tablet-equal-layout has-mobile-equal-layout has-default-gap has-vertical-unset\" id=\"wp-block-themeisle-blocks-advanced-columns-cd346725\" style=\"border-width:0px;border-style:solid;border-color:#000000;border-radius:0px;justify-content:unset\"><div class=\"wp-themeisle-block-overlay\" style=\"opacity:0.5;mix-blend-mode:normal\"><\/div><div class=\"innerblocks-wrap\">\n<div class=\"wp-block-themeisle-blocks-advanced-column\" id=\"wp-block-themeisle-blocks-advanced-column-f421fc1e\" style=\"border-width:0px;border-style:solid;border-color:#000000;border-radius:0px\">\n<div class=\"wp-block-image\"><figure class=\"aligncenter\"><img loading=\"lazy\" decoding=\"async\" width=\"500\" height=\"378\" src=\"https:\/\/fanfare-zebaliz.com\/wp-content\/uploads\/2019\/08\/Arizona.jpg\" alt=\"\" class=\"wp-image-695\"\/><\/figure><\/div>\n<\/div>\n<\/div><\/div>\n\n\n\n<p style=\"text-align:center\"><strong>Goran Bregovic, la musique du film \u00e9ponyme&#8230;<\/strong> Arrgt Georges<\/p>\n\n\n\n<p>One of the tioubz of the fanfare&#8230;\u00a0Encore un morceau qui d\u00e9marre m\u00eame par temps humide&#8230; Solo des trompettes remarqu\u00e9, le ch\u0153ur des vierges \u00e0 la clarinette et au soprano, une basse ostinato percutante et tr\u00e8s pr\u00e9sente, et quelques pompes que tous acceptent de jouer gr\u00e2ce \u00e0 une gesticulation de droite et de gauche qui en impose au public quand elle est jou\u00e9e par cinq pipeaux d\u00e9cha\u00een\u00e9s&#8230; Bref, encore une valeur s\u00fbre&#8230;<\/p>\n\n\n\n<div class=\"wp-block-file aligncenter\"><a href=\"https:\/\/fanfare-zebaliz.com\/wp-content\/uploads\/2019\/08\/Arizona-dream.pdf\">Les partoches :<\/a><a href=\"https:\/\/fanfare-zebaliz.com\/wp-content\/uploads\/2019\/08\/Arizona-dream.pdf\" class=\"wp-block-file__button\" download>T\u00e9l\u00e9charger<\/a><\/div>\n","protected":false},"excerpt":{"rendered":"<p>Goran Bregovic, la musique du film \u00e9ponyme&#8230; Arrgt Georges One of the tioubz of the fanfare&#8230;\u00a0Encore un morceau qui d\u00e9marre m\u00eame par temps humide&#8230; Solo des trompettes remarqu\u00e9, le ch\u0153ur des vierges \u00e0 la clarinette et au soprano, une basse ostinato percutante et tr\u00e8s pr\u00e9sente, et quelques pompes que tous [&hellip;]<\/p>\n","protected":false},"author":1,"featured_media":686,"parent":34,"menu_order":0,"comment_status":"closed","ping_status":"closed","template":"","meta":{"footnotes":""},"class_list":["post-694","page","type-page","status-publish","has-post-thumbnail","hentry"],"_links":{"self":[{"href":"https:\/\/fanfare-zebaliz.com\/index.php\/wp-json\/wp\/v2\/pages\/694","targetHints":{"allow":["GET"]}}],"collection":[{"href":"https:\/\/fanfare-zebaliz.com\/index.php\/wp-json\/wp\/v2\/pages"}],"about":[{"href":"https:\/\/fanfare-zebaliz.com\/index.php\/wp-json\/wp\/v2\/types\/page"}],"author":[{"embeddable":true,"href":"https:\/\/fanfare-zebaliz.com\/index.php\/wp-json\/wp\/v2\/users\/1"}],"replies":[{"embeddable":true,"href":"https:\/\/fanfare-zebaliz.com\/index.php\/wp-json\/wp\/v2\/comments?post=694"}],"version-history":[{"count":1,"href":"https:\/\/fanfare-zebaliz.com\/index.php\/wp-json\/wp\/v2\/pages\/694\/revisions"}],"predecessor-version":[{"id":697,"href":"https:\/\/fanfare-zebaliz.com\/index.php\/wp-json\/wp\/v2\/pages\/694\/revisions\/697"}],"up":[{"embeddable":true,"href":"https:\/\/fanfare-zebaliz.com\/index.php\/wp-json\/wp\/v2\/pages\/34"}],"wp:featuredmedia":[{"embeddable":true,"href":"https:\/\/fanfare-zebaliz.com\/index.php\/wp-json\/wp\/v2\/media\/686"}],"wp:attachment":[{"href":"https:\/\/fanfare-zebaliz.com\/index.php\/wp-json\/wp\/v2\/media?parent=694"}],"curies":[{"name":"wp","href":"https:\/\/api.w.org\/{rel}","templated":true}]}}