{"id":689,"date":"2019-08-27T08:20:25","date_gmt":"2019-08-27T06:20:25","guid":{"rendered":"http:\/\/lctufbf.cluster020.hosting.ovh.net\/?page_id=689"},"modified":"2019-08-27T08:20:26","modified_gmt":"2019-08-27T06:20:26","slug":"largot-du-bruit","status":"publish","type":"page","link":"https:\/\/fanfare-zebaliz.com\/index.php\/partoches\/largot-du-bruit\/","title":{"rendered":"L&rsquo;argot du bruit"},"content":{"rendered":"\n<div class=\"wp-block-themeisle-blocks-advanced-columns has-1-columns has-desktop-equal-layout has-tablet-equal-layout has-mobile-equal-layout has-default-gap has-vertical-unset\" id=\"wp-block-themeisle-blocks-advanced-columns-d507fdd5\" style=\"border-width:0px;border-style:solid;border-color:#000000;border-radius:0px;justify-content:unset\"><div class=\"wp-themeisle-block-overlay\" style=\"opacity:0.5;mix-blend-mode:normal\"><\/div><div class=\"innerblocks-wrap\">\n<div class=\"wp-block-themeisle-blocks-advanced-column\" id=\"wp-block-themeisle-blocks-advanced-column-492d8034\" style=\"border-width:0px;border-style:solid;border-color:#000000;border-radius:0px\">\n<div class=\"wp-block-image\"><figure class=\"aligncenter\"><img loading=\"lazy\" decoding=\"async\" width=\"500\" height=\"284\" src=\"https:\/\/fanfare-zebaliz.com\/wp-content\/uploads\/2019\/08\/Argot-du-bruit.jpg\" alt=\"\" class=\"wp-image-690\"\/><\/figure><\/div>\n<\/div>\n<\/div><\/div>\n\n\n\n<p style=\"text-align:center\"><strong>Pascal Comelade. Arrgt Georges<\/strong><\/p>\n\n\n\n<p>Un des auteurs pr\u00e9f\u00e9r\u00e9s de notre PAV (pr\u00e9sident \u00e0 vie) et de Fanch, notre cin\u00e9aste attitr\u00e9, qui a absolument tenu \u00e0 r\u00e9aliser son g\u00e9n\u00e9rique avec cet air. Tant\u00f4t extraordinaire d\u2019intensit\u00e9 et d\u2019\u00e9motion, tant\u00f4t ennuyeux \u00e0 mourir et soporifique, cet air va et vient, manquant plusieurs fois de tomber dans l\u2019oubli lors des votes passionn\u00e9s qui ponctuent les AG annuelles&#8230;<\/p>\n\n\n\n<div class=\"wp-block-file aligncenter\"><a href=\"https:\/\/fanfare-zebaliz.com\/wp-content\/uploads\/2019\/08\/Argot-du-bruit.pdf\">Les partoches :<\/a><a href=\"https:\/\/fanfare-zebaliz.com\/wp-content\/uploads\/2019\/08\/Argot-du-bruit.pdf\" class=\"wp-block-file__button\" download>T\u00e9l\u00e9charger<\/a><\/div>\n","protected":false},"excerpt":{"rendered":"<p>Pascal Comelade. Arrgt Georges Un des auteurs pr\u00e9f\u00e9r\u00e9s de notre PAV (pr\u00e9sident \u00e0 vie) et de Fanch, notre cin\u00e9aste attitr\u00e9, qui a absolument tenu \u00e0 r\u00e9aliser son g\u00e9n\u00e9rique avec cet air. Tant\u00f4t extraordinaire d\u2019intensit\u00e9 et d\u2019\u00e9motion, tant\u00f4t ennuyeux \u00e0 mourir et soporifique, cet air va et vient, manquant plusieurs fois [&hellip;]<\/p>\n","protected":false},"author":1,"featured_media":686,"parent":34,"menu_order":0,"comment_status":"closed","ping_status":"closed","template":"","meta":{"footnotes":""},"class_list":["post-689","page","type-page","status-publish","has-post-thumbnail","hentry"],"_links":{"self":[{"href":"https:\/\/fanfare-zebaliz.com\/index.php\/wp-json\/wp\/v2\/pages\/689","targetHints":{"allow":["GET"]}}],"collection":[{"href":"https:\/\/fanfare-zebaliz.com\/index.php\/wp-json\/wp\/v2\/pages"}],"about":[{"href":"https:\/\/fanfare-zebaliz.com\/index.php\/wp-json\/wp\/v2\/types\/page"}],"author":[{"embeddable":true,"href":"https:\/\/fanfare-zebaliz.com\/index.php\/wp-json\/wp\/v2\/users\/1"}],"replies":[{"embeddable":true,"href":"https:\/\/fanfare-zebaliz.com\/index.php\/wp-json\/wp\/v2\/comments?post=689"}],"version-history":[{"count":1,"href":"https:\/\/fanfare-zebaliz.com\/index.php\/wp-json\/wp\/v2\/pages\/689\/revisions"}],"predecessor-version":[{"id":692,"href":"https:\/\/fanfare-zebaliz.com\/index.php\/wp-json\/wp\/v2\/pages\/689\/revisions\/692"}],"up":[{"embeddable":true,"href":"https:\/\/fanfare-zebaliz.com\/index.php\/wp-json\/wp\/v2\/pages\/34"}],"wp:featuredmedia":[{"embeddable":true,"href":"https:\/\/fanfare-zebaliz.com\/index.php\/wp-json\/wp\/v2\/media\/686"}],"wp:attachment":[{"href":"https:\/\/fanfare-zebaliz.com\/index.php\/wp-json\/wp\/v2\/media?parent=689"}],"curies":[{"name":"wp","href":"https:\/\/api.w.org\/{rel}","templated":true}]}}