{"id":683,"date":"2019-08-27T08:17:32","date_gmt":"2019-08-27T06:17:32","guid":{"rendered":"http:\/\/lctufbf.cluster020.hosting.ovh.net\/?page_id=683"},"modified":"2019-08-27T08:17:32","modified_gmt":"2019-08-27T06:17:32","slug":"alexandrie-alexandra","status":"publish","type":"page","link":"https:\/\/fanfare-zebaliz.com\/index.php\/partoches\/alexandrie-alexandra\/","title":{"rendered":"Alexandrie, Alexandra"},"content":{"rendered":"\n<div class=\"wp-block-themeisle-blocks-advanced-columns has-1-columns has-desktop-equal-layout has-tablet-equal-layout has-mobile-equal-layout has-default-gap has-vertical-unset\" id=\"wp-block-themeisle-blocks-advanced-columns-1cfff830\" style=\"border-width:0px;border-style:solid;border-color:#000000;border-radius:0px;justify-content:unset\"><div class=\"wp-themeisle-block-overlay\" style=\"opacity:0.5;mix-blend-mode:normal\"><\/div><div class=\"innerblocks-wrap\">\n<div class=\"wp-block-themeisle-blocks-advanced-column\" id=\"wp-block-themeisle-blocks-advanced-column-3ea727b3\" style=\"border-width:0px;border-style:solid;border-color:#000000;border-radius:0px\">\n<div class=\"wp-block-image\"><figure class=\"aligncenter\"><img loading=\"lazy\" decoding=\"async\" width=\"600\" height=\"322\" src=\"https:\/\/fanfare-zebaliz.com\/wp-content\/uploads\/2019\/08\/Alexandrie2.mus-Conducteur-sib\u00e9-1.jpg\" alt=\"\" class=\"wp-image-684\"\/><\/figure><\/div>\n<\/div>\n<\/div><\/div>\n\n\n\n<p style=\"text-align:center\"><strong>Claude Fran\u00e7ois et Jean-Pierre Bourtayre. Paroles de \u00c9tienne Rodagil. Arrangement Georges<\/strong><\/p>\n\n\n\n<p>La fanfare se lance dans le disco \u00e0 l&rsquo;occasion du choix de cet incontournable de la chanson des seventies, qui sortit en 45 tours le jour de l&rsquo;enterrement de Cloclo. Nos Z\u00e9balizettes se tr\u00e9moussent langoureusement et font briller le phare d&rsquo;Alexandrie jusqu&rsquo;\u00e0 Tokyo, Melbourne et Berlin-Plouz\u00e9v\u00e9d\u00e9.<\/p>\n\n\n\n<div class=\"wp-block-file aligncenter\"><a href=\"https:\/\/fanfare-zebaliz.com\/wp-content\/uploads\/2019\/08\/Alexandrie-tout.pdf\">Alexandrie-tout<\/a><a href=\"https:\/\/fanfare-zebaliz.com\/wp-content\/uploads\/2019\/08\/Alexandrie-tout.pdf\" class=\"wp-block-file__button\" download>T\u00e9l\u00e9charger<\/a><\/div>\n","protected":false},"excerpt":{"rendered":"<p>Claude Fran\u00e7ois et Jean-Pierre Bourtayre. Paroles de \u00c9tienne Rodagil. Arrangement Georges La fanfare se lance dans le disco \u00e0 l&rsquo;occasion du choix de cet incontournable de la chanson des seventies, qui sortit en 45 tours le jour de l&rsquo;enterrement de Cloclo. Nos Z\u00e9balizettes se tr\u00e9moussent langoureusement et font briller le [&hellip;]<\/p>\n","protected":false},"author":1,"featured_media":686,"parent":34,"menu_order":0,"comment_status":"closed","ping_status":"closed","template":"","meta":{"footnotes":""},"class_list":["post-683","page","type-page","status-publish","has-post-thumbnail","hentry"],"_links":{"self":[{"href":"https:\/\/fanfare-zebaliz.com\/index.php\/wp-json\/wp\/v2\/pages\/683","targetHints":{"allow":["GET"]}}],"collection":[{"href":"https:\/\/fanfare-zebaliz.com\/index.php\/wp-json\/wp\/v2\/pages"}],"about":[{"href":"https:\/\/fanfare-zebaliz.com\/index.php\/wp-json\/wp\/v2\/types\/page"}],"author":[{"embeddable":true,"href":"https:\/\/fanfare-zebaliz.com\/index.php\/wp-json\/wp\/v2\/users\/1"}],"replies":[{"embeddable":true,"href":"https:\/\/fanfare-zebaliz.com\/index.php\/wp-json\/wp\/v2\/comments?post=683"}],"version-history":[{"count":2,"href":"https:\/\/fanfare-zebaliz.com\/index.php\/wp-json\/wp\/v2\/pages\/683\/revisions"}],"predecessor-version":[{"id":743,"href":"https:\/\/fanfare-zebaliz.com\/index.php\/wp-json\/wp\/v2\/pages\/683\/revisions\/743"}],"up":[{"embeddable":true,"href":"https:\/\/fanfare-zebaliz.com\/index.php\/wp-json\/wp\/v2\/pages\/34"}],"wp:featuredmedia":[{"embeddable":true,"href":"https:\/\/fanfare-zebaliz.com\/index.php\/wp-json\/wp\/v2\/media\/686"}],"wp:attachment":[{"href":"https:\/\/fanfare-zebaliz.com\/index.php\/wp-json\/wp\/v2\/media?parent=683"}],"curies":[{"name":"wp","href":"https:\/\/api.w.org\/{rel}","templated":true}]}}