{"id":635,"date":"2019-08-25T17:50:39","date_gmt":"2019-08-25T15:50:39","guid":{"rendered":"http:\/\/lctufbf.cluster020.hosting.ovh.net\/?page_id=635"},"modified":"2019-08-25T17:50:40","modified_gmt":"2019-08-25T15:50:40","slug":"sat","status":"publish","type":"page","link":"https:\/\/fanfare-zebaliz.com\/index.php\/partoches\/sat\/","title":{"rendered":"Sat"},"content":{"rendered":"\n<div class=\"wp-block-image\"><figure class=\"aligncenter\"><img loading=\"lazy\" decoding=\"async\" width=\"450\" height=\"237\" src=\"https:\/\/fanfare-zebaliz.com\/wp-content\/uploads\/2019\/08\/Sat.jpg\" alt=\"\" class=\"wp-image-636\" srcset=\"https:\/\/fanfare-zebaliz.com\/wp-content\/uploads\/2019\/08\/Sat.jpg 450w, https:\/\/fanfare-zebaliz.com\/wp-content\/uploads\/2019\/08\/Sat-300x158.jpg 300w\" sizes=\"auto, (max-width: 450px) 100vw, 450px\" \/><\/figure><\/div>\n\n\n\n<p style=\"text-align:center\"><strong>Traditionnel emprunt\u00e9 au Boban Markovic orkestar<\/strong> (arrgt Georges)<\/p>\n\n\n\n<p>Le grand nouveau de Z\u00e9baliz, la premi\u00e8re fois que Nathalie ne se prend pas un rateau lors du choix des morceaux, un grand, grand, grand classique. Un effort surhumain des t\u00e9nors, qui, il faut le dire, assurent \u00e0 la fanfare un tapis harmonique dont r\u00eavent nombre de musiciens. Les brusques silences dans la m\u00e9lodie ajoutent une tension surhumaine \u00e0 cette m\u00e9lop\u00e9e lancinante, fascinante et insolite.&nbsp;Merci Nathalie&nbsp;!<\/p>\n\n\n\n<div class=\"wp-block-file aligncenter\"><a href=\"https:\/\/fanfare-zebaliz.com\/wp-content\/uploads\/2019\/08\/Sat.pdf\">Les partoches<\/a><a href=\"https:\/\/fanfare-zebaliz.com\/wp-content\/uploads\/2019\/08\/Sat.pdf\" class=\"wp-block-file__button\" download>T\u00e9l\u00e9charger<\/a><\/div>\n\n\n\n<div class=\"wp-block-themeisle-blocks-advanced-columns has-1-columns has-desktop-equal-layout has-tablet-equal-layout has-mobile-equal-layout has-default-gap has-vertical-unset\" id=\"wp-block-themeisle-blocks-advanced-columns-933815c4\" style=\"border-width:0px;border-style:solid;border-color:#000000;border-radius:0px;justify-content:unset\"><div class=\"wp-themeisle-block-overlay\" style=\"opacity:0.5;mix-blend-mode:normal\"><\/div><div class=\"innerblocks-wrap\">\n<div class=\"wp-block-themeisle-blocks-advanced-column\" id=\"wp-block-themeisle-blocks-advanced-column-0698e039\" style=\"border-width:0px;border-style:solid;border-color:#000000;border-radius:0px\">\n<p><\/p>\n<\/div>\n<\/div><\/div>\n","protected":false},"excerpt":{"rendered":"<p>Traditionnel emprunt\u00e9 au Boban Markovic orkestar (arrgt Georges) Le grand nouveau de Z\u00e9baliz, la premi\u00e8re fois que Nathalie ne se prend pas un rateau lors du choix des morceaux, un grand, grand, grand classique. Un effort surhumain des t\u00e9nors, qui, il faut le dire, assurent \u00e0 la fanfare un tapis [&hellip;]<\/p>\n","protected":false},"author":1,"featured_media":194,"parent":34,"menu_order":0,"comment_status":"closed","ping_status":"closed","template":"","meta":{"footnotes":""},"class_list":["post-635","page","type-page","status-publish","has-post-thumbnail","hentry"],"_links":{"self":[{"href":"https:\/\/fanfare-zebaliz.com\/index.php\/wp-json\/wp\/v2\/pages\/635","targetHints":{"allow":["GET"]}}],"collection":[{"href":"https:\/\/fanfare-zebaliz.com\/index.php\/wp-json\/wp\/v2\/pages"}],"about":[{"href":"https:\/\/fanfare-zebaliz.com\/index.php\/wp-json\/wp\/v2\/types\/page"}],"author":[{"embeddable":true,"href":"https:\/\/fanfare-zebaliz.com\/index.php\/wp-json\/wp\/v2\/users\/1"}],"replies":[{"embeddable":true,"href":"https:\/\/fanfare-zebaliz.com\/index.php\/wp-json\/wp\/v2\/comments?post=635"}],"version-history":[{"count":1,"href":"https:\/\/fanfare-zebaliz.com\/index.php\/wp-json\/wp\/v2\/pages\/635\/revisions"}],"predecessor-version":[{"id":638,"href":"https:\/\/fanfare-zebaliz.com\/index.php\/wp-json\/wp\/v2\/pages\/635\/revisions\/638"}],"up":[{"embeddable":true,"href":"https:\/\/fanfare-zebaliz.com\/index.php\/wp-json\/wp\/v2\/pages\/34"}],"wp:featuredmedia":[{"embeddable":true,"href":"https:\/\/fanfare-zebaliz.com\/index.php\/wp-json\/wp\/v2\/media\/194"}],"wp:attachment":[{"href":"https:\/\/fanfare-zebaliz.com\/index.php\/wp-json\/wp\/v2\/media?parent=635"}],"curies":[{"name":"wp","href":"https:\/\/api.w.org\/{rel}","templated":true}]}}