{"id":611,"date":"2019-08-24T11:51:32","date_gmt":"2019-08-24T09:51:32","guid":{"rendered":"http:\/\/lctufbf.cluster020.hosting.ovh.net\/?page_id=611"},"modified":"2019-08-24T12:01:08","modified_gmt":"2019-08-24T10:01:08","slug":"crazy-in-love","status":"publish","type":"page","link":"https:\/\/fanfare-zebaliz.com\/index.php\/partoches\/crazy-in-love\/","title":{"rendered":"Crazy in love"},"content":{"rendered":"\n<figure class=\"wp-block-image\"><img loading=\"lazy\" decoding=\"async\" width=\"600\" height=\"324\" src=\"https:\/\/fanfare-zebaliz.com\/wp-content\/uploads\/2019\/08\/Crazy-in-love-Z-1.jpg\" alt=\"\" class=\"wp-image-613\" srcset=\"https:\/\/fanfare-zebaliz.com\/wp-content\/uploads\/2019\/08\/Crazy-in-love-Z-1.jpg 600w, https:\/\/fanfare-zebaliz.com\/wp-content\/uploads\/2019\/08\/Crazy-in-love-Z-1-300x162.jpg 300w\" sizes=\"auto, (max-width: 600px) 100vw, 600px\" \/><\/figure>\n\n\n\n<p style=\"text-align:center\"><strong>Fou d&rsquo;amour par Beyonc\u00e9 et Jay-Z, arrang\u00e9 par Georges<\/strong><\/p>\n\n\n\n<div class=\"wp-block-themeisle-blocks-advanced-columns has-1-columns has-desktop-equal-layout has-tablet-equal-layout has-mobile-equal-layout has-default-gap has-vertical-unset\" id=\"wp-block-themeisle-blocks-advanced-columns-effd6b30\" style=\"border-width:0px;border-style:solid;border-color:#000000;border-radius:0px;justify-content:unset\"><div class=\"wp-themeisle-block-overlay\" style=\"opacity:0.5;mix-blend-mode:normal\"><\/div><div class=\"innerblocks-wrap\">\n<div class=\"wp-block-themeisle-blocks-advanced-column\" id=\"wp-block-themeisle-blocks-advanced-column-16b649c1\" style=\"border-width:0px;border-style:solid;border-color:#000000;border-radius:0px\">\n<p>C&rsquo;est Florence (Flov) qui proposa cette musique, une premi\u00e8re pour la fanfare, arriv\u00e9e tout juste derri\u00e8re Aretha Franklin au classement (le rateau du jour \u00e9chut \u00e0 Pharrell Williams) . Un beau solo met en valeur les qualit\u00e9s intrins\u00e8ques du pupitre des altos, tandis qu&rsquo;au \u00ab\u00a0son\u00a0\u00bb du rap central,  les trombones esquissent un andro qui rappelle \u00e0 tous l&rsquo;universalit\u00e9 de la musique et le m\u00e9lange culturel qui sied au RnB, aux trombones et \u00e0 Z\u00e9baliz en g\u00e9n\u00e9ral.<\/p>\n<\/div>\n<\/div><\/div>\n\n\n\n<div class=\"wp-block-file aligncenter\"><a href=\"https:\/\/fanfare-zebaliz.com\/wp-content\/uploads\/2019\/08\/Crazy-in-love-tout.pdf\" target=\"_blank\" rel=\"noreferrer noopener\">Les partoches :<\/a><a href=\"https:\/\/fanfare-zebaliz.com\/wp-content\/uploads\/2019\/08\/Crazy-in-love-tout.pdf\" class=\"wp-block-file__button\" download>T\u00e9l\u00e9charger<\/a><\/div>\n","protected":false},"excerpt":{"rendered":"<p>Fou d&rsquo;amour par Beyonc\u00e9 et Jay-Z, arrang\u00e9 par Georges<\/p>\n","protected":false},"author":1,"featured_media":194,"parent":34,"menu_order":0,"comment_status":"closed","ping_status":"closed","template":"","meta":{"footnotes":""},"class_list":["post-611","page","type-page","status-publish","has-post-thumbnail","hentry"],"_links":{"self":[{"href":"https:\/\/fanfare-zebaliz.com\/index.php\/wp-json\/wp\/v2\/pages\/611","targetHints":{"allow":["GET"]}}],"collection":[{"href":"https:\/\/fanfare-zebaliz.com\/index.php\/wp-json\/wp\/v2\/pages"}],"about":[{"href":"https:\/\/fanfare-zebaliz.com\/index.php\/wp-json\/wp\/v2\/types\/page"}],"author":[{"embeddable":true,"href":"https:\/\/fanfare-zebaliz.com\/index.php\/wp-json\/wp\/v2\/users\/1"}],"replies":[{"embeddable":true,"href":"https:\/\/fanfare-zebaliz.com\/index.php\/wp-json\/wp\/v2\/comments?post=611"}],"version-history":[{"count":3,"href":"https:\/\/fanfare-zebaliz.com\/index.php\/wp-json\/wp\/v2\/pages\/611\/revisions"}],"predecessor-version":[{"id":620,"href":"https:\/\/fanfare-zebaliz.com\/index.php\/wp-json\/wp\/v2\/pages\/611\/revisions\/620"}],"up":[{"embeddable":true,"href":"https:\/\/fanfare-zebaliz.com\/index.php\/wp-json\/wp\/v2\/pages\/34"}],"wp:featuredmedia":[{"embeddable":true,"href":"https:\/\/fanfare-zebaliz.com\/index.php\/wp-json\/wp\/v2\/media\/194"}],"wp:attachment":[{"href":"https:\/\/fanfare-zebaliz.com\/index.php\/wp-json\/wp\/v2\/media?parent=611"}],"curies":[{"name":"wp","href":"https:\/\/api.w.org\/{rel}","templated":true}]}}