{"id":585,"date":"2019-08-23T21:45:01","date_gmt":"2019-08-23T19:45:01","guid":{"rendered":"http:\/\/lctufbf.cluster020.hosting.ovh.net\/?page_id=585"},"modified":"2019-08-23T21:45:01","modified_gmt":"2019-08-23T19:45:01","slug":"sur-le-pont-des-arts","status":"publish","type":"page","link":"https:\/\/fanfare-zebaliz.com\/index.php\/partoches\/sur-le-pont-des-arts\/","title":{"rendered":"Sur le pont des Arts"},"content":{"rendered":"\n<figure class=\"wp-block-image\"><img loading=\"lazy\" decoding=\"async\" width=\"600\" height=\"301\" src=\"https:\/\/fanfare-zebaliz.com\/wp-content\/uploads\/2019\/08\/Pont-des-arts-tout-11.jpg\" alt=\"\" class=\"wp-image-586\" srcset=\"https:\/\/fanfare-zebaliz.com\/wp-content\/uploads\/2019\/08\/Pont-des-arts-tout-11.jpg 600w, https:\/\/fanfare-zebaliz.com\/wp-content\/uploads\/2019\/08\/Pont-des-arts-tout-11-300x151.jpg 300w\" sizes=\"auto, (max-width: 600px) 100vw, 600px\" \/><\/figure>\n\n\n\n<div class=\"wp-block-themeisle-blocks-advanced-columns has-1-columns has-desktop-equal-layout has-tablet-equal-layout has-mobile-equal-layout has-default-gap has-vertical-unset\" id=\"wp-block-themeisle-blocks-advanced-columns-864cf4ea\" style=\"border-width:0px;border-style:solid;border-color:#000000;border-radius:0px;justify-content:unset\"><div class=\"wp-themeisle-block-overlay\" style=\"opacity:0.5;mix-blend-mode:normal\"><\/div><div class=\"innerblocks-wrap\">\n<div class=\"wp-block-themeisle-blocks-advanced-column\" id=\"wp-block-themeisle-blocks-advanced-column-94e93377\" style=\"border-width:0px;border-style:solid;border-color:#000000;border-radius:0px\">\n<p><strong>Inspir\u00e9 de la chanson de Brassens \u00ab\u00a0Le vent\u00a0\u00bb (1954)<\/strong><\/p>\n<\/div>\n<\/div><\/div>\n\n\n\n<p>Un titre pl\u00e9biscit\u00e9 lors de la derni\u00e8re ag\u00e9 qui donne \u00e0 la trompette un solo de tout premier ordre. Notre trompette solo \u00e9tant tomb\u00e9 du c\u00f4t\u00e9 obscur (en se mettant \u00e0 jouer du trombone), Denis et Antoine improvisent vaillamment le d\u00e9but du morceau. Quelques silences \u00ab\u00a0incongrus\u00a0\u00bb viennent troubler la tranquille avanc\u00e9e du morceau, permettant de r\u00e9veiller Annie qui s\u2019endort ou le pupitre des sax qui pense d\u00e9j\u00e0 au prochain morceau choisi&#8230;<\/p>\n\n\n\n<div class=\"wp-block-file aligncenter\"><a href=\"https:\/\/fanfare-zebaliz.com\/wp-content\/uploads\/2019\/08\/Pont-des-arts-tout.pdf\">Les partoches :<\/a><a href=\"https:\/\/fanfare-zebaliz.com\/wp-content\/uploads\/2019\/08\/Pont-des-arts-tout.pdf\" class=\"wp-block-file__button\" download>T\u00e9l\u00e9charger<\/a><\/div>\n","protected":false},"excerpt":{"rendered":"<p>Un titre pl\u00e9biscit\u00e9 lors de la derni\u00e8re ag\u00e9 qui donne \u00e0 la trompette un solo de tout premier ordre. Notre trompette solo \u00e9tant tomb\u00e9 du c\u00f4t\u00e9 obscur (en se mettant \u00e0 jouer du trombone), Denis et Antoine improvisent vaillamment le d\u00e9but du morceau. Quelques silences \u00ab\u00a0incongrus\u00a0\u00bb viennent troubler la tranquille [&hellip;]<\/p>\n","protected":false},"author":1,"featured_media":194,"parent":34,"menu_order":0,"comment_status":"closed","ping_status":"closed","template":"","meta":{"footnotes":""},"class_list":["post-585","page","type-page","status-publish","has-post-thumbnail","hentry"],"_links":{"self":[{"href":"https:\/\/fanfare-zebaliz.com\/index.php\/wp-json\/wp\/v2\/pages\/585","targetHints":{"allow":["GET"]}}],"collection":[{"href":"https:\/\/fanfare-zebaliz.com\/index.php\/wp-json\/wp\/v2\/pages"}],"about":[{"href":"https:\/\/fanfare-zebaliz.com\/index.php\/wp-json\/wp\/v2\/types\/page"}],"author":[{"embeddable":true,"href":"https:\/\/fanfare-zebaliz.com\/index.php\/wp-json\/wp\/v2\/users\/1"}],"replies":[{"embeddable":true,"href":"https:\/\/fanfare-zebaliz.com\/index.php\/wp-json\/wp\/v2\/comments?post=585"}],"version-history":[{"count":2,"href":"https:\/\/fanfare-zebaliz.com\/index.php\/wp-json\/wp\/v2\/pages\/585\/revisions"}],"predecessor-version":[{"id":598,"href":"https:\/\/fanfare-zebaliz.com\/index.php\/wp-json\/wp\/v2\/pages\/585\/revisions\/598"}],"up":[{"embeddable":true,"href":"https:\/\/fanfare-zebaliz.com\/index.php\/wp-json\/wp\/v2\/pages\/34"}],"wp:featuredmedia":[{"embeddable":true,"href":"https:\/\/fanfare-zebaliz.com\/index.php\/wp-json\/wp\/v2\/media\/194"}],"wp:attachment":[{"href":"https:\/\/fanfare-zebaliz.com\/index.php\/wp-json\/wp\/v2\/media?parent=585"}],"curies":[{"name":"wp","href":"https:\/\/api.w.org\/{rel}","templated":true}]}}