{"id":581,"date":"2019-08-23T21:42:04","date_gmt":"2019-08-23T19:42:04","guid":{"rendered":"http:\/\/lctufbf.cluster020.hosting.ovh.net\/?page_id=581"},"modified":"2019-08-23T21:42:05","modified_gmt":"2019-08-23T19:42:05","slug":"just-a-gigolo","status":"publish","type":"page","link":"https:\/\/fanfare-zebaliz.com\/index.php\/partoches\/just-a-gigolo\/","title":{"rendered":"Just a Gigolo"},"content":{"rendered":"\n<figure class=\"wp-block-image\"><img loading=\"lazy\" decoding=\"async\" width=\"600\" height=\"306\" src=\"https:\/\/fanfare-zebaliz.com\/wp-content\/uploads\/2019\/08\/Just-a-gigolo-Z.mus-1.jpg\" alt=\"\" class=\"wp-image-582\" srcset=\"https:\/\/fanfare-zebaliz.com\/wp-content\/uploads\/2019\/08\/Just-a-gigolo-Z.mus-1.jpg 600w, https:\/\/fanfare-zebaliz.com\/wp-content\/uploads\/2019\/08\/Just-a-gigolo-Z.mus-1-300x153.jpg 300w\" sizes=\"auto, (max-width: 600px) 100vw, 600px\" \/><\/figure>\n\n\n\n<div class=\"wp-block-themeisle-blocks-advanced-columns has-1-columns has-desktop-equal-layout has-tablet-equal-layout has-mobile-equal-layout has-default-gap has-vertical-unset\" id=\"wp-block-themeisle-blocks-advanced-columns-5add6fef\" style=\"border-width:0px;border-style:solid;border-color:#000000;border-radius:0px;justify-content:unset\"><div class=\"wp-themeisle-block-overlay\" style=\"opacity:0.5;mix-blend-mode:normal\"><\/div><div class=\"innerblocks-wrap\">\n<div class=\"wp-block-themeisle-blocks-advanced-column\" id=\"wp-block-themeisle-blocks-advanced-column-f713d521\" style=\"border-width:0px;border-style:solid;border-color:#000000;border-radius:0px\">\n<div class=\"wp-block-file aligncenter\"><a href=\"https:\/\/fanfare-zebaliz.com\/wp-content\/uploads\/2019\/08\/Just-a-gigolo-tout.pdf\">Les partoches de Just a Gigolo<\/a><a href=\"https:\/\/fanfare-zebaliz.com\/wp-content\/uploads\/2019\/08\/Just-a-gigolo-tout.pdf\" class=\"wp-block-file__button\" download>T\u00e9l\u00e9charger<\/a><\/div>\n\n\n\n<p style=\"text-align:center\"><strong>Immortalis\u00e9 par Louis Prima en 1956<\/strong><\/p>\n<\/div>\n<\/div><\/div>\n\n\n\n<p>Encore un titre pl\u00e9biscit\u00e9 \u00e0 l\u2019ag\u00e9, propos\u00e9 par Denis, en passe de devenir un grand classique apr\u00e8s un long travail de mise en place. Donne quelques solos et breaks remarquables au trompettes et fait swinguer Maurice qui en redemande. Le morceau propose m\u00eame un espace d\u2019improvisation, ce qui est une grande premi\u00e8re \u00e0 la fanfare&nbsp;!<\/p>\n","protected":false},"excerpt":{"rendered":"<p>Encore un titre pl\u00e9biscit\u00e9 \u00e0 l\u2019ag\u00e9, propos\u00e9 par Denis, en passe de devenir un grand classique apr\u00e8s un long travail de mise en place. Donne quelques solos et breaks remarquables au trompettes et fait swinguer Maurice qui en redemande. Le morceau propose m\u00eame un espace d\u2019improvisation, ce qui est une [&hellip;]<\/p>\n","protected":false},"author":1,"featured_media":194,"parent":34,"menu_order":0,"comment_status":"closed","ping_status":"closed","template":"","meta":{"footnotes":""},"class_list":["post-581","page","type-page","status-publish","has-post-thumbnail","hentry"],"_links":{"self":[{"href":"https:\/\/fanfare-zebaliz.com\/index.php\/wp-json\/wp\/v2\/pages\/581","targetHints":{"allow":["GET"]}}],"collection":[{"href":"https:\/\/fanfare-zebaliz.com\/index.php\/wp-json\/wp\/v2\/pages"}],"about":[{"href":"https:\/\/fanfare-zebaliz.com\/index.php\/wp-json\/wp\/v2\/types\/page"}],"author":[{"embeddable":true,"href":"https:\/\/fanfare-zebaliz.com\/index.php\/wp-json\/wp\/v2\/users\/1"}],"replies":[{"embeddable":true,"href":"https:\/\/fanfare-zebaliz.com\/index.php\/wp-json\/wp\/v2\/comments?post=581"}],"version-history":[{"count":2,"href":"https:\/\/fanfare-zebaliz.com\/index.php\/wp-json\/wp\/v2\/pages\/581\/revisions"}],"predecessor-version":[{"id":600,"href":"https:\/\/fanfare-zebaliz.com\/index.php\/wp-json\/wp\/v2\/pages\/581\/revisions\/600"}],"up":[{"embeddable":true,"href":"https:\/\/fanfare-zebaliz.com\/index.php\/wp-json\/wp\/v2\/pages\/34"}],"wp:featuredmedia":[{"embeddable":true,"href":"https:\/\/fanfare-zebaliz.com\/index.php\/wp-json\/wp\/v2\/media\/194"}],"wp:attachment":[{"href":"https:\/\/fanfare-zebaliz.com\/index.php\/wp-json\/wp\/v2\/media?parent=581"}],"curies":[{"name":"wp","href":"https:\/\/api.w.org\/{rel}","templated":true}]}}