{"id":570,"date":"2019-08-23T20:53:30","date_gmt":"2019-08-23T18:53:30","guid":{"rendered":"http:\/\/lctufbf.cluster020.hosting.ovh.net\/?page_id=570"},"modified":"2019-08-23T20:58:28","modified_gmt":"2019-08-23T18:58:28","slug":"andro","status":"publish","type":"page","link":"https:\/\/fanfare-zebaliz.com\/index.php\/partoches\/andro\/","title":{"rendered":"Andro"},"content":{"rendered":"\n<div class=\"wp-block-themeisle-blocks-advanced-columns has-1-columns has-desktop-equal-layout has-tablet-equal-layout has-mobile-equal-layout has-default-gap has-vertical-unset\" id=\"wp-block-themeisle-blocks-advanced-columns-f86321f5\" style=\"border-width:0px;border-style:solid;border-color:#000000;border-radius:0px;justify-content:unset\"><div class=\"wp-themeisle-block-overlay\" style=\"opacity:0.5;mix-blend-mode:normal\"><\/div><div class=\"innerblocks-wrap\">\n<div class=\"wp-block-themeisle-blocks-advanced-column\" id=\"wp-block-themeisle-blocks-advanced-column-c8e54c6b\" style=\"border-width:0px;border-style:solid;border-color:#000000;border-radius:0px\">\n<figure class=\"wp-block-image\"><img loading=\"lazy\" decoding=\"async\" width=\"600\" height=\"454\" src=\"https:\/\/fanfare-zebaliz.com\/wp-content\/uploads\/2019\/08\/Andro-conducteur-2.jpg\" alt=\"\" class=\"wp-image-571\" srcset=\"https:\/\/fanfare-zebaliz.com\/wp-content\/uploads\/2019\/08\/Andro-conducteur-2.jpg 600w, https:\/\/fanfare-zebaliz.com\/wp-content\/uploads\/2019\/08\/Andro-conducteur-2-300x227.jpg 300w\" sizes=\"auto, (max-width: 600px) 100vw, 600px\" \/><\/figure>\n<\/div>\n<\/div><\/div>\n\n\n\n<div class=\"wp-block-file aligncenter\"><a href=\"https:\/\/fanfare-zebaliz.com\/wp-content\/uploads\/2019\/08\/Andro-ABS-tout.pdf\">Les partoches de l&rsquo;Andro<\/a><a href=\"https:\/\/fanfare-zebaliz.com\/wp-content\/uploads\/2019\/08\/Andro-ABS-tout.pdf\" class=\"wp-block-file__button\" download>T\u00e9l\u00e9charger<\/a><\/div>\n\n\n\n<p style=\"text-align:center\"><strong>Danse traditionnelle bretonne arrang\u00e9e par Gildas Claquin<\/strong><\/p>\n\n\n\n<p>Une belle danse d\u00e9lassante arrang\u00e9e par Gildas Claquin pour ABS (A bout de souffle), morceau commun du festival 2012. Elle comprend en fait deux danses&nbsp;: mesures 1 \u00e0 10 et 11 \u00e0 26. On peut par exemple interpr\u00e9ter 2 fois la premi\u00e8re danse, puis 2 fois la seconde, et recommencer <em>ad nauseum<\/em> jusqu\u2019\u00e0 \u00e9puisement des danseurs (ou des musiciens). On peut aussi, dans la premi\u00e8re danse, faire entrer les instruments un par un.<\/p>\n","protected":false},"excerpt":{"rendered":"<p>Danse traditionnelle bretonne arrang\u00e9e par Gildas Claquin Une belle danse d\u00e9lassante arrang\u00e9e par Gildas Claquin pour ABS (A bout de souffle), morceau commun du festival 2012. Elle comprend en fait deux danses&nbsp;: mesures 1 \u00e0 10 et 11 \u00e0 26. On peut par exemple interpr\u00e9ter 2 fois la premi\u00e8re danse, [&hellip;]<\/p>\n","protected":false},"author":1,"featured_media":194,"parent":34,"menu_order":0,"comment_status":"closed","ping_status":"closed","template":"","meta":{"footnotes":""},"class_list":["post-570","page","type-page","status-publish","has-post-thumbnail","hentry"],"_links":{"self":[{"href":"https:\/\/fanfare-zebaliz.com\/index.php\/wp-json\/wp\/v2\/pages\/570","targetHints":{"allow":["GET"]}}],"collection":[{"href":"https:\/\/fanfare-zebaliz.com\/index.php\/wp-json\/wp\/v2\/pages"}],"about":[{"href":"https:\/\/fanfare-zebaliz.com\/index.php\/wp-json\/wp\/v2\/types\/page"}],"author":[{"embeddable":true,"href":"https:\/\/fanfare-zebaliz.com\/index.php\/wp-json\/wp\/v2\/users\/1"}],"replies":[{"embeddable":true,"href":"https:\/\/fanfare-zebaliz.com\/index.php\/wp-json\/wp\/v2\/comments?post=570"}],"version-history":[{"count":2,"href":"https:\/\/fanfare-zebaliz.com\/index.php\/wp-json\/wp\/v2\/pages\/570\/revisions"}],"predecessor-version":[{"id":579,"href":"https:\/\/fanfare-zebaliz.com\/index.php\/wp-json\/wp\/v2\/pages\/570\/revisions\/579"}],"up":[{"embeddable":true,"href":"https:\/\/fanfare-zebaliz.com\/index.php\/wp-json\/wp\/v2\/pages\/34"}],"wp:featuredmedia":[{"embeddable":true,"href":"https:\/\/fanfare-zebaliz.com\/index.php\/wp-json\/wp\/v2\/media\/194"}],"wp:attachment":[{"href":"https:\/\/fanfare-zebaliz.com\/index.php\/wp-json\/wp\/v2\/media?parent=570"}],"curies":[{"name":"wp","href":"https:\/\/api.w.org\/{rel}","templated":true}]}}