{"id":566,"date":"2019-08-23T20:50:26","date_gmt":"2019-08-23T18:50:26","guid":{"rendered":"http:\/\/lctufbf.cluster020.hosting.ovh.net\/?page_id=566"},"modified":"2019-08-23T20:57:34","modified_gmt":"2019-08-23T18:57:34","slug":"valse-brezhoneg","status":"publish","type":"page","link":"https:\/\/fanfare-zebaliz.com\/index.php\/partoches\/valse-brezhoneg\/","title":{"rendered":"Valse brezhoneg"},"content":{"rendered":"\n<div class=\"wp-block-themeisle-blocks-advanced-columns has-1-columns has-desktop-equal-layout has-tablet-equal-layout has-mobile-equal-layout has-default-gap has-vertical-unset\" id=\"wp-block-themeisle-blocks-advanced-columns-89dd2a93\" style=\"border-width:0px;border-style:solid;border-color:#000000;border-radius:0px;justify-content:unset\"><div class=\"wp-themeisle-block-overlay\" style=\"opacity:0.5;mix-blend-mode:normal\"><\/div><div class=\"innerblocks-wrap\">\n<div class=\"wp-block-themeisle-blocks-advanced-column\" id=\"wp-block-themeisle-blocks-advanced-column-30d6a915\" style=\"border-width:0px;border-style:solid;border-color:#000000;border-radius:0px\">\n<figure class=\"wp-block-image\"><img loading=\"lazy\" decoding=\"async\" width=\"600\" height=\"297\" src=\"https:\/\/fanfare-zebaliz.com\/wp-content\/uploads\/2019\/08\/Valse-Brezonneg-raok-2.jpg\" alt=\"\" class=\"wp-image-567\" srcset=\"https:\/\/fanfare-zebaliz.com\/wp-content\/uploads\/2019\/08\/Valse-Brezonneg-raok-2.jpg 600w, https:\/\/fanfare-zebaliz.com\/wp-content\/uploads\/2019\/08\/Valse-Brezonneg-raok-2-300x149.jpg 300w\" sizes=\"auto, (max-width: 600px) 100vw, 600px\" \/><\/figure>\n<\/div>\n<\/div><\/div>\n\n\n\n<div class=\"wp-block-file aligncenter\"><a href=\"https:\/\/fanfare-zebaliz.com\/wp-content\/uploads\/2019\/08\/Valse-brezhoneg.pdf\">Les partoches de la valse :<\/a><a href=\"https:\/\/fanfare-zebaliz.com\/wp-content\/uploads\/2019\/08\/Valse-brezhoneg.pdf\" class=\"wp-block-file__button\" download>T\u00e9l\u00e9charger<\/a><\/div>\n\n\n\n<p style=\"text-align:center\"><strong>Tr\u00e8s, tr\u00e8s librement inspir\u00e9 d\u2019un air de Stivell<\/strong><br><\/p>\n\n\n\n<p>Commande du festival <em>La vie en Reuz<\/em> \u00e0 Douarnenez, o\u00f9 chaque fanfare devait livrer SA version d\u2019un air repris par Alan Stivell&nbsp;: <em>Brezhoneg raok<\/em>. Le d\u00e9tournement de cette m\u00e9lodie a provoqu\u00e9 la naissance d\u2019une valse qui hante certains z\u00e9baliziens jour et nuit (sic) tant la m\u00e9lodie modale (grand d\u00e9bat z\u00e9balizien&nbsp;: tonal ou modal&nbsp;?) p\u00e9n\u00e8tre les quelques neurones encore en action du fanfaron moyen. Normalement facile \u00e0 monter (puisque Z\u00e9baliz l\u2019a mis en place en une r\u00e9p\u00e9), cette belle valse entrainera les foules dans des flonflons virevoltants. On peut r\u00e9p\u00e9ter de B \u00e0 G deux fois.<\/p>\n","protected":false},"excerpt":{"rendered":"<p>Tr\u00e8s, tr\u00e8s librement inspir\u00e9 d\u2019un air de Stivell Commande du festival La vie en Reuz \u00e0 Douarnenez, o\u00f9 chaque fanfare devait livrer SA version d\u2019un air repris par Alan Stivell&nbsp;: Brezhoneg raok. Le d\u00e9tournement de cette m\u00e9lodie a provoqu\u00e9 la naissance d\u2019une valse qui hante certains z\u00e9baliziens jour et nuit [&hellip;]<\/p>\n","protected":false},"author":1,"featured_media":194,"parent":34,"menu_order":0,"comment_status":"closed","ping_status":"closed","template":"","meta":{"footnotes":""},"class_list":["post-566","page","type-page","status-publish","has-post-thumbnail","hentry"],"_links":{"self":[{"href":"https:\/\/fanfare-zebaliz.com\/index.php\/wp-json\/wp\/v2\/pages\/566","targetHints":{"allow":["GET"]}}],"collection":[{"href":"https:\/\/fanfare-zebaliz.com\/index.php\/wp-json\/wp\/v2\/pages"}],"about":[{"href":"https:\/\/fanfare-zebaliz.com\/index.php\/wp-json\/wp\/v2\/types\/page"}],"author":[{"embeddable":true,"href":"https:\/\/fanfare-zebaliz.com\/index.php\/wp-json\/wp\/v2\/users\/1"}],"replies":[{"embeddable":true,"href":"https:\/\/fanfare-zebaliz.com\/index.php\/wp-json\/wp\/v2\/comments?post=566"}],"version-history":[{"count":3,"href":"https:\/\/fanfare-zebaliz.com\/index.php\/wp-json\/wp\/v2\/pages\/566\/revisions"}],"predecessor-version":[{"id":578,"href":"https:\/\/fanfare-zebaliz.com\/index.php\/wp-json\/wp\/v2\/pages\/566\/revisions\/578"}],"up":[{"embeddable":true,"href":"https:\/\/fanfare-zebaliz.com\/index.php\/wp-json\/wp\/v2\/pages\/34"}],"wp:featuredmedia":[{"embeddable":true,"href":"https:\/\/fanfare-zebaliz.com\/index.php\/wp-json\/wp\/v2\/media\/194"}],"wp:attachment":[{"href":"https:\/\/fanfare-zebaliz.com\/index.php\/wp-json\/wp\/v2\/media?parent=566"}],"curies":[{"name":"wp","href":"https:\/\/api.w.org\/{rel}","templated":true}]}}