{"id":34,"date":"2019-07-29T17:25:57","date_gmt":"2019-07-29T15:25:57","guid":{"rendered":"http:\/\/lctufbf.cluster020.hosting.ovh.net\/?page_id=34"},"modified":"2023-11-18T15:38:28","modified_gmt":"2023-11-18T14:38:28","slug":"partoches","status":"publish","type":"page","link":"https:\/\/fanfare-zebaliz.com\/index.php\/partoches\/","title":{"rendered":"Partoches"},"content":{"rendered":"\t\t<div data-elementor-type=\"wp-post\" data-elementor-id=\"34\" class=\"elementor elementor-34\">\n\t\t\t\t\t\t\t\t\t<section class=\"elementor-section elementor-top-section elementor-element elementor-element-6ce345a0 elementor-section-boxed elementor-section-height-default elementor-section-height-default\" data-id=\"6ce345a0\" data-element_type=\"section\">\n\t\t\t\t\t\t<div class=\"elementor-container elementor-column-gap-default\">\n\t\t\t\t\t<div class=\"elementor-column elementor-col-100 elementor-top-column elementor-element elementor-element-67269cd7\" data-id=\"67269cd7\" data-element_type=\"column\">\n\t\t\t<div class=\"elementor-widget-wrap elementor-element-populated\">\n\t\t\t\t\t\t\t\t<div class=\"elementor-element elementor-element-c5dbb95 elementor-widget elementor-widget-text-editor\" data-id=\"c5dbb95\" data-element_type=\"widget\" data-widget_type=\"text-editor.default\">\n\t\t\t\t<div class=\"elementor-widget-container\">\n\t\t\t\t\t\t\t<!-- wp:paragraph -->\n<p>Tout ce que vous voulez savoir sur les muziques de la fanfare : les tonnes \u00e0 lisier (pas de b\u00e9mols ni de di\u00e8ses, on ne les connait pas), les fausses notes (m\u00eame commentaire), les r\u00e9duc pour les paresseux, les skores pour les Herbert Georges von B. et les mp3 ou les midi pour les vaillants fanfarons qui travaillent \u00e0 la maison (il y en a, si ! si !).<\/p>\n<!-- \/wp:paragraph --><!-- wp:paragraph -->\n<p><\/p>\n<!-- \/wp:paragraph --><!-- wp:paragraph --><!-- \/wp:paragraph --><!-- wp:paragraph -->\n<p><a rel=\"noreferrer noopener\" aria-label=\"Alexandrie alexandra (s\u2019ouvre dans un nouvel onglet)\" href=\"https:\/\/fanfare-zebaliz.com\/index.php\/partoches\/alexandrie-alexandra\/\" target=\"_blank\"><strong>Alexandrie alexandra<\/strong><\/a> (Claude Fran\u00e7ois, arrgt Georges)<br \/><strong> <\/strong><a rel=\"noreferrer noopener\" aria-label=\"Argot du bruit (s\u2019ouvre dans un nouvel onglet)\" href=\"https:\/\/fanfare-zebaliz.com\/index.php\/partoches\/largot-du-bruit\/\" target=\"_blank\"><strong>Argot du bruit<\/strong><\/a> (Pascal Comelade, arrgt Georges)<br \/>Allarie (trad. italien)<br \/><a href=\"https:\/\/fanfare-zebaliz.com\/index.php\/partoches\/andro\/\"> <\/a><strong><a rel=\"noreferrer noopener\" aria-label=\"Andro (s\u2019ouvre dans un nouvel onglet)\" href=\"https:\/\/fanfare-zebaliz.com\/index.php\/partoches\/andro\/\" target=\"_blank\">Andro<\/a><\/strong> (danse bretonne, arrgt Gildas Claquin )<br \/><a rel=\"noreferrer noopener\" aria-label=\" Arizona dream (s\u2019ouvre dans un nouvel onglet)\" href=\"https:\/\/fanfare-zebaliz.com\/index.php\/partoches\/arizona-dream\/\" target=\"_blank\"><strong> Arizona dream<\/strong><\/a> (Goran Bregovic, arrgt Georges)<br \/><a rel=\"noreferrer noopener\" aria-label=\"Baraat (s\u2019ouvre dans un nouvel onglet)\" href=\"https:\/\/fanfare-zebaliz.com\/index.php\/partoches\/baraat\/\" target=\"_blank\"><strong>Baraat<\/strong><\/a> (Michael Danna, Titubanda, arrgt Georges)<br \/><a rel=\"noreferrer noopener\" aria-label=\"Bei mir bist du sch\u00f6n (s\u2019ouvre dans un nouvel onglet)\" href=\"https:\/\/fanfare-zebaliz.com\/index.php\/partoches\/bei-mir-bist-du-schon\/\" target=\"_blank\"><strong>Bei mir bist du sch\u00f6n<\/strong><\/a> (Jacob Jacobs, Sholom Secunda, arrgt Georges)<br \/><a rel=\"noreferrer noopener\" aria-label=\" Besame mucho (s\u2019ouvre dans un nouvel onglet)\" href=\"https:\/\/fanfare-zebaliz.com\/index.php\/partoches\/besame-mucho\/\" target=\"_blank\"> <strong>Besame mucho<\/strong><\/a> (Consuelo Vel\u00e1zquez)<br \/><a rel=\"noreferrer noopener\" aria-label=\"Henna henna (s\u2019ouvre dans un nouvel onglet)\" href=\"https:\/\/fanfare-zebaliz.com\/index.php\/partoches\/henna-henna\/\" target=\"_blank\"><strong>Henna henna<\/strong><\/a> (Bombay Royale, arrgt Georges)<br \/><a rel=\"noreferrer noopener\" aria-label=\"Pas de Boogie-woogie (s\u2019ouvre dans un nouvel onglet)\" href=\"https:\/\/fanfare-zebaliz.com\/index.php\/pas-de-boogie-woogie\/\" target=\"_blank\"><strong>Pas de Boogie-woogie<\/strong><\/a> (Martine, Moine, arrgt Georges)<br \/>Breakfast in America (dispo en 2020, arrgt Georges)<br \/><a rel=\"noreferrer noopener\" aria-label=\"Brooklyn (s\u2019ouvre dans un nouvel onglet)\" href=\"https:\/\/fanfare-zebaliz.com\/index.php\/partoches\/brooklyn\/\" target=\"_blank\"><strong>Brooklyn<\/strong><\/a> (Young blood brass band, arrgt Georges)<br \/><a rel=\"noreferrer noopener\" aria-label=\"Bubamara (s\u2019ouvre dans un nouvel onglet)\" href=\"https:\/\/fanfare-zebaliz.com\/index.php\/partoches\/bubamara\/\" target=\"_blank\"><strong>Bubamara<\/strong><\/a> (Emir Kusturica)<br \/><strong> <\/strong><a rel=\"noreferrer noopener\" aria-label=\"\u00c7a (s\u2019ouvre dans un nouvel onglet)\" href=\"https:\/\/fanfare-zebaliz.com\/index.php\/partoches\/ca\/\" target=\"_blank\"><strong>\u00c7a<\/strong><\/a> (En el mundo) trad. (argot Claude Mazuret)<br \/><a rel=\"noreferrer noopener\" aria-label=\"La Carioca (s\u2019ouvre dans un nouvel onglet)\" href=\"https:\/\/fanfare-zebaliz.com\/index.php\/la-carioca\/\" target=\"_blank\"><strong>La Carioca<\/strong><\/a> (Thornton Freeland, arrgt Georges)<br \/><a rel=\"noreferrer noopener\" aria-label=\"Cek-cek (s\u2019ouvre dans un nouvel onglet)\" href=\"https:\/\/fanfare-zebaliz.com\/index.php\/partoches\/cek-cek\/\" target=\"_blank\"><strong>Cek-cek<\/strong><\/a> (Trad. Kocani orchestar)<br \/><strong> <\/strong><a rel=\"noreferrer noopener\" aria-label=\"Crazy in love (s\u2019ouvre dans un nouvel onglet)\" href=\"https:\/\/fanfare-zebaliz.com\/index.php\/partoches\/crazy-in-love\/\" target=\"_blank\"><strong>Crazy in love<\/strong><\/a> (Beyonce, arrgt Georges)<br \/><a rel=\"noreferrer noopener\" aria-label=\"Crozon, Air de brest (s\u2019ouvre dans un nouvel onglet)\" href=\"https:\/\/fanfare-zebaliz.com\/index.php\/partoches\/crozon\/\" target=\"_blank\"><strong>Crozon, Air de Brest<\/strong><\/a> (Maurice Fortier)<br \/><a rel=\"noreferrer noopener\" aria-label=\"Cumparsita (s\u2019ouvre dans un nouvel onglet)\" href=\"https:\/\/fanfare-zebaliz.com\/index.php\/partoches\/la-cumparsita\/\" target=\"_blank\"><strong>Cumparsita<\/strong><\/a> (Gerardo Matos Rodr\u00edguez, arrgt Claude Mazuret)<br \/><a rel=\"noreferrer noopener\" aria-label=\"French Cancan (s\u2019ouvre dans un nouvel onglet)\" href=\"https:\/\/fanfare-zebaliz.com\/index.php\/partoches\/french-cancan\/\" target=\"_blank\"><strong>French Cancan<\/strong><\/a> (Offenbach, arge Claude Mazuret)<br \/><a rel=\"noreferrer noopener\" aria-label=\"Great Ricardo sol fa (s\u2019ouvre dans un nouvel onglet)\" href=\"https:\/\/fanfare-zebaliz.com\/index.php\/partoches\/great-ricardo-sol-fa\/\" target=\"_blank\"><strong>Great Ricardo sol fa<\/strong><\/a> (Pascal Comelade, arrgt Georges)<br \/>Grease, You\u2019re the one I want (dispo en 2020, arrgt Georges)<br \/><strong><a rel=\"noreferrer noopener\" aria-label=\"Huit et demi (s\u2019ouvre dans un nouvel onglet)\" href=\"https:\/\/fanfare-zebaliz.com\/index.php\/partoches\/huit-et-demi\/\" target=\"_blank\">Huit et demi<\/a><\/strong> (Nino Rota)<br \/><strong><a rel=\"noreferrer noopener\" aria-label=\"Hurricane session  (s\u2019ouvre dans un nouvel onglet)\" href=\"https:\/\/fanfare-zebaliz.com\/index.php\/partoches\/hurricane-season\/\" target=\"_blank\">Hurricane season <\/a><\/strong> (Trombon Shorty, arrgt Georges)<br \/>I get around (dispo en 2020, arrgt Georges)<br \/><strong><a rel=\"noreferrer noopener\" aria-label=\"In the mood (s\u2019ouvre dans un nouvel onglet)\" href=\"https:\/\/fanfare-zebaliz.com\/index.php\/partoches\/in-the-mood\/\" target=\"_blank\">In the mood<\/a><\/strong> (Joe Garland, arrgt Georges)<br \/><a rel=\"noreferrer noopener\" aria-label=\"Je ne regrette rien (s\u2019ouvre dans un nouvel onglet)\" href=\"https:\/\/fanfare-zebaliz.com\/index.php\/partoches\/je-ne-regrette-rien\/\" target=\"_blank\"><strong>Je ne regrette rien<\/strong><\/a> (Edith Piaf, arrgt Tom Boul)<br \/>Je t&rsquo;aime moi non plus (Gainsbourg, arrgt Georges)<br \/><a rel=\"noreferrer noopener\" aria-label=\"Je voudrais \u00eatre noir (s\u2019ouvre dans un nouvel onglet)\" href=\"https:\/\/fanfare-zebaliz.com\/index.php\/partoches\/je-voudrais-etre-noir\/\" target=\"_blank\"><strong>Je voudrais \u00eatre noir<\/strong><\/a> (Nino Ferrer, arrgt Georges)<br \/><a rel=\"noreferrer noopener\" aria-label=\" Just a gigolo (s\u2019ouvre dans un nouvel onglet)\" href=\"https:\/\/fanfare-zebaliz.com\/index.php\/partoches\/just-a-gigolo\/\" target=\"_blank\"><strong> Just a gigolo<\/strong><\/a> (Louis Prima, arrgt Georges)<br \/><a rel=\"noreferrer noopener\" aria-label=\"Lagrimas negras (s\u2019ouvre dans un nouvel onglet)\" href=\"https:\/\/fanfare-zebaliz.com\/index.php\/partoches\/lagrimas-negras\/\" target=\"_blank\"><strong>Lagrimas negras<\/strong><\/a> (Miguel Matamoros)<br \/><a rel=\"noreferrer noopener\" aria-label=\"Les filles du bord de mer (s\u2019ouvre dans un nouvel onglet)\" href=\"https:\/\/fanfare-zebaliz.com\/index.php\/partoches\/les-filles-du-bord-de-mer\/\" target=\"_blank\"><strong>Les filles du bord de mer<\/strong><\/a> (Dutronc, arrgt Georges)<br \/><a rel=\"noreferrer noopener\" aria-label=\"Le train de 7h40 (s\u2019ouvre dans un nouvel onglet)\" href=\"https:\/\/fanfare-zebaliz.com\/index.php\/partoches\/le-train-de-7h40\/\" target=\"_blank\"><strong>Le train de 7h40<\/strong><\/a> (trad, arrgt Georges)<br \/>Love is all (Roger Glover, Eddie Hardin, arrgt Georges)<br \/><a rel=\"noreferrer noopener\" aria-label=\"Marche pour la c\u00e9r\u00e9monie des Turcs (s\u2019ouvre dans un nouvel onglet)\" href=\"https:\/\/fanfare-zebaliz.com\/index.php\/partoches\/marche-pour-la-ceremonie-des-turcs\/\" target=\"_blank\"><strong>Marche pour la c\u00e9r\u00e9monie des Turcs<\/strong><\/a> (Lully, arrgt Georges)<br \/>Madness (Foreman, Smith, dispo en 2020, arrgt Georges)<br \/>Marche du Fou blanc (Eddie Louiss, dispo en 2020, arrgt Georges)<br \/><a rel=\"noreferrer noopener\" aria-label=\"Misourlou (s\u2019ouvre dans un nouvel onglet)\" href=\"https:\/\/fanfare-zebaliz.com\/index.php\/partoches\/misourlou\/\" target=\"_blank\"><strong>Misourlou<\/strong><\/a> (trad, G. Boulestreau)<br \/><a rel=\"noreferrer noopener\" aria-label=\"Oye como va (s\u2019ouvre dans un nouvel onglet)\" href=\"https:\/\/fanfare-zebaliz.com\/index.php\/partoches\/oye-como-va\/\" target=\"_blank\"><strong>Oye como va<\/strong><\/a> (Tito Puente, arrgt Georges)<br \/>Que je t&rsquo;aime (Thibaut, Renard, Johnny, arrgt Georges)<br \/>Rua madureira (Thomas Fersen, dispo en 2021, arrgt Georges)<br \/><a rel=\"noreferrer noopener\" aria-label=\" Sat (s\u2019ouvre dans un nouvel onglet)\" href=\"https:\/\/fanfare-zebaliz.com\/index.php\/partoches\/sat\/\" target=\"_blank\"><strong> Sat<\/strong><\/a> (trad; Kocani orchestar, arrgt Georges)<br \/><a rel=\"noreferrer noopener\" aria-label=\"Scandale m\u00e9t\u00e9o (s\u2019ouvre dans un nouvel onglet)\" href=\"https:\/\/fanfare-zebaliz.com\/index.php\/partoches\/scandale-meteo\/\" target=\"_blank\"><strong>Scandale m\u00e9t\u00e9o<\/strong><\/a> (Gildas Claquin)<br \/><a rel=\"noreferrer noopener\" aria-label=\" Scottish, Tanz tanz Yedelikh (s\u2019ouvre dans un nouvel onglet)\" href=\"https:\/\/fanfare-zebaliz.com\/index.php\/partoches\/scottish\/\" target=\"_blank\"><strong> Scottish, Tanz tanz Yedelikh<\/strong><\/a> (trad, Georges Boulestreau)<br \/>Sing sing sing (Louis Prima, dispo en 2022, arrgt Georges)<br \/>Still loving you (Meine, Schenker, arrgt Georges)<br \/>Strip tease (trad. mali)<br \/><a rel=\"noreferrer noopener\" aria-label=\"Sur le pont des Arts (s\u2019ouvre dans un nouvel onglet)\" href=\"https:\/\/fanfare-zebaliz.com\/index.php\/partoches\/sur-le-pont-des-arts\/\" target=\"_blank\"><strong>Sur le pont des Arts<\/strong><\/a> (Brassens, arrgt Georges)<br \/>Sweet dreams (Lennos, Steward, arrgt Georges)<br \/><a rel=\"noreferrer noopener\" aria-label=\"Le Temps des fleurs (s\u2019ouvre dans un nouvel onglet)\" href=\"https:\/\/fanfare-zebaliz.com\/index.php\/partoches\/le-temps-des-fleurs\/\" target=\"_blank\"><strong>Le Temps des fleurs<\/strong><\/a> (Dalida, arrgt Georges)<br \/>Think (Aretha Franklin, White, arrgt Georges)<br \/><a rel=\"noreferrer noopener\" aria-label=\"Titine (s\u2019ouvre dans un nouvel onglet)\" href=\"https:\/\/fanfare-zebaliz.com\/index.php\/partoches\/titine\/\" target=\"_blank\"><strong>Titine<\/strong><\/a> (Charlie Chaplin, arrgt Georges)<br \/>Africa (Toto, arrgt Georges)<br \/><a rel=\"noreferrer noopener\" aria-label=\"Tout l\u2019amour que j'ai pour toi (s\u2019ouvre dans un nouvel onglet)\" href=\"https:\/\/fanfare-zebaliz.com\/index.php\/tout-lamour-que-jai-pour-toi\/\" target=\"_blank\"><strong>Tout l\u2019amour que j&rsquo;ai pour toi<\/strong><\/a> (Beethoven, D. Moreno, arrgt Georges)<br \/><a rel=\"noreferrer noopener\" aria-label=\"Train de 7 h 40 (s\u2019ouvre dans un nouvel onglet)\" href=\"https:\/\/fanfare-zebaliz.com\/index.php\/partoches\/le-train-de-7-h-40\/\" target=\"_blank\"><strong>Train de 7 h 40<\/strong><\/a> (trad, Georges Boulestreau)<br \/>Uptown funk (Ronson, Bruno Mars, arrgt Georges)<br \/><strong><a rel=\"noreferrer noopener\" aria-label=\"Valse Brezhoneg (s\u2019ouvre dans un nouvel onglet)\" href=\"https:\/\/fanfare-zebaliz.com\/index.php\/partoches\/valse-brezhoneg\/\" target=\"_blank\">Valse Brezhoneg<\/a><\/strong> (Georges Boulestreau)<br \/>Valse russe (trad, arrgt Georges)<br \/><a rel=\"noreferrer noopener\" aria-label=\"Vanina (s\u2019ouvre dans un nouvel onglet)\" href=\"https:\/\/fanfare-zebaliz.com\/index.php\/partoches\/tout-lamour-que-jai-pour-toi-2\/\" target=\"_blank\"><strong>Vanina<\/strong><\/a> (Loiseau, Crook, Dave, arrgt Georges)<br \/>Ya rayah (Abderahmane, dispo en 2021, arrgt Georges)<br \/><a rel=\"noreferrer noopener\" aria-label=\"YMCA (s\u2019ouvre dans un nouvel onglet)\" href=\"https:\/\/fanfare-zebaliz.com\/index.php\/partoches\/ymca\/\" target=\"_blank\"><strong>YMCA<\/strong><\/a> (Village people, arrgt Georges)<\/p>\n<!-- \/wp:paragraph --><!-- wp:paragraph -->\n<p><span style=\"font-size: 15px;\"><em>liste mise \u00e0 jour en mars 2020 (oui, \u00e7a m\u00e9riterait qu&rsquo;on s&rsquo;y colle&#8230;)<\/em><\/span><\/p>\n<!-- \/wp:paragraph -->\t\t\t\t\t\t<\/div>\n\t\t\t\t<\/div>\n\t\t\t\t\t<\/div>\n\t\t<\/div>\n\t\t\t\t\t\t\t<\/div>\n\t\t<\/section>\n\t\t\t\t\t\t\t<\/div>\n\t\t","protected":false},"excerpt":{"rendered":"<p>Tout ce que vous voulez savoir sur les muziques de la fanfare : les tonnes \u00e0 lisier (pas de b\u00e9mols ni de di\u00e8ses, on ne les connait pas), les fausses notes (m\u00eame commentaire), les r\u00e9duc pour les paresseux, les skores pour les Herbert Georges von B. et les mp3 ou [&hellip;]<\/p>\n","protected":false},"author":1,"featured_media":194,"parent":0,"menu_order":0,"comment_status":"closed","ping_status":"closed","template":"","meta":{"footnotes":""},"class_list":["post-34","page","type-page","status-publish","has-post-thumbnail","hentry"],"_links":{"self":[{"href":"https:\/\/fanfare-zebaliz.com\/index.php\/wp-json\/wp\/v2\/pages\/34","targetHints":{"allow":["GET"]}}],"collection":[{"href":"https:\/\/fanfare-zebaliz.com\/index.php\/wp-json\/wp\/v2\/pages"}],"about":[{"href":"https:\/\/fanfare-zebaliz.com\/index.php\/wp-json\/wp\/v2\/types\/page"}],"author":[{"embeddable":true,"href":"https:\/\/fanfare-zebaliz.com\/index.php\/wp-json\/wp\/v2\/users\/1"}],"replies":[{"embeddable":true,"href":"https:\/\/fanfare-zebaliz.com\/index.php\/wp-json\/wp\/v2\/comments?post=34"}],"version-history":[{"count":56,"href":"https:\/\/fanfare-zebaliz.com\/index.php\/wp-json\/wp\/v2\/pages\/34\/revisions"}],"predecessor-version":[{"id":1539,"href":"https:\/\/fanfare-zebaliz.com\/index.php\/wp-json\/wp\/v2\/pages\/34\/revisions\/1539"}],"wp:featuredmedia":[{"embeddable":true,"href":"https:\/\/fanfare-zebaliz.com\/index.php\/wp-json\/wp\/v2\/media\/194"}],"wp:attachment":[{"href":"https:\/\/fanfare-zebaliz.com\/index.php\/wp-json\/wp\/v2\/media?parent=34"}],"curies":[{"name":"wp","href":"https:\/\/api.w.org\/{rel}","templated":true}]}}