{"id":162,"date":"2019-07-31T09:21:43","date_gmt":"2019-07-31T07:21:43","guid":{"rendered":"http:\/\/lctufbf.cluster020.hosting.ovh.net\/?page_id=162"},"modified":"2019-08-23T20:46:35","modified_gmt":"2019-08-23T18:46:35","slug":"la-carioca","status":"publish","type":"page","link":"https:\/\/fanfare-zebaliz.com\/index.php\/partoches\/la-carioca\/","title":{"rendered":"La Carioca"},"content":{"rendered":"\n<div class=\"wp-block-image\"><figure class=\"aligncenter\"><img loading=\"lazy\" decoding=\"async\" width=\"500\" height=\"254\" src=\"https:\/\/fanfare-zebaliz.com\/wp-content\/uploads\/2019\/07\/carioca.jpg\" alt=\"\" class=\"wp-image-46\" srcset=\"https:\/\/fanfare-zebaliz.com\/wp-content\/uploads\/2019\/07\/carioca.jpg 500w, https:\/\/fanfare-zebaliz.com\/wp-content\/uploads\/2019\/07\/carioca-300x152.jpg 300w\" sizes=\"auto, (max-width: 500px) 100vw, 500px\" \/><\/figure><\/div>\n\n\n\n<div class=\"wp-block-file aligncenter\"><a href=\"https:\/\/fanfare-zebaliz.com\/wp-content\/uploads\/2019\/08\/Carioca.pdf\">Les Partoches de La Carioca :<\/a><a href=\"https:\/\/fanfare-zebaliz.com\/wp-content\/uploads\/2019\/08\/Carioca.pdf\" class=\"wp-block-file__button\" download>T\u00e9l\u00e9charger<\/a><\/div>\n\n\n\n<p><strong>Film de Thornton Freeland, musique de V. Youmans, E. Eliscu, G. Kahn<\/strong><\/p>\n\n\n\n<p>Un grand succ\u00e8s lors de la derni\u00e8re ag\u00e9. S\u00e9duits par le troisi\u00e8me degr\u00e9 affich\u00e9 d\u2019Alain Chabat et G\u00e9rard Darmon, les Z\u00e9baliziens, \u00e0 l\u2019unanimit\u00e9, choisissent cet incontournable de la danse \u00ab\u00a0m\u00e9lang\u00e9e\u00a0\u00bb, indescriptible agr\u00e9gat de samba, maxixe, foxtrot, rumba et claquettes&#8230; Magistralement interpr\u00e9t\u00e9e par Fred Astaire dans le film am\u00e9ricain Carioca (Flying Down to Rio), elle conna\u00eetra un regain certain gr\u00e2ce \u00e0 l\u2019interpr\u00e9tation exceptionnelle de Z\u00e9baliz&nbsp;: solos de sax alto, solos de trompette, et m\u00eame de trombone&nbsp;! Cet air ne compte pas moins de 4 intros, \u00e0 tel point qu&rsquo;on ne sait plus quand commence le v\u00e9ritable air&#8230;<\/p>\n\n\n\n<div class=\"wp-block-themeisle-blocks-advanced-columns alignwide has-1-columns has-desktop-equal-layout has-tablet-equal-layout has-mobile-equal-layout has-default-gap has-vertical-unset\" id=\"wp-block-themeisle-blocks-advanced-columns-f234a4b0\" style=\"border-width:0px;border-style:solid;border-color:#000000;border-radius:0px;justify-content:unset\"><div class=\"wp-themeisle-block-overlay\" style=\"opacity:0.5;mix-blend-mode:normal\"><\/div><div class=\"innerblocks-wrap\">\n<div class=\"wp-block-themeisle-blocks-advanced-column\" id=\"wp-block-themeisle-blocks-advanced-column-044d1947\" style=\"border-width:0px;border-style:solid;border-color:#000000;border-radius:0px\">\n<p style=\"text-align:left\"><\/p>\n<\/div>\n<\/div><\/div>\n","protected":false},"excerpt":{"rendered":"<p>Film de Thornton Freeland, musique de V. Youmans, E. Eliscu, G. Kahn Un grand succ\u00e8s lors de la derni\u00e8re ag\u00e9. S\u00e9duits par le troisi\u00e8me degr\u00e9 affich\u00e9 d\u2019Alain Chabat et G\u00e9rard Darmon, les Z\u00e9baliziens, \u00e0 l\u2019unanimit\u00e9, choisissent cet incontournable de la danse \u00ab\u00a0m\u00e9lang\u00e9e\u00a0\u00bb, indescriptible agr\u00e9gat de samba, maxixe, foxtrot, rumba et [&hellip;]<\/p>\n","protected":false},"author":1,"featured_media":194,"parent":34,"menu_order":0,"comment_status":"closed","ping_status":"closed","template":"","meta":{"footnotes":""},"class_list":["post-162","page","type-page","status-publish","has-post-thumbnail","hentry"],"_links":{"self":[{"href":"https:\/\/fanfare-zebaliz.com\/index.php\/wp-json\/wp\/v2\/pages\/162","targetHints":{"allow":["GET"]}}],"collection":[{"href":"https:\/\/fanfare-zebaliz.com\/index.php\/wp-json\/wp\/v2\/pages"}],"about":[{"href":"https:\/\/fanfare-zebaliz.com\/index.php\/wp-json\/wp\/v2\/types\/page"}],"author":[{"embeddable":true,"href":"https:\/\/fanfare-zebaliz.com\/index.php\/wp-json\/wp\/v2\/users\/1"}],"replies":[{"embeddable":true,"href":"https:\/\/fanfare-zebaliz.com\/index.php\/wp-json\/wp\/v2\/comments?post=162"}],"version-history":[{"count":11,"href":"https:\/\/fanfare-zebaliz.com\/index.php\/wp-json\/wp\/v2\/pages\/162\/revisions"}],"predecessor-version":[{"id":565,"href":"https:\/\/fanfare-zebaliz.com\/index.php\/wp-json\/wp\/v2\/pages\/162\/revisions\/565"}],"up":[{"embeddable":true,"href":"https:\/\/fanfare-zebaliz.com\/index.php\/wp-json\/wp\/v2\/pages\/34"}],"wp:featuredmedia":[{"embeddable":true,"href":"https:\/\/fanfare-zebaliz.com\/index.php\/wp-json\/wp\/v2\/media\/194"}],"wp:attachment":[{"href":"https:\/\/fanfare-zebaliz.com\/index.php\/wp-json\/wp\/v2\/media?parent=162"}],"curies":[{"name":"wp","href":"https:\/\/api.w.org\/{rel}","templated":true}]}}