{"id":160,"date":"2019-07-31T09:20:47","date_gmt":"2019-07-31T07:20:47","guid":{"rendered":"http:\/\/lctufbf.cluster020.hosting.ovh.net\/?page_id=160"},"modified":"2019-08-23T20:39:54","modified_gmt":"2019-08-23T18:39:54","slug":"tout-lamour-que-jai-pour-toi","status":"publish","type":"page","link":"https:\/\/fanfare-zebaliz.com\/index.php\/partoches\/tout-lamour-que-jai-pour-toi\/","title":{"rendered":"Tout l&rsquo;amour que j&rsquo;ai pour toi"},"content":{"rendered":"\n<div class=\"wp-block-image\"><figure class=\"aligncenter\"><img loading=\"lazy\" decoding=\"async\" width=\"500\" height=\"295\" src=\"https:\/\/fanfare-zebaliz.com\/wp-content\/uploads\/2019\/07\/Tout_l_amour.jpg\" alt=\"\" class=\"wp-image-58\" srcset=\"https:\/\/fanfare-zebaliz.com\/wp-content\/uploads\/2019\/07\/Tout_l_amour.jpg 500w, https:\/\/fanfare-zebaliz.com\/wp-content\/uploads\/2019\/07\/Tout_l_amour-300x177.jpg 300w\" sizes=\"auto, (max-width: 500px) 100vw, 500px\" \/><\/figure><\/div>\n\n\n\n<div class=\"wp-block-file aligncenter\"><a href=\"https:\/\/fanfare-zebaliz.com\/wp-content\/uploads\/2019\/08\/Tout-lamour-tout.pdf\">Les partoches de \u00ab\u00a0Tout l&rsquo;amour\u00a0\u00bb :<\/a><a href=\"https:\/\/fanfare-zebaliz.com\/wp-content\/uploads\/2019\/08\/Tout-lamour-tout.pdf\" class=\"wp-block-file__button\" download>T\u00e9l\u00e9charger<\/a><\/div>\n\n\n\n<p><strong>Paroles de Dario Moreno, musique de Beethoven et Dario Moreno<\/strong><\/p>\n\n\n\n<p>Encore un morceau s\u00e9lectionn\u00e9 par Antoine qui se prend rarement un rateau lors du choix des morceaux&nbsp;! A noter que cet air reprend les premi\u00e8res mesures de <em>La lettre \u00e0 Elise<\/em> du regrett\u00e9 Beethoven. Arrang\u00e9 entre Bordeaux et Nantes pendant le voyage de retour du marathon du M\u00e9doc, voil\u00e0 un futur tube, eu \u00e9gard \u00e0 la rapidit\u00e9 avec laquelle il a \u00e9t\u00e9 m\u00e9moris\u00e9 par la fanfare. L\u2019absence du chef lors d\u2019une r\u00e9p\u00e9tition fut mise \u00e0 profit pour mettre au point une gestuelle sauvage et originale que ses inventeurs furent incapables de reproduire la semaine suivante en pr\u00e9sence du sus-dit chef pr\u00e9c\u00e9demment absent. Heureusement, apr\u00e8s quelques recherches, la dite gestuelle fut amplifi\u00e9e et bonifi\u00e9e, puis transform\u00e9e en un audacieux break qui voit Annie, \u00e0 la grosse caisse, faire battre son c\u0153ur, ce qui apporte bien s\u00fbr \u00e0 l\u2019audition de ce morceau une \u00e9motion intense et rend les fanfarons tr\u00e8s fiers de leur interpr\u00e9tation. Pascal n\u2019en reste pas l\u00e0 et coince les deux cl\u00e9s centrales de son sax au moment de la reprise, ce qui permet de v\u00e9rifier la v\u00e9racit\u00e9 des paroles de la chanson (sur le m\u00eame air, par Anne Sylvestre)&nbsp;: <em>ma voisine ne sait jouer que \u00e7a&#8230;<\/em>.<\/p>\n","protected":false},"excerpt":{"rendered":"<p>Paroles de Dario Moreno, musique de Beethoven et Dario Moreno Encore un morceau s\u00e9lectionn\u00e9 par Antoine qui se prend rarement un rateau lors du choix des morceaux&nbsp;! A noter que cet air reprend les premi\u00e8res mesures de La lettre \u00e0 Elise du regrett\u00e9 Beethoven. Arrang\u00e9 entre Bordeaux et Nantes pendant [&hellip;]<\/p>\n","protected":false},"author":1,"featured_media":0,"parent":34,"menu_order":1,"comment_status":"closed","ping_status":"closed","template":"","meta":{"footnotes":""},"class_list":["post-160","page","type-page","status-publish","hentry"],"_links":{"self":[{"href":"https:\/\/fanfare-zebaliz.com\/index.php\/wp-json\/wp\/v2\/pages\/160","targetHints":{"allow":["GET"]}}],"collection":[{"href":"https:\/\/fanfare-zebaliz.com\/index.php\/wp-json\/wp\/v2\/pages"}],"about":[{"href":"https:\/\/fanfare-zebaliz.com\/index.php\/wp-json\/wp\/v2\/types\/page"}],"author":[{"embeddable":true,"href":"https:\/\/fanfare-zebaliz.com\/index.php\/wp-json\/wp\/v2\/users\/1"}],"replies":[{"embeddable":true,"href":"https:\/\/fanfare-zebaliz.com\/index.php\/wp-json\/wp\/v2\/comments?post=160"}],"version-history":[{"count":6,"href":"https:\/\/fanfare-zebaliz.com\/index.php\/wp-json\/wp\/v2\/pages\/160\/revisions"}],"predecessor-version":[{"id":561,"href":"https:\/\/fanfare-zebaliz.com\/index.php\/wp-json\/wp\/v2\/pages\/160\/revisions\/561"}],"up":[{"embeddable":true,"href":"https:\/\/fanfare-zebaliz.com\/index.php\/wp-json\/wp\/v2\/pages\/34"}],"wp:attachment":[{"href":"https:\/\/fanfare-zebaliz.com\/index.php\/wp-json\/wp\/v2\/media?parent=160"}],"curies":[{"name":"wp","href":"https:\/\/api.w.org\/{rel}","templated":true}]}}