{"id":1541,"date":"2023-11-18T15:44:50","date_gmt":"2023-11-18T14:44:50","guid":{"rendered":"https:\/\/fanfare-zebaliz.com\/?page_id=1541"},"modified":"2023-11-18T21:04:30","modified_gmt":"2023-11-18T20:04:30","slug":"la-fanfare-fete-ses-40-ans-en-2023","status":"publish","type":"page","link":"https:\/\/fanfare-zebaliz.com\/index.php\/la-fanfare-fete-ses-40-ans-en-2023\/","title":{"rendered":"La fanfare f\u00eate ses 40 ans en 2023"},"content":{"rendered":"\t\t<div data-elementor-type=\"wp-page\" data-elementor-id=\"1541\" class=\"elementor elementor-1541\">\n\t\t\t\t\t\t\t\t\t<section class=\"elementor-section elementor-top-section elementor-element elementor-element-742134a elementor-section-boxed elementor-section-height-default elementor-section-height-default\" data-id=\"742134a\" data-element_type=\"section\">\n\t\t\t\t\t\t<div class=\"elementor-container elementor-column-gap-default\">\n\t\t\t\t\t<div class=\"elementor-column elementor-col-100 elementor-top-column elementor-element elementor-element-b34f950\" data-id=\"b34f950\" data-element_type=\"column\">\n\t\t\t<div class=\"elementor-widget-wrap elementor-element-populated\">\n\t\t\t\t\t\t\t\t<div class=\"elementor-element elementor-element-2169591 elementor-widget elementor-widget-heading\" data-id=\"2169591\" data-element_type=\"widget\" data-widget_type=\"heading.default\">\n\t\t\t\t<div class=\"elementor-widget-container\">\n\t\t\t<h2 class=\"elementor-heading-title elementor-size-default\">Z\u00e9baliz f\u00eate ses 40 ans...<\/h2>\t\t<\/div>\n\t\t\t\t<\/div>\n\t\t\t\t\t<\/div>\n\t\t<\/div>\n\t\t\t\t\t\t\t<\/div>\n\t\t<\/section>\n\t\t\t\t<section class=\"elementor-section elementor-top-section elementor-element elementor-element-53f212f elementor-section-boxed elementor-section-height-default elementor-section-height-default\" data-id=\"53f212f\" data-element_type=\"section\">\n\t\t\t\t\t\t<div class=\"elementor-container elementor-column-gap-default\">\n\t\t\t\t\t<div class=\"elementor-column elementor-col-100 elementor-top-column elementor-element elementor-element-106af19\" data-id=\"106af19\" data-element_type=\"column\">\n\t\t\t<div class=\"elementor-widget-wrap elementor-element-populated\">\n\t\t\t\t\t\t\t\t<div class=\"elementor-element elementor-element-61d6ff2 elementor-widget elementor-widget-text-editor\" data-id=\"61d6ff2\" data-element_type=\"widget\" data-widget_type=\"text-editor.default\">\n\t\t\t\t<div class=\"elementor-widget-container\">\n\t\t\t\t\t\t\t<p><span style=\"font-size: 20px; font-family: Lato; color: #800080;\"><strong>La fanfare s&rsquo;est offert un chapiteau&#8230;<\/strong><\/span><\/p><p>On en r\u00eavait&#8230;. apr\u00e8s avoir emprunt\u00e9 le \u00ab\u00a0chapiteau de Dan\u00a0\u00bb (Mc Guigan&rsquo;s) pendant plus de dix ans (la premi\u00e8re fois pour notre premi\u00e8re \u00ab\u00a0Grande Zadrouille\u00a0\u00bb en 2012&#8230;. celui-ci \u00e9tait en vente&#8230; alors on n&rsquo;a pas r\u00e9sist\u00e9 longtemps et on a choisi de se l&rsquo;offrir pour nos 40 ans&#8230; Et pour le financer, on a fait appel \u00e0 nos amis et un financement participatif&#8230; et hop ! le tour \u00e9tait jou\u00e9 !<\/p><p>Alors, merci \u00e0 tous ceux qui ont particip\u00e9 \u00e0 ce magnifique cadeau d&rsquo;anniversaire !! Promis, on va le sortir d\u00e8s que possible&#8230;<\/p>\t\t\t\t\t\t<\/div>\n\t\t\t\t<\/div>\n\t\t\t\t\t<\/div>\n\t\t<\/div>\n\t\t\t\t\t\t\t<\/div>\n\t\t<\/section>\n\t\t\t\t<section class=\"elementor-section elementor-top-section elementor-element elementor-element-35787d5 elementor-section-boxed elementor-section-height-default elementor-section-height-default\" data-id=\"35787d5\" data-element_type=\"section\">\n\t\t\t\t\t\t<div class=\"elementor-container elementor-column-gap-default\">\n\t\t\t\t\t<div class=\"elementor-column elementor-col-100 elementor-top-column elementor-element elementor-element-03af8cd\" data-id=\"03af8cd\" data-element_type=\"column\">\n\t\t\t<div class=\"elementor-widget-wrap elementor-element-populated\">\n\t\t\t\t\t\t\t\t<div class=\"elementor-element elementor-element-f861020 elementor-arrows-position-inside elementor-pagination-position-outside elementor-widget elementor-widget-image-carousel\" data-id=\"f861020\" data-element_type=\"widget\" data-settings=\"{&quot;slides_to_show&quot;:&quot;2&quot;,&quot;slides_to_scroll&quot;:&quot;2&quot;,&quot;navigation&quot;:&quot;both&quot;,&quot;autoplay&quot;:&quot;yes&quot;,&quot;pause_on_hover&quot;:&quot;yes&quot;,&quot;pause_on_interaction&quot;:&quot;yes&quot;,&quot;autoplay_speed&quot;:5000,&quot;infinite&quot;:&quot;yes&quot;,&quot;speed&quot;:500}\" data-widget_type=\"image-carousel.default\">\n\t\t\t\t<div class=\"elementor-widget-container\">\n\t\t\t\t\t<div class=\"elementor-image-carousel-wrapper swiper-container\" dir=\"ltr\">\n\t\t\t<div class=\"elementor-image-carousel swiper-wrapper\" aria-live=\"off\">\n\t\t\t\t\t\t\t\t<div class=\"swiper-slide\" role=\"group\" aria-roledescription=\"slide\" aria-label=\"1 sur 9\"><figure class=\"swiper-slide-inner\"><img decoding=\"async\" class=\"swiper-slide-image\" src=\"https:\/\/fanfare-zebaliz.com\/wp-content\/uploads\/2023\/11\/Fanfare-Zadrouille-aout14-grosse-caisse-chapiteau-600x400.jpg\" alt=\"Fanfare Zadrouille aout14-grosse caisse chapiteau\" \/><\/figure><\/div><div class=\"swiper-slide\" role=\"group\" aria-roledescription=\"slide\" aria-label=\"2 sur 9\"><figure class=\"swiper-slide-inner\"><img decoding=\"async\" class=\"swiper-slide-image\" src=\"https:\/\/fanfare-zebaliz.com\/wp-content\/uploads\/2023\/11\/2018-08-12-19.07.26-600x400.jpg\" alt=\"2018-08-12 19.07.26\" \/><\/figure><\/div><div class=\"swiper-slide\" role=\"group\" aria-roledescription=\"slide\" aria-label=\"3 sur 9\"><figure class=\"swiper-slide-inner\"><img decoding=\"async\" class=\"swiper-slide-image\" src=\"https:\/\/fanfare-zebaliz.com\/wp-content\/uploads\/2023\/11\/202205-Brest_RosaSalm-170-450x600.jpg\" alt=\"202205 Brest_RosaSalm-170\" \/><\/figure><\/div><div class=\"swiper-slide\" role=\"group\" aria-roledescription=\"slide\" aria-label=\"4 sur 9\"><figure class=\"swiper-slide-inner\"><img decoding=\"async\" class=\"swiper-slide-image\" src=\"https:\/\/fanfare-zebaliz.com\/wp-content\/uploads\/2023\/11\/DSC00863-600x400.jpg\" alt=\"DSC00863\" \/><\/figure><\/div><div class=\"swiper-slide\" role=\"group\" aria-roledescription=\"slide\" aria-label=\"5 sur 9\"><figure class=\"swiper-slide-inner\"><img decoding=\"async\" class=\"swiper-slide-image\" src=\"https:\/\/fanfare-zebaliz.com\/wp-content\/uploads\/2023\/11\/DSC00889-600x400.jpg\" alt=\"DSC00889\" \/><\/figure><\/div><div class=\"swiper-slide\" role=\"group\" aria-roledescription=\"slide\" aria-label=\"6 sur 9\"><figure class=\"swiper-slide-inner\"><img decoding=\"async\" class=\"swiper-slide-image\" src=\"https:\/\/fanfare-zebaliz.com\/wp-content\/uploads\/2023\/11\/DSC05538-600x337.jpg\" alt=\"DSC05538\" \/><\/figure><\/div><div class=\"swiper-slide\" role=\"group\" aria-roledescription=\"slide\" aria-label=\"7 sur 9\"><figure class=\"swiper-slide-inner\"><img decoding=\"async\" class=\"swiper-slide-image\" src=\"https:\/\/fanfare-zebaliz.com\/wp-content\/uploads\/2023\/11\/DSC05600-600x337.jpg\" alt=\"DSC05600\" \/><\/figure><\/div><div class=\"swiper-slide\" role=\"group\" aria-roledescription=\"slide\" aria-label=\"8 sur 9\"><figure class=\"swiper-slide-inner\"><img decoding=\"async\" class=\"swiper-slide-image\" src=\"https:\/\/fanfare-zebaliz.com\/wp-content\/uploads\/2023\/11\/Fanfare-Zadrouille-aout14-chapiteau-Aix-600x340.jpg\" alt=\"Fanfare Zadrouille aout14-chapiteau Aix\" \/><\/figure><\/div><div class=\"swiper-slide\" role=\"group\" aria-roledescription=\"slide\" aria-label=\"9 sur 9\"><figure class=\"swiper-slide-inner\"><img decoding=\"async\" class=\"swiper-slide-image\" src=\"https:\/\/fanfare-zebaliz.com\/wp-content\/uploads\/2023\/11\/chapito-600x235.jpg\" alt=\"chapito\" \/><\/figure><\/div>\t\t\t<\/div>\n\t\t\t\t\t\t\t\t\t\t\t\t<div class=\"elementor-swiper-button elementor-swiper-button-prev\" role=\"button\" tabindex=\"0\">\n\t\t\t\t\t\t<i aria-hidden=\"true\" class=\"eicon-chevron-left\"><\/i>\t\t\t\t\t<\/div>\n\t\t\t\t\t<div class=\"elementor-swiper-button elementor-swiper-button-next\" role=\"button\" tabindex=\"0\">\n\t\t\t\t\t\t<i aria-hidden=\"true\" class=\"eicon-chevron-right\"><\/i>\t\t\t\t\t<\/div>\n\t\t\t\t\n\t\t\t\t\t\t\t\t\t<div class=\"swiper-pagination\"><\/div>\n\t\t\t\t\t\t\t\t\t<\/div>\n\t\t\t\t<\/div>\n\t\t\t\t<\/div>\n\t\t\t\t\t<\/div>\n\t\t<\/div>\n\t\t\t\t\t\t\t<\/div>\n\t\t<\/section>\n\t\t\t\t<section class=\"elementor-section elementor-top-section elementor-element elementor-element-c50fac9 elementor-section-boxed elementor-section-height-default elementor-section-height-default\" data-id=\"c50fac9\" data-element_type=\"section\">\n\t\t\t\t\t\t<div class=\"elementor-container elementor-column-gap-default\">\n\t\t\t\t\t<div class=\"elementor-column elementor-col-100 elementor-top-column elementor-element elementor-element-50377d5\" data-id=\"50377d5\" data-element_type=\"column\">\n\t\t\t<div class=\"elementor-widget-wrap elementor-element-populated\">\n\t\t\t\t\t\t\t\t<div class=\"elementor-element elementor-element-0ca268b elementor-widget elementor-widget-text-editor\" data-id=\"0ca268b\" data-element_type=\"widget\" data-widget_type=\"text-editor.default\">\n\t\t\t\t<div class=\"elementor-widget-container\">\n\t\t\t\t\t\t\t<p><span style=\"font-size: 20px; color: #ff6600; font-family: Lato;\"><strong>Le Festival 2023 sous le signe de nos 40 ans !<\/strong><\/span><\/p><p><span style=\"font-family: Lato;\">On n&rsquo;a pas rat\u00e9 une occasion de souffler nos 40 bougies !! En plus tous les copains des autres fanfares nous ont fait des cadeaux, trop la classe&#8230;<\/span><\/p><p><span style=\"font-family: Lato;\">et devinez combien de musiciens (on est 30 \u00e0 ce jour&#8230;) sont l\u00e0 depuis la naissance de la fanfare ??? et bien&#8230;. ils sont quatre et toujours fringants dont le PAV (pr\u00e9sident \u00e0 vie)&#8230;<\/span><\/p>\t\t\t\t\t\t<\/div>\n\t\t\t\t<\/div>\n\t\t\t\t\t<\/div>\n\t\t<\/div>\n\t\t\t\t\t\t\t<\/div>\n\t\t<\/section>\n\t\t\t\t<section class=\"elementor-section elementor-top-section elementor-element elementor-element-1372b16 elementor-section-boxed elementor-section-height-default elementor-section-height-default\" data-id=\"1372b16\" data-element_type=\"section\">\n\t\t\t\t\t\t<div class=\"elementor-container elementor-column-gap-default\">\n\t\t\t\t\t<div class=\"elementor-column elementor-col-100 elementor-top-column elementor-element elementor-element-417937c\" data-id=\"417937c\" data-element_type=\"column\">\n\t\t\t<div class=\"elementor-widget-wrap elementor-element-populated\">\n\t\t\t\t\t\t\t\t<div class=\"elementor-element elementor-element-c748f36 elementor-widget elementor-widget-image\" data-id=\"c748f36\" data-element_type=\"widget\" data-widget_type=\"image.default\">\n\t\t\t\t<div class=\"elementor-widget-container\">\n\t\t\t\t\t\t\t\t\t\t\t\t\t\t\t<img loading=\"lazy\" decoding=\"async\" width=\"600\" height=\"450\" src=\"https:\/\/fanfare-zebaliz.com\/wp-content\/uploads\/2023\/11\/Festival-Fanfares-2022-50-600x450.jpg\" class=\"attachment-medium size-medium wp-image-1437\" alt=\"\" srcset=\"https:\/\/fanfare-zebaliz.com\/wp-content\/uploads\/2023\/11\/Festival-Fanfares-2022-50-600x450.jpg 600w, https:\/\/fanfare-zebaliz.com\/wp-content\/uploads\/2023\/11\/Festival-Fanfares-2022-50-1024x768.jpg 1024w, https:\/\/fanfare-zebaliz.com\/wp-content\/uploads\/2023\/11\/Festival-Fanfares-2022-50-768x576.jpg 768w, https:\/\/fanfare-zebaliz.com\/wp-content\/uploads\/2023\/11\/Festival-Fanfares-2022-50-1536x1152.jpg 1536w, https:\/\/fanfare-zebaliz.com\/wp-content\/uploads\/2023\/11\/Festival-Fanfares-2022-50-2048x1536.jpg 2048w\" sizes=\"auto, (max-width: 600px) 100vw, 600px\" \/>\t\t\t\t\t\t\t\t\t\t\t\t\t\t\t<\/div>\n\t\t\t\t<\/div>\n\t\t\t\t\t<\/div>\n\t\t<\/div>\n\t\t\t\t\t\t\t<\/div>\n\t\t<\/section>\n\t\t\t\t<section class=\"elementor-section elementor-top-section elementor-element elementor-element-e1e62fd elementor-section-boxed elementor-section-height-default elementor-section-height-default\" data-id=\"e1e62fd\" data-element_type=\"section\">\n\t\t\t\t\t\t<div class=\"elementor-container elementor-column-gap-default\">\n\t\t\t\t\t<div class=\"elementor-column elementor-col-100 elementor-top-column elementor-element elementor-element-16d4436\" data-id=\"16d4436\" data-element_type=\"column\">\n\t\t\t<div class=\"elementor-widget-wrap elementor-element-populated\">\n\t\t\t\t\t\t\t\t<div class=\"elementor-element elementor-element-c357023 elementor-widget elementor-widget-text-editor\" data-id=\"c357023\" data-element_type=\"widget\" data-widget_type=\"text-editor.default\">\n\t\t\t\t<div class=\"elementor-widget-container\">\n\t\t\t\t\t\t\t<p><span style=\"font-size: 20px; color: #ff00ff; font-family: Lato;\"><strong>On a f\u00eat\u00e9 nos 40 ans au Vauban en septembre<\/strong><\/span><\/p><p><span style=\"font-family: Lato;\">Haut lieu de la f\u00eate brestoise, le Vauban a accueilli la fanfare et les fanfares bresto-douarnenistes pour une soir\u00e9e endiabl\u00e9e !<\/span><\/p><p><span style=\"font-family: Lato;\">Paillettes, g\u00e2teaux (dans un desquels Antoine s&rsquo;est habillement dissimul\u00e9), concert au balcon et musique et rires jusqu&rsquo;\u00e0 pas d&rsquo;heure&#8230;<\/span><\/p>\t\t\t\t\t\t<\/div>\n\t\t\t\t<\/div>\n\t\t\t\t\t<\/div>\n\t\t<\/div>\n\t\t\t\t\t\t\t<\/div>\n\t\t<\/section>\n\t\t\t\t<section class=\"elementor-section elementor-top-section elementor-element elementor-element-a984c55 elementor-section-boxed elementor-section-height-default elementor-section-height-default\" data-id=\"a984c55\" data-element_type=\"section\">\n\t\t\t\t\t\t<div class=\"elementor-container elementor-column-gap-default\">\n\t\t\t\t\t<div class=\"elementor-column elementor-col-100 elementor-top-column elementor-element elementor-element-d3582e0\" data-id=\"d3582e0\" data-element_type=\"column\">\n\t\t\t<div class=\"elementor-widget-wrap elementor-element-populated\">\n\t\t\t\t\t\t\t\t<div class=\"elementor-element elementor-element-f2c7c70 elementor-widget elementor-widget-image\" data-id=\"f2c7c70\" data-element_type=\"widget\" data-widget_type=\"image.default\">\n\t\t\t\t<div class=\"elementor-widget-container\">\n\t\t\t\t\t\t\t\t\t\t\t\t\t\t\t<img loading=\"lazy\" decoding=\"async\" width=\"600\" height=\"384\" src=\"https:\/\/fanfare-zebaliz.com\/wp-content\/uploads\/2023\/11\/ZZ-40-ans-invitation-publique-600x384.png\" class=\"attachment-medium size-medium wp-image-1346\" alt=\"\" srcset=\"https:\/\/fanfare-zebaliz.com\/wp-content\/uploads\/2023\/11\/ZZ-40-ans-invitation-publique-600x384.png 600w, https:\/\/fanfare-zebaliz.com\/wp-content\/uploads\/2023\/11\/ZZ-40-ans-invitation-publique-1024x655.png 1024w, https:\/\/fanfare-zebaliz.com\/wp-content\/uploads\/2023\/11\/ZZ-40-ans-invitation-publique-768x491.png 768w, https:\/\/fanfare-zebaliz.com\/wp-content\/uploads\/2023\/11\/ZZ-40-ans-invitation-publique.png 1136w\" sizes=\"auto, (max-width: 600px) 100vw, 600px\" \/>\t\t\t\t\t\t\t\t\t\t\t\t\t\t\t<\/div>\n\t\t\t\t<\/div>\n\t\t\t\t\t<\/div>\n\t\t<\/div>\n\t\t\t\t\t\t\t<\/div>\n\t\t<\/section>\n\t\t\t\t<section class=\"elementor-section elementor-top-section elementor-element elementor-element-3ea1bf7 elementor-section-full_width elementor-section-height-default elementor-section-height-default\" data-id=\"3ea1bf7\" data-element_type=\"section\">\n\t\t\t\t\t\t<div class=\"elementor-container elementor-column-gap-no\">\n\t\t\t\t\t<div class=\"elementor-column elementor-col-100 elementor-top-column elementor-element elementor-element-078ee24\" data-id=\"078ee24\" data-element_type=\"column\">\n\t\t\t<div class=\"elementor-widget-wrap elementor-element-populated\">\n\t\t\t\t\t\t\t\t<div class=\"elementor-element elementor-element-974390a elementor-widget__width-initial elementor-widget elementor-widget-video\" data-id=\"974390a\" data-element_type=\"widget\" data-settings=\"{&quot;youtube_url&quot;:&quot;https:\\\/\\\/youtu.be\\\/ZEREaL2uffc&quot;,&quot;video_type&quot;:&quot;youtube&quot;,&quot;controls&quot;:&quot;yes&quot;}\" data-widget_type=\"video.default\">\n\t\t\t\t<div class=\"elementor-widget-container\">\n\t\t\t\t\t<div class=\"elementor-wrapper elementor-open-inline\">\n\t\t\t<div class=\"elementor-video\"><\/div>\t\t<\/div>\n\t\t\t\t<\/div>\n\t\t\t\t<\/div>\n\t\t\t\t\t<\/div>\n\t\t<\/div>\n\t\t\t\t\t\t\t<\/div>\n\t\t<\/section>\n\t\t\t\t<section class=\"elementor-section elementor-top-section elementor-element elementor-element-6858222 elementor-section-boxed elementor-section-height-default elementor-section-height-default\" data-id=\"6858222\" data-element_type=\"section\">\n\t\t\t\t\t\t<div class=\"elementor-container elementor-column-gap-default\">\n\t\t\t\t\t<div class=\"elementor-column elementor-col-100 elementor-top-column elementor-element elementor-element-665fb52\" data-id=\"665fb52\" data-element_type=\"column\">\n\t\t\t<div class=\"elementor-widget-wrap elementor-element-populated\">\n\t\t\t\t\t\t\t\t<div class=\"elementor-element elementor-element-f34e352 elementor-arrows-position-inside elementor-pagination-position-outside elementor-widget elementor-widget-image-carousel\" data-id=\"f34e352\" data-element_type=\"widget\" data-settings=\"{&quot;slides_to_show&quot;:&quot;4&quot;,&quot;slides_to_scroll&quot;:&quot;2&quot;,&quot;navigation&quot;:&quot;both&quot;,&quot;autoplay&quot;:&quot;yes&quot;,&quot;pause_on_hover&quot;:&quot;yes&quot;,&quot;pause_on_interaction&quot;:&quot;yes&quot;,&quot;autoplay_speed&quot;:5000,&quot;infinite&quot;:&quot;yes&quot;,&quot;speed&quot;:500}\" data-widget_type=\"image-carousel.default\">\n\t\t\t\t<div class=\"elementor-widget-container\">\n\t\t\t\t\t<div class=\"elementor-image-carousel-wrapper swiper-container\" dir=\"ltr\">\n\t\t\t<div class=\"elementor-image-carousel swiper-wrapper\" aria-live=\"off\">\n\t\t\t\t\t\t\t\t<div class=\"swiper-slide\" role=\"group\" aria-roledescription=\"slide\" aria-label=\"1 sur 6\"><figure class=\"swiper-slide-inner\"><img decoding=\"async\" class=\"swiper-slide-image\" src=\"https:\/\/fanfare-zebaliz.com\/wp-content\/uploads\/2023\/11\/40-ans-Zebaliz-Vauban-5-150x150.jpg\" alt=\"40 ans Ze\u0301baliz Vauban -5\" \/><\/figure><\/div><div class=\"swiper-slide\" role=\"group\" aria-roledescription=\"slide\" aria-label=\"2 sur 6\"><figure class=\"swiper-slide-inner\"><img decoding=\"async\" class=\"swiper-slide-image\" src=\"https:\/\/fanfare-zebaliz.com\/wp-content\/uploads\/2023\/11\/40-ans-Zebaliz-Vauban-14-150x150.jpg\" alt=\"40 ans Ze\u0301baliz Vauban -14\" \/><\/figure><\/div><div class=\"swiper-slide\" role=\"group\" aria-roledescription=\"slide\" aria-label=\"3 sur 6\"><figure class=\"swiper-slide-inner\"><img decoding=\"async\" class=\"swiper-slide-image\" src=\"https:\/\/fanfare-zebaliz.com\/wp-content\/uploads\/2023\/11\/40-ans-Zebaliz-Vauban-13-150x150.jpg\" alt=\"40 ans Ze\u0301baliz Vauban -13\" \/><\/figure><\/div><div class=\"swiper-slide\" role=\"group\" aria-roledescription=\"slide\" aria-label=\"4 sur 6\"><figure class=\"swiper-slide-inner\"><img decoding=\"async\" class=\"swiper-slide-image\" src=\"https:\/\/fanfare-zebaliz.com\/wp-content\/uploads\/2023\/11\/40-ans-Zebaliz-Vauban-12-150x150.jpg\" alt=\"40 ans Ze\u0301baliz Vauban -12\" \/><\/figure><\/div><div class=\"swiper-slide\" role=\"group\" aria-roledescription=\"slide\" aria-label=\"5 sur 6\"><figure class=\"swiper-slide-inner\"><img decoding=\"async\" class=\"swiper-slide-image\" src=\"https:\/\/fanfare-zebaliz.com\/wp-content\/uploads\/2023\/11\/40-ans-Zebaliz-Vauban-9-150x150.jpg\" alt=\"40 ans Ze\u0301baliz Vauban -9\" \/><\/figure><\/div><div class=\"swiper-slide\" role=\"group\" aria-roledescription=\"slide\" aria-label=\"6 sur 6\"><figure class=\"swiper-slide-inner\"><img decoding=\"async\" class=\"swiper-slide-image\" src=\"https:\/\/fanfare-zebaliz.com\/wp-content\/uploads\/2023\/11\/40-ans-Zebaliz-Vauban-6-150x150.jpg\" alt=\"40 ans Ze\u0301baliz Vauban -6\" \/><\/figure><\/div>\t\t\t<\/div>\n\t\t\t\t\t\t\t\t\t\t\t\t<div class=\"elementor-swiper-button elementor-swiper-button-prev\" role=\"button\" tabindex=\"0\">\n\t\t\t\t\t\t<i aria-hidden=\"true\" class=\"eicon-chevron-left\"><\/i>\t\t\t\t\t<\/div>\n\t\t\t\t\t<div class=\"elementor-swiper-button elementor-swiper-button-next\" role=\"button\" tabindex=\"0\">\n\t\t\t\t\t\t<i aria-hidden=\"true\" class=\"eicon-chevron-right\"><\/i>\t\t\t\t\t<\/div>\n\t\t\t\t\n\t\t\t\t\t\t\t\t\t<div class=\"swiper-pagination\"><\/div>\n\t\t\t\t\t\t\t\t\t<\/div>\n\t\t\t\t<\/div>\n\t\t\t\t<\/div>\n\t\t\t\t\t<\/div>\n\t\t<\/div>\n\t\t\t\t\t\t\t<\/div>\n\t\t<\/section>\n\t\t\t\t\t\t\t<\/div>\n\t\t","protected":false},"excerpt":{"rendered":"<p>Z\u00e9baliz f\u00eate ses 40 ans&#8230; La fanfare s&rsquo;est offert un chapiteau&#8230; On en r\u00eavait&#8230;. apr\u00e8s avoir emprunt\u00e9 le \u00ab\u00a0chapiteau de Dan\u00a0\u00bb (Mc Guigan&rsquo;s) pendant plus de dix ans (la premi\u00e8re fois pour notre premi\u00e8re \u00ab\u00a0Grande Zadrouille\u00a0\u00bb en 2012&#8230;. celui-ci \u00e9tait en vente&#8230; alors on n&rsquo;a pas r\u00e9sist\u00e9 longtemps et on [&hellip;]<\/p>\n","protected":false},"author":1,"featured_media":0,"parent":0,"menu_order":0,"comment_status":"closed","ping_status":"closed","template":"page-templates\/template-pagebuilder-full-width.php","meta":{"footnotes":""},"class_list":["post-1541","page","type-page","status-publish","hentry"],"_links":{"self":[{"href":"https:\/\/fanfare-zebaliz.com\/index.php\/wp-json\/wp\/v2\/pages\/1541","targetHints":{"allow":["GET"]}}],"collection":[{"href":"https:\/\/fanfare-zebaliz.com\/index.php\/wp-json\/wp\/v2\/pages"}],"about":[{"href":"https:\/\/fanfare-zebaliz.com\/index.php\/wp-json\/wp\/v2\/types\/page"}],"author":[{"embeddable":true,"href":"https:\/\/fanfare-zebaliz.com\/index.php\/wp-json\/wp\/v2\/users\/1"}],"replies":[{"embeddable":true,"href":"https:\/\/fanfare-zebaliz.com\/index.php\/wp-json\/wp\/v2\/comments?post=1541"}],"version-history":[{"count":37,"href":"https:\/\/fanfare-zebaliz.com\/index.php\/wp-json\/wp\/v2\/pages\/1541\/revisions"}],"predecessor-version":[{"id":1626,"href":"https:\/\/fanfare-zebaliz.com\/index.php\/wp-json\/wp\/v2\/pages\/1541\/revisions\/1626"}],"wp:attachment":[{"href":"https:\/\/fanfare-zebaliz.com\/index.php\/wp-json\/wp\/v2\/media?parent=1541"}],"curies":[{"name":"wp","href":"https:\/\/api.w.org\/{rel}","templated":true}]}}