{"id":135,"date":"2019-07-30T11:19:32","date_gmt":"2019-07-30T09:19:32","guid":{"rendered":"http:\/\/lctufbf.cluster020.hosting.ovh.net\/?page_id=135"},"modified":"2019-08-25T19:36:55","modified_gmt":"2019-08-25T17:36:55","slug":"sopranos","status":"publish","type":"page","link":"https:\/\/fanfare-zebaliz.com\/index.php\/pupitres\/sopranos\/","title":{"rendered":"Sopranos"},"content":{"rendered":"\n<figure class=\"wp-block-image\"><img loading=\"lazy\" decoding=\"async\" width=\"676\" height=\"500\" src=\"https:\/\/fanfare-zebaliz.com\/wp-content\/uploads\/2019\/07\/sopranos.jpg\" alt=\"\" class=\"wp-image-136\" srcset=\"https:\/\/fanfare-zebaliz.com\/wp-content\/uploads\/2019\/07\/sopranos.jpg 676w, https:\/\/fanfare-zebaliz.com\/wp-content\/uploads\/2019\/07\/sopranos-300x222.jpg 300w\" sizes=\"auto, (max-width: 676px) 100vw, 676px\" \/><\/figure>\n\n\n\n<p>Petit instrument en m\u00e9tal dor\u00e9 ou argent\u00e9 muni d\u2019un nombre respectable de cl\u00e9s, jou\u00e9 actuellement par Ma\u00efwenn la Blonde et Brigitte&#8230;et autrefois par Maurice. Les saxophones sopranos r\u00e9alisent quelques solos remarqu\u00e9s, et sont souvent devant le public, gesticulant avec les autres pipeaux et cachant alors les autres instrumentistes. Poss\u00e8dent, parait-il, un timbre fort diff\u00e9rent des clarinettes, et peuvent donc pr\u00e9tendre, \u00e0 ce titre, \u00e0 des partitions sp\u00e9cifiques.<\/p>\n\n\n\n<div class=\"wp-block-image\"><figure class=\"aligncenter\"><img loading=\"lazy\" decoding=\"async\" width=\"600\" height=\"431\" src=\"https:\/\/fanfare-zebaliz.com\/wp-content\/uploads\/2019\/08\/Z\u00e9baliz-Berlin-sopranos-aout19-122.jpg\" alt=\"\" class=\"wp-image-663\"\/><\/figure><\/div>\n","protected":false},"excerpt":{"rendered":"<p>Petit instrument en m\u00e9tal dor\u00e9 ou argent\u00e9 muni d\u2019un nombre respectable de cl\u00e9s, jou\u00e9 actuellement par Ma\u00efwenn la Blonde et Brigitte&#8230;et autrefois par Maurice. Les saxophones sopranos r\u00e9alisent quelques solos remarqu\u00e9s, et sont souvent devant le public, gesticulant avec les autres pipeaux et cachant alors les autres instrumentistes. Poss\u00e8dent, parait-il, [&hellip;]<\/p>\n","protected":false},"author":1,"featured_media":662,"parent":76,"menu_order":0,"comment_status":"closed","ping_status":"closed","template":"","meta":{"footnotes":""},"class_list":["post-135","page","type-page","status-publish","has-post-thumbnail","hentry"],"_links":{"self":[{"href":"https:\/\/fanfare-zebaliz.com\/index.php\/wp-json\/wp\/v2\/pages\/135","targetHints":{"allow":["GET"]}}],"collection":[{"href":"https:\/\/fanfare-zebaliz.com\/index.php\/wp-json\/wp\/v2\/pages"}],"about":[{"href":"https:\/\/fanfare-zebaliz.com\/index.php\/wp-json\/wp\/v2\/types\/page"}],"author":[{"embeddable":true,"href":"https:\/\/fanfare-zebaliz.com\/index.php\/wp-json\/wp\/v2\/users\/1"}],"replies":[{"embeddable":true,"href":"https:\/\/fanfare-zebaliz.com\/index.php\/wp-json\/wp\/v2\/comments?post=135"}],"version-history":[{"count":3,"href":"https:\/\/fanfare-zebaliz.com\/index.php\/wp-json\/wp\/v2\/pages\/135\/revisions"}],"predecessor-version":[{"id":664,"href":"https:\/\/fanfare-zebaliz.com\/index.php\/wp-json\/wp\/v2\/pages\/135\/revisions\/664"}],"up":[{"embeddable":true,"href":"https:\/\/fanfare-zebaliz.com\/index.php\/wp-json\/wp\/v2\/pages\/76"}],"wp:featuredmedia":[{"embeddable":true,"href":"https:\/\/fanfare-zebaliz.com\/index.php\/wp-json\/wp\/v2\/media\/662"}],"wp:attachment":[{"href":"https:\/\/fanfare-zebaliz.com\/index.php\/wp-json\/wp\/v2\/media?parent=135"}],"curies":[{"name":"wp","href":"https:\/\/api.w.org\/{rel}","templated":true}]}}