{"id":128,"date":"2019-07-30T10:08:05","date_gmt":"2019-07-30T08:08:05","guid":{"rendered":"http:\/\/lctufbf.cluster020.hosting.ovh.net\/?page_id=128"},"modified":"2019-08-25T19:43:03","modified_gmt":"2019-08-25T17:43:03","slug":"tenors","status":"publish","type":"page","link":"https:\/\/fanfare-zebaliz.com\/index.php\/pupitres\/tenors\/","title":{"rendered":"T\u00e9nors"},"content":{"rendered":"\n<div class=\"wp-block-image\"><figure class=\"aligncenter\"><img loading=\"lazy\" decoding=\"async\" width=\"900\" height=\"438\" src=\"https:\/\/fanfare-zebaliz.com\/wp-content\/uploads\/2019\/07\/tenors.jpg\" alt=\"\" class=\"wp-image-129\" srcset=\"https:\/\/fanfare-zebaliz.com\/wp-content\/uploads\/2019\/07\/tenors.jpg 900w, https:\/\/fanfare-zebaliz.com\/wp-content\/uploads\/2019\/07\/tenors-300x146.jpg 300w, https:\/\/fanfare-zebaliz.com\/wp-content\/uploads\/2019\/07\/tenors-768x374.jpg 768w\" sizes=\"auto, (max-width: 900px) 100vw, 900px\" \/><\/figure><\/div>\n\n\n\n<p><strong>Saxophone t\u00e9nor<\/strong> : Grand instrument sonore en m\u00e9tal dor\u00e9 ou argent\u00e9 qui ressemble \u00e0 un alto, en ayant la forme mais pas la taille, l\u2019anche mais pas le son, les cl\u00e9s mais pas la discr\u00e9tion. Pendant longtemps qualifi\u00e9 de pupitre fant\u00f4me, il est aujourd\u2019hui un des plus solides, r\u00e9v\u00e9lateur incontournable des contre-chants. Gr\u00e2ce \u00e0 ses trois gr\u00e2ces \u2014 Flo, Fanny et Marion \u2014 il apporte un peu de douceur et de subtilit\u00e9 au jeu de la fanfare qui en manque parfois un peu.<\/p>\n\n\n\n<div class=\"wp-block-image\"><figure class=\"aligncenter\"><img loading=\"lazy\" decoding=\"async\" width=\"397\" height=\"600\" src=\"https:\/\/fanfare-zebaliz.com\/wp-content\/uploads\/2019\/08\/Z\u00e9baliz-Flo-tenor-Berlin-aout19-521.jpg\" alt=\"\" class=\"wp-image-668\"\/><\/figure><\/div>\n\n\n\n<p><\/p>\n","protected":false},"excerpt":{"rendered":"<p>Saxophone t\u00e9nor : Grand instrument sonore en m\u00e9tal dor\u00e9 ou argent\u00e9 qui ressemble \u00e0 un alto, en ayant la forme mais pas la taille, l\u2019anche mais pas le son, les cl\u00e9s mais pas la discr\u00e9tion. Pendant longtemps qualifi\u00e9 de pupitre fant\u00f4me, il est aujourd\u2019hui un des plus solides, r\u00e9v\u00e9lateur incontournable [&hellip;]<\/p>\n","protected":false},"author":1,"featured_media":667,"parent":76,"menu_order":0,"comment_status":"closed","ping_status":"closed","template":"","meta":{"footnotes":""},"class_list":["post-128","page","type-page","status-publish","has-post-thumbnail","hentry"],"_links":{"self":[{"href":"https:\/\/fanfare-zebaliz.com\/index.php\/wp-json\/wp\/v2\/pages\/128","targetHints":{"allow":["GET"]}}],"collection":[{"href":"https:\/\/fanfare-zebaliz.com\/index.php\/wp-json\/wp\/v2\/pages"}],"about":[{"href":"https:\/\/fanfare-zebaliz.com\/index.php\/wp-json\/wp\/v2\/types\/page"}],"author":[{"embeddable":true,"href":"https:\/\/fanfare-zebaliz.com\/index.php\/wp-json\/wp\/v2\/users\/1"}],"replies":[{"embeddable":true,"href":"https:\/\/fanfare-zebaliz.com\/index.php\/wp-json\/wp\/v2\/comments?post=128"}],"version-history":[{"count":3,"href":"https:\/\/fanfare-zebaliz.com\/index.php\/wp-json\/wp\/v2\/pages\/128\/revisions"}],"predecessor-version":[{"id":669,"href":"https:\/\/fanfare-zebaliz.com\/index.php\/wp-json\/wp\/v2\/pages\/128\/revisions\/669"}],"up":[{"embeddable":true,"href":"https:\/\/fanfare-zebaliz.com\/index.php\/wp-json\/wp\/v2\/pages\/76"}],"wp:featuredmedia":[{"embeddable":true,"href":"https:\/\/fanfare-zebaliz.com\/index.php\/wp-json\/wp\/v2\/media\/667"}],"wp:attachment":[{"href":"https:\/\/fanfare-zebaliz.com\/index.php\/wp-json\/wp\/v2\/media?parent=128"}],"curies":[{"name":"wp","href":"https:\/\/api.w.org\/{rel}","templated":true}]}}