{"id":1218,"date":"2020-04-02T14:11:17","date_gmt":"2020-04-02T12:11:17","guid":{"rendered":"http:\/\/lctufbf.cluster020.hosting.ovh.net\/?page_id=1218"},"modified":"2020-04-02T14:11:18","modified_gmt":"2020-04-02T12:11:18","slug":"les-percussions","status":"publish","type":"page","link":"https:\/\/fanfare-zebaliz.com\/index.php\/pupitres\/les-percussions\/","title":{"rendered":"Les percussions"},"content":{"rendered":"\n<figure class=\"wp-block-image\"><img loading=\"lazy\" decoding=\"async\" width=\"800\" height=\"380\" src=\"https:\/\/fanfare-zebaliz.com\/wp-content\/uploads\/2020\/04\/Percus-800b.jpg\" alt=\"\" class=\"wp-image-1220\" srcset=\"https:\/\/fanfare-zebaliz.com\/wp-content\/uploads\/2020\/04\/Percus-800b.jpg 800w, https:\/\/fanfare-zebaliz.com\/wp-content\/uploads\/2020\/04\/Percus-800b-600x285.jpg 600w, https:\/\/fanfare-zebaliz.com\/wp-content\/uploads\/2020\/04\/Percus-800b-768x365.jpg 768w\" sizes=\"auto, (max-width: 800px) 100vw, 800px\" \/><\/figure>\n\n\n\n<p><strong>PQ<\/strong> ou PerQ ou Percu\u00a0: Notre bo\u00eete \u00e0 rythme \u00e0 nous. Et sans rythme, pas de fanfare\u00a0! Pour vous dire comme il est important, ce pupitre.\u00a0C\u2019est la <strong>grosse caisse<\/strong> qui nous entra\u00eene et nous inculque un minimum de discipline musicale &#8211; son absence est terriblement remarqu\u00e9e lors des r\u00e9p\u00e9s et inconcevable lors des sorties. Sa taille et son poids remarquables ne l\u2019emp\u00eachent pas d\u2019\u00eatre l\u2019instrument le plus mobile de la fanfare en raison de la PTT (Poussette Tout Terrain) qui permet de la v\u00e9hiculer sans grosse difficult\u00e9 d\u2019un trottoir \u00e0 l\u2019autre ou d\u2019un bar \u00e0 l\u2019autre. C\u2019est Annie qui tient sa mailloche depuis la pr\u00e9histoire de la fanfare.\u00a0Et c\u2019est l\u2019autre moiti\u00e9 du bin\u00f4me, Guillaume, \u00e0 la <strong>caisse claire<\/strong> qui pimente les rythmes tropico-l\u00e9onards du r\u00e9pertoire z\u00e9balizien et dont la justesse rythmique rend envieux de nombreuses autres fanfares. Jean-Luc, ancien pilier et anc\u00eatre des percussions, nous suit maintenant de loin en loin.<br>Ce bin\u00f4me est en fait un trin\u00f4me, dont la troisi\u00e8me partie est constitu\u00e9e d\u2019un <strong>banjo\u00efste<\/strong> (\u00a0?) aussi appel\u00e9 Ivan, qui semble, par la puissance de son son, relativement absent, mais qui, en fait, \u00e9coutez bien, est tr\u00e8s, tr\u00e8s pr\u00e9sent\u00a0!<\/p>\n\n\n\n<div class=\"wp-block-themeisle-blocks-advanced-columns has-undefined-columns has-desktop-undefined-layout has-tablet-equal-layout has-mobile-equal-layout has-default-gap has-vertical-unset\" id=\"wp-block-themeisle-blocks-advanced-columns-f00df4b8\" style=\"border-width:0px;border-style:solid;border-color:#000000;border-radius:0px;justify-content:unset\"><div class=\"wp-themeisle-block-overlay\" style=\"opacity:0.5;mix-blend-mode:normal\"><\/div><div class=\"innerblocks-wrap\"><\/div><\/div>\n","protected":false},"excerpt":{"rendered":"<p>PQ ou PerQ ou Percu\u00a0: Notre bo\u00eete \u00e0 rythme \u00e0 nous. Et sans rythme, pas de fanfare\u00a0! Pour vous dire comme il est important, ce pupitre.\u00a0C\u2019est la grosse caisse qui nous entra\u00eene et nous inculque un minimum de discipline musicale &#8211; son absence est terriblement remarqu\u00e9e lors des r\u00e9p\u00e9s et [&hellip;]<\/p>\n","protected":false},"author":1,"featured_media":1221,"parent":76,"menu_order":0,"comment_status":"closed","ping_status":"closed","template":"","meta":{"footnotes":""},"class_list":["post-1218","page","type-page","status-publish","has-post-thumbnail","hentry"],"_links":{"self":[{"href":"https:\/\/fanfare-zebaliz.com\/index.php\/wp-json\/wp\/v2\/pages\/1218","targetHints":{"allow":["GET"]}}],"collection":[{"href":"https:\/\/fanfare-zebaliz.com\/index.php\/wp-json\/wp\/v2\/pages"}],"about":[{"href":"https:\/\/fanfare-zebaliz.com\/index.php\/wp-json\/wp\/v2\/types\/page"}],"author":[{"embeddable":true,"href":"https:\/\/fanfare-zebaliz.com\/index.php\/wp-json\/wp\/v2\/users\/1"}],"replies":[{"embeddable":true,"href":"https:\/\/fanfare-zebaliz.com\/index.php\/wp-json\/wp\/v2\/comments?post=1218"}],"version-history":[{"count":1,"href":"https:\/\/fanfare-zebaliz.com\/index.php\/wp-json\/wp\/v2\/pages\/1218\/revisions"}],"predecessor-version":[{"id":1222,"href":"https:\/\/fanfare-zebaliz.com\/index.php\/wp-json\/wp\/v2\/pages\/1218\/revisions\/1222"}],"up":[{"embeddable":true,"href":"https:\/\/fanfare-zebaliz.com\/index.php\/wp-json\/wp\/v2\/pages\/76"}],"wp:featuredmedia":[{"embeddable":true,"href":"https:\/\/fanfare-zebaliz.com\/index.php\/wp-json\/wp\/v2\/media\/1221"}],"wp:attachment":[{"href":"https:\/\/fanfare-zebaliz.com\/index.php\/wp-json\/wp\/v2\/media?parent=1218"}],"curies":[{"name":"wp","href":"https:\/\/api.w.org\/{rel}","templated":true}]}}