{"id":1212,"date":"2020-04-02T13:58:10","date_gmt":"2020-04-02T11:58:10","guid":{"rendered":"http:\/\/lctufbf.cluster020.hosting.ovh.net\/?page_id=1212"},"modified":"2020-04-03T10:10:22","modified_gmt":"2020-04-03T08:10:22","slug":"basses","status":"publish","type":"page","link":"https:\/\/fanfare-zebaliz.com\/index.php\/pupitres\/basses\/","title":{"rendered":"Basses"},"content":{"rendered":"\n<figure class=\"wp-block-image\"><img loading=\"lazy\" decoding=\"async\" width=\"800\" height=\"240\" src=\"https:\/\/fanfare-zebaliz.com\/wp-content\/uploads\/2020\/04\/Basses.jpg\" alt=\"\" class=\"wp-image-1214\" srcset=\"https:\/\/fanfare-zebaliz.com\/wp-content\/uploads\/2020\/04\/Basses.jpg 800w, https:\/\/fanfare-zebaliz.com\/wp-content\/uploads\/2020\/04\/Basses-600x180.jpg 600w, https:\/\/fanfare-zebaliz.com\/wp-content\/uploads\/2020\/04\/Basses-768x230.jpg 768w\" sizes=\"auto, (max-width: 800px) 100vw, 800px\" \/><\/figure>\n\n\n\n<p><strong>Basse<\/strong> Appelation commune du pupitre des \u00ab\u00a0gros cuivres\u00a0\u00bb. Un pupitre musicalement indispensable, car c\u2019est lui qui donne cette assise solide sur laquelle s&rsquo;appuie le reste de la fanfare. Repr\u00e9sent\u00e9 \u00e0 la fanfare par deux \u00ab\u00a0petits\u00a0\u00bb tubas, un sax baryton et deux sousaphones \u2014 \u00e0 ne pas confondre avec les h\u00e9licon-con-cons. Le tuyau enroul\u00e9 autour du musicien du soubassophone lui permet d&rsquo;ailleurs de d\u00e9ambuler, et son imposant pavillon peut servir, au choix, de corne de brume, de tapette \u00e0 mouche, de couvre-chef ou encore de grosse matraque pour assommer le voisin.\u00a0\u00c0 la fanfare, les basses sont cinq, Nathalie, Vincent, Alain, Brendan et C\u00e9line. Ce boys and girls band forme, un pupitre toujours homog\u00e8ne, indispensable, imputrescible et l\u00e9gendaire.<\/p>\n\n\n\n<figure class=\"wp-block-image\"><img loading=\"lazy\" decoding=\"async\" width=\"600\" height=\"590\" src=\"https:\/\/fanfare-zebaliz.com\/wp-content\/uploads\/2020\/04\/Z\u00e9baliz-basses-Berlin-aout19-397.jpg\" alt=\"\" class=\"wp-image-1213\"\/><\/figure>\n\n\n\n<div class=\"wp-block-themeisle-blocks-advanced-columns has-undefined-columns has-desktop-undefined-layout has-tablet-equal-layout has-mobile-equal-layout has-default-gap has-vertical-unset\" id=\"wp-block-themeisle-blocks-advanced-columns-e082f089\" style=\"border-width:0px;border-style:solid;border-color:#000000;border-radius:0px;justify-content:unset\"><div class=\"wp-themeisle-block-overlay\" style=\"opacity:0.5;mix-blend-mode:normal\"><\/div><div class=\"innerblocks-wrap\"><\/div><\/div>\n","protected":false},"excerpt":{"rendered":"<p>Basse Appelation commune du pupitre des \u00ab\u00a0gros cuivres\u00a0\u00bb. Un pupitre musicalement indispensable, car c\u2019est lui qui donne cette assise solide sur laquelle s&rsquo;appuie le reste de la fanfare. Repr\u00e9sent\u00e9 \u00e0 la fanfare par deux \u00ab\u00a0petits\u00a0\u00bb tubas, un sax baryton et deux sousaphones \u2014 \u00e0 ne pas confondre avec les h\u00e9licon-con-cons. [&hellip;]<\/p>\n","protected":false},"author":1,"featured_media":1215,"parent":76,"menu_order":0,"comment_status":"closed","ping_status":"closed","template":"","meta":{"footnotes":""},"class_list":["post-1212","page","type-page","status-publish","has-post-thumbnail","hentry"],"_links":{"self":[{"href":"https:\/\/fanfare-zebaliz.com\/index.php\/wp-json\/wp\/v2\/pages\/1212","targetHints":{"allow":["GET"]}}],"collection":[{"href":"https:\/\/fanfare-zebaliz.com\/index.php\/wp-json\/wp\/v2\/pages"}],"about":[{"href":"https:\/\/fanfare-zebaliz.com\/index.php\/wp-json\/wp\/v2\/types\/page"}],"author":[{"embeddable":true,"href":"https:\/\/fanfare-zebaliz.com\/index.php\/wp-json\/wp\/v2\/users\/1"}],"replies":[{"embeddable":true,"href":"https:\/\/fanfare-zebaliz.com\/index.php\/wp-json\/wp\/v2\/comments?post=1212"}],"version-history":[{"count":2,"href":"https:\/\/fanfare-zebaliz.com\/index.php\/wp-json\/wp\/v2\/pages\/1212\/revisions"}],"predecessor-version":[{"id":1231,"href":"https:\/\/fanfare-zebaliz.com\/index.php\/wp-json\/wp\/v2\/pages\/1212\/revisions\/1231"}],"up":[{"embeddable":true,"href":"https:\/\/fanfare-zebaliz.com\/index.php\/wp-json\/wp\/v2\/pages\/76"}],"wp:featuredmedia":[{"embeddable":true,"href":"https:\/\/fanfare-zebaliz.com\/index.php\/wp-json\/wp\/v2\/media\/1215"}],"wp:attachment":[{"href":"https:\/\/fanfare-zebaliz.com\/index.php\/wp-json\/wp\/v2\/media?parent=1212"}],"curies":[{"name":"wp","href":"https:\/\/api.w.org\/{rel}","templated":true}]}}