{"id":121,"date":"2019-07-30T09:38:14","date_gmt":"2019-07-30T07:38:14","guid":{"rendered":"http:\/\/lctufbf.cluster020.hosting.ovh.net\/?page_id=121"},"modified":"2020-04-02T14:12:27","modified_gmt":"2020-04-02T12:12:27","slug":"altos-3","status":"publish","type":"page","link":"https:\/\/fanfare-zebaliz.com\/index.php\/pupitres\/altos-3\/","title":{"rendered":"Altos"},"content":{"rendered":"\n<figure class=\"wp-block-image\"><img loading=\"lazy\" decoding=\"async\" width=\"900\" height=\"264\" src=\"https:\/\/fanfare-zebaliz.com\/wp-content\/uploads\/2019\/07\/Altos-2.jpg\" alt=\"\" class=\"wp-image-125\" srcset=\"https:\/\/fanfare-zebaliz.com\/wp-content\/uploads\/2019\/07\/Altos-2.jpg 900w, https:\/\/fanfare-zebaliz.com\/wp-content\/uploads\/2019\/07\/Altos-2-300x88.jpg 300w, https:\/\/fanfare-zebaliz.com\/wp-content\/uploads\/2019\/07\/Altos-2-768x225.jpg 768w\" sizes=\"auto, (max-width: 900px) 100vw, 900px\" \/><\/figure>\n\n\n\n<p><strong>Saxophone alto&nbsp;:&nbsp;<\/strong> Instrument de taille moyenne en m\u00e9tal dor\u00e9 (ou argent\u00e9 depuis l\u2019arriv\u00e9e de Jacques) et qui ressemble \u00e0 un soprano pris de convulsion. Jou\u00e9 \u00e0 la fanfare par cinq musiciens dont trois filles, Marie, Laurianne et Florence, et deux jeunes hommes, Jacques et Pascal. Les saxophones altos sont sujets \u00e0 des plaisanteries attachantes mais aussi \u00e0 des remarques perfides&nbsp;! Parfois complex\u00e9s par rapport \u00e0 leur petite taille, les altos peuvent faire les int\u00e9ressants en gesticulant devant le public \u00e0 condition que les pipeaux leur laissant la place.<\/p>\n","protected":false},"excerpt":{"rendered":"<p>Saxophone alto&nbsp;:&nbsp; Instrument de taille moyenne en m\u00e9tal dor\u00e9 (ou argent\u00e9 depuis l\u2019arriv\u00e9e de Jacques) et qui ressemble \u00e0 un soprano pris de convulsion. Jou\u00e9 \u00e0 la fanfare par cinq musiciens dont trois filles, Marie, Laurianne et Florence, et deux jeunes hommes, Jacques et Pascal. Les saxophones altos sont sujets [&hellip;]<\/p>\n","protected":false},"author":1,"featured_media":0,"parent":76,"menu_order":0,"comment_status":"closed","ping_status":"closed","template":"","meta":{"footnotes":""},"class_list":["post-121","page","type-page","status-publish","hentry"],"_links":{"self":[{"href":"https:\/\/fanfare-zebaliz.com\/index.php\/wp-json\/wp\/v2\/pages\/121","targetHints":{"allow":["GET"]}}],"collection":[{"href":"https:\/\/fanfare-zebaliz.com\/index.php\/wp-json\/wp\/v2\/pages"}],"about":[{"href":"https:\/\/fanfare-zebaliz.com\/index.php\/wp-json\/wp\/v2\/types\/page"}],"author":[{"embeddable":true,"href":"https:\/\/fanfare-zebaliz.com\/index.php\/wp-json\/wp\/v2\/users\/1"}],"replies":[{"embeddable":true,"href":"https:\/\/fanfare-zebaliz.com\/index.php\/wp-json\/wp\/v2\/comments?post=121"}],"version-history":[{"count":5,"href":"https:\/\/fanfare-zebaliz.com\/index.php\/wp-json\/wp\/v2\/pages\/121\/revisions"}],"predecessor-version":[{"id":1193,"href":"https:\/\/fanfare-zebaliz.com\/index.php\/wp-json\/wp\/v2\/pages\/121\/revisions\/1193"}],"up":[{"embeddable":true,"href":"https:\/\/fanfare-zebaliz.com\/index.php\/wp-json\/wp\/v2\/pages\/76"}],"wp:attachment":[{"href":"https:\/\/fanfare-zebaliz.com\/index.php\/wp-json\/wp\/v2\/media?parent=121"}],"curies":[{"name":"wp","href":"https:\/\/api.w.org\/{rel}","templated":true}]}}