{"id":1204,"date":"2020-04-02T13:40:50","date_gmt":"2020-04-02T11:40:50","guid":{"rendered":"http:\/\/lctufbf.cluster020.hosting.ovh.net\/?page_id=1204"},"modified":"2020-04-02T14:13:11","modified_gmt":"2020-04-02T12:13:11","slug":"trombones","status":"publish","type":"page","link":"https:\/\/fanfare-zebaliz.com\/index.php\/pupitres\/trombones\/","title":{"rendered":"Trombones"},"content":{"rendered":"\n<figure class=\"wp-block-image\"><img loading=\"lazy\" decoding=\"async\" width=\"600\" height=\"320\" src=\"https:\/\/fanfare-zebaliz.com\/wp-content\/uploads\/2020\/04\/Z\u00e9baliz-Berlin-trb-aout19-124.jpg\" alt=\"\" class=\"wp-image-1205\"\/><\/figure>\n\n\n\n<p><strong>Trombone<\/strong> Pendant longtemps absent de la fanfare, faute de tromboniste, le trombone est aujourd\u2019hui fort bien repr\u00e9sent\u00e9. Ana\u00efg la Brune, Isabelle la voyageuse, C\u00e9dric Number one, Laurent le petit nouveau et L\u00e9on le Pr\u00e9sident forment un quintet remarqu\u00e9, pas n\u00e9cessairement pour leur pr\u00e9sence r\u00e9guli\u00e8re, mais pour la virtuosit\u00e9 avec laquelle ils manient leurs coulisses. Le renouveau incontestable de ce pupitre, li\u00e9 \u00e0 l\u2019arriv\u00e9e de deux filles motiv\u00e9es qui savent encadrer le pr\u00e9sident dans ses errements glissandiques, dirig\u00e9 de main de ma\u00eetre par Number one, a rendu possible le d\u00e9veloppement tant attendu par le public (et le chef) de la section vibrante des cuivres.<\/p>\n\n\n\n<figure class=\"wp-block-image\"><img loading=\"lazy\" decoding=\"async\" width=\"800\" height=\"400\" src=\"https:\/\/fanfare-zebaliz.com\/wp-content\/uploads\/2020\/04\/Trombones-800.jpg\" alt=\"\" class=\"wp-image-1206\" srcset=\"https:\/\/fanfare-zebaliz.com\/wp-content\/uploads\/2020\/04\/Trombones-800.jpg 800w, https:\/\/fanfare-zebaliz.com\/wp-content\/uploads\/2020\/04\/Trombones-800-600x300.jpg 600w, https:\/\/fanfare-zebaliz.com\/wp-content\/uploads\/2020\/04\/Trombones-800-768x384.jpg 768w\" sizes=\"auto, (max-width: 800px) 100vw, 800px\" \/><\/figure>\n","protected":false},"excerpt":{"rendered":"<p>Trombone Pendant longtemps absent de la fanfare, faute de tromboniste, le trombone est aujourd\u2019hui fort bien repr\u00e9sent\u00e9. Ana\u00efg la Brune, Isabelle la voyageuse, C\u00e9dric Number one, Laurent le petit nouveau et L\u00e9on le Pr\u00e9sident forment un quintet remarqu\u00e9, pas n\u00e9cessairement pour leur pr\u00e9sence r\u00e9guli\u00e8re, mais pour la virtuosit\u00e9 avec laquelle [&hellip;]<\/p>\n","protected":false},"author":1,"featured_media":1209,"parent":76,"menu_order":0,"comment_status":"closed","ping_status":"closed","template":"","meta":{"footnotes":""},"class_list":["post-1204","page","type-page","status-publish","has-post-thumbnail","hentry"],"_links":{"self":[{"href":"https:\/\/fanfare-zebaliz.com\/index.php\/wp-json\/wp\/v2\/pages\/1204","targetHints":{"allow":["GET"]}}],"collection":[{"href":"https:\/\/fanfare-zebaliz.com\/index.php\/wp-json\/wp\/v2\/pages"}],"about":[{"href":"https:\/\/fanfare-zebaliz.com\/index.php\/wp-json\/wp\/v2\/types\/page"}],"author":[{"embeddable":true,"href":"https:\/\/fanfare-zebaliz.com\/index.php\/wp-json\/wp\/v2\/users\/1"}],"replies":[{"embeddable":true,"href":"https:\/\/fanfare-zebaliz.com\/index.php\/wp-json\/wp\/v2\/comments?post=1204"}],"version-history":[{"count":1,"href":"https:\/\/fanfare-zebaliz.com\/index.php\/wp-json\/wp\/v2\/pages\/1204\/revisions"}],"predecessor-version":[{"id":1207,"href":"https:\/\/fanfare-zebaliz.com\/index.php\/wp-json\/wp\/v2\/pages\/1204\/revisions\/1207"}],"up":[{"embeddable":true,"href":"https:\/\/fanfare-zebaliz.com\/index.php\/wp-json\/wp\/v2\/pages\/76"}],"wp:featuredmedia":[{"embeddable":true,"href":"https:\/\/fanfare-zebaliz.com\/index.php\/wp-json\/wp\/v2\/media\/1209"}],"wp:attachment":[{"href":"https:\/\/fanfare-zebaliz.com\/index.php\/wp-json\/wp\/v2\/media?parent=1204"}],"curies":[{"name":"wp","href":"https:\/\/api.w.org\/{rel}","templated":true}]}}