{"id":1199,"date":"2020-04-02T13:33:31","date_gmt":"2020-04-02T11:33:31","guid":{"rendered":"http:\/\/lctufbf.cluster020.hosting.ovh.net\/?page_id=1199"},"modified":"2020-04-02T14:12:41","modified_gmt":"2020-04-02T12:12:41","slug":"clarinettes","status":"publish","type":"page","link":"https:\/\/fanfare-zebaliz.com\/index.php\/pupitres\/clarinettes\/","title":{"rendered":"Clarinettes"},"content":{"rendered":"\n<figure class=\"wp-block-image\"><img loading=\"lazy\" decoding=\"async\" width=\"800\" height=\"299\" src=\"https:\/\/fanfare-zebaliz.com\/wp-content\/uploads\/2020\/04\/Clarinettes-800.jpg\" alt=\"\" class=\"wp-image-1200\" srcset=\"https:\/\/fanfare-zebaliz.com\/wp-content\/uploads\/2020\/04\/Clarinettes-800.jpg 800w, https:\/\/fanfare-zebaliz.com\/wp-content\/uploads\/2020\/04\/Clarinettes-800-600x224.jpg 600w, https:\/\/fanfare-zebaliz.com\/wp-content\/uploads\/2020\/04\/Clarinettes-800-768x287.jpg 768w\" sizes=\"auto, (max-width: 800px) 100vw, 800px\" \/><\/figure>\n\n\n\n<p><strong>Clarinette<\/strong> Instrument en bois et \u00e0 anche utilis\u00e9 par Mozart, Sydney B\u00e9chet, Benny Goodman et la fanfare Z\u00e9baliz. Le pupitre des clarinettes, \u00e9galement appel\u00e9 pupitre des pipeaux, est un pupitre politiquement sensible\u00a0: c\u2019est celui du chef qui l\u2019utilise autant comme baguette pour nous diriger, que comme b\u00e2ton pour donner des coups aux fanfarons indisciplin\u00e9s\u00a0! Dans ce contexte, les trois autres clarinettes, Marguerite, Thomas et Laure, bien que tir\u00e9s vers le haut, ont parfois du mal \u00e0 suivre les variations improvis\u00e9es dans le suraigu de Georges (le chef). Heureusement, ils remettent r\u00e9guli\u00e8rement Herbert G. von B. \u00e0 sa place\u00a0: une gesticulation forcen\u00e9e et d\u00e9sesp\u00e9r\u00e9e qui le rend aphone \u00e0 chaque r\u00e9p\u00e9.<\/p>\n\n\n\n<div class=\"wp-block-themeisle-blocks-advanced-columns has-undefined-columns has-desktop-undefined-layout has-tablet-equal-layout has-mobile-equal-layout has-default-gap has-vertical-unset\" id=\"wp-block-themeisle-blocks-advanced-columns-4ae2bfc4\" style=\"border-width:0px;border-style:solid;border-color:#000000;border-radius:0px;justify-content:unset\"><div class=\"wp-themeisle-block-overlay\" style=\"opacity:0.5;mix-blend-mode:normal\"><\/div><div class=\"innerblocks-wrap\"><\/div><\/div>\n","protected":false},"excerpt":{"rendered":"<p>Clarinette Instrument en bois et \u00e0 anche utilis\u00e9 par Mozart, Sydney B\u00e9chet, Benny Goodman et la fanfare Z\u00e9baliz. Le pupitre des clarinettes, \u00e9galement appel\u00e9 pupitre des pipeaux, est un pupitre politiquement sensible\u00a0: c\u2019est celui du chef qui l\u2019utilise autant comme baguette pour nous diriger, que comme b\u00e2ton pour donner des [&hellip;]<\/p>\n","protected":false},"author":1,"featured_media":1201,"parent":76,"menu_order":0,"comment_status":"closed","ping_status":"closed","template":"","meta":{"footnotes":""},"class_list":["post-1199","page","type-page","status-publish","has-post-thumbnail","hentry"],"_links":{"self":[{"href":"https:\/\/fanfare-zebaliz.com\/index.php\/wp-json\/wp\/v2\/pages\/1199","targetHints":{"allow":["GET"]}}],"collection":[{"href":"https:\/\/fanfare-zebaliz.com\/index.php\/wp-json\/wp\/v2\/pages"}],"about":[{"href":"https:\/\/fanfare-zebaliz.com\/index.php\/wp-json\/wp\/v2\/types\/page"}],"author":[{"embeddable":true,"href":"https:\/\/fanfare-zebaliz.com\/index.php\/wp-json\/wp\/v2\/users\/1"}],"replies":[{"embeddable":true,"href":"https:\/\/fanfare-zebaliz.com\/index.php\/wp-json\/wp\/v2\/comments?post=1199"}],"version-history":[{"count":1,"href":"https:\/\/fanfare-zebaliz.com\/index.php\/wp-json\/wp\/v2\/pages\/1199\/revisions"}],"predecessor-version":[{"id":1202,"href":"https:\/\/fanfare-zebaliz.com\/index.php\/wp-json\/wp\/v2\/pages\/1199\/revisions\/1202"}],"up":[{"embeddable":true,"href":"https:\/\/fanfare-zebaliz.com\/index.php\/wp-json\/wp\/v2\/pages\/76"}],"wp:featuredmedia":[{"embeddable":true,"href":"https:\/\/fanfare-zebaliz.com\/index.php\/wp-json\/wp\/v2\/media\/1201"}],"wp:attachment":[{"href":"https:\/\/fanfare-zebaliz.com\/index.php\/wp-json\/wp\/v2\/media?parent=1199"}],"curies":[{"name":"wp","href":"https:\/\/api.w.org\/{rel}","templated":true}]}}